{"id":113,"date":"2024-04-12T17:02:16","date_gmt":"2024-04-12T15:02:16","guid":{"rendered":"http:\/\/treasurebali.com\/?page_id=113"},"modified":"2024-09-03T19:57:08","modified_gmt":"2024-09-03T17:57:08","slug":"about-us","status":"publish","type":"page","link":"https:\/\/treasurebali.com\/de\/uber-uns\/","title":{"rendered":"\u00dcber uns"},"content":{"rendered":"<div data-elementor-type=\"wp-page\" data-elementor-id=\"113\" class=\"elementor elementor-113\" data-elementor-post-type=\"page\">\n\t\t\t\t<div class=\"elementor-element elementor-element-38a580f7 e-flex e-con-boxed e-con e-parent\" data-id=\"38a580f7\" data-element_type=\"container\" data-settings=\"{&quot;background_background&quot;:&quot;classic&quot;}\">\n\t\t\t\t\t<div class=\"e-con-inner\">\n\t\t\t\t\t<\/div>\n\t\t\t\t<\/div>\n\t\t<div class=\"elementor-element elementor-element-6885ffad e-flex e-con-boxed e-con e-parent\" data-id=\"6885ffad\" data-element_type=\"container\" data-settings=\"{&quot;background_background&quot;:&quot;classic&quot;}\">\n\t\t\t\t\t<div class=\"e-con-inner\">\n\t\t\t\t<div class=\"elementor-element elementor-element-1f90cb0 elementor-widget elementor-widget-heading\" data-id=\"1f90cb0\" data-element_type=\"widget\" data-widget_type=\"heading.default\">\n\t\t\t\t<div class=\"elementor-widget-container\">\n\t\t\t<h1 class=\"elementor-heading-title elementor-size-default\">\u00dcber uns<\/h1>\t\t<\/div>\n\t\t\t\t<\/div>\n\t\t\t\t<div class=\"elementor-element elementor-element-6bbe83af elementor-widget elementor-widget-heading\" data-id=\"6bbe83af\" data-element_type=\"widget\" data-widget_type=\"heading.default\">\n\t\t\t\t<div class=\"elementor-widget-container\">\n\t\t\t<h2 class=\"elementor-heading-title elementor-size-default\">Gemeinsam f\u00fcr Bali: Vereint f\u00fcr eine nachhaltige Zukunft<\/h2>\t\t<\/div>\n\t\t\t\t<\/div>\n\t\t\t\t\t<\/div>\n\t\t\t\t<\/div>\n\t\t<div class=\"elementor-element elementor-element-21f082b4 e-flex e-con-boxed e-con e-parent\" data-id=\"21f082b4\" data-element_type=\"container\">\n\t\t\t\t\t<div class=\"e-con-inner\">\n\t\t\t\t<div class=\"elementor-element elementor-element-1d287daf elementor-widget elementor-widget-text-editor\" data-id=\"1d287daf\" data-element_type=\"widget\" data-widget_type=\"text-editor.default\">\n\t\t\t\t<div class=\"elementor-widget-container\">\n\t\t\t\t\t\t\t<p>Treasure Bali ist Ihr Tor zur bezaubernden Insel Bali und verk\u00f6rpert die Grunds\u00e4tze der Initiative \"Love Bali\", die von der balinesischen Provinzregierung geleitet wird. Unsere Mission ist harmonisch mit dem umfassenden Entwicklungsplan abgestimmt und konzentriert sich auf die Bewahrung der nat\u00fcrlichen Sch\u00f6nheit, der reichen Kultur und der lebendigen Traditionen Balis.<\/p><p><strong>Unser Engagement f\u00fcr die Bewahrung<\/strong><\/p><p>Wir erleichtern die Erhebung einer Abgabe von internationalen Touristen, eine strategische Ma\u00dfnahme zur Unterst\u00fctzung der Erhaltung der kulturellen und nat\u00fcrlichen Sch\u00e4tze Balis. Diese Mittel sind entscheidend f\u00fcr unsere laufenden Bem\u00fchungen, das Erbe der Insel zu pflegen und daf\u00fcr zu sorgen, dass Bali ein Schutzgebiet f\u00fcr seine intrinsischen Werte bleibt.<\/p><p><strong>Innovative Bem\u00fchungen und Qualit\u00e4tsverbesserung<\/strong><\/p><p>Treasure Bali steht an vorderster Front, wenn es darum geht, fortschrittliche Innovationen und Bem\u00fchungen zum Schutz der Umwelt, zur Erhaltung der Kultur und zur Wiederbelebung zu f\u00f6rdern und umzusetzen. Wir setzen uns f\u00fcr die Verbesserung der Qualit\u00e4t, der Sicherheit und des Komforts jedes Besuchers durch die Entwicklung einer integrierten Infrastruktur zu Lande, zu Wasser und in der Luft ein.<\/p><p><strong>Regulatorisches Grundger\u00fcst<\/strong><\/p><p>Unsere Aktivit\u00e4ten und die Tourismusabgabe sind in der lokalen Gesetzgebung verankert:<\/p><p>-Regionalverordnung der Provinz Bali Nr. 6 von 2023 \u00fcber die Abgabe f\u00fcr internationale Touristen zum Schutz der balinesischen Kultur und der nat\u00fcrlichen Umwelt.<\/p><p>-Verordnung des Gouverneurs von Bali Nr. 36 aus dem Jahr 2023 \u00fcber die Modalit\u00e4ten der Zahlung der Tourismusabgabe.<\/p><p><strong>Bali: Das Zentrum der Weltzivilisation<\/strong><\/p><p>Weltweit anerkannt als \"Das letzte Paradies\", \"Die Insel der G\u00f6tter\", \"Die Insel der tausend Tempel\", \"Der Morgen der Welt\", \"Die Paradiesinsel\" und \"Die Insel der Liebe\", ist Bali ein Zeugnis seiner globalen kulturellen Bedeutung und seines Erbes - ein wahres Zentrum der Weltzivilisation (Padma Bhuwana).<\/p><p><strong>Erleichtern Sie Ihre Ankunft<\/strong><\/p><p>Um einen nahtlosen \u00dcbergang in die Sch\u00f6nheit und Ruhe von Bali zu gew\u00e4hrleisten, empfiehlt Treasure Bali allen internationalen Touristen, ihre Abgabe vor der Ankunft online zu bezahlen. Dieser proaktive Schritt unterst\u00fctzt unsere kollektiven Bem\u00fchungen, Balis kulturelles und \u00f6kologisches Erbe zu sch\u00fctzen und macht jeden Besuch sinnvoll und verantwortungsvoll.<\/p>\t\t\t\t\t\t<\/div>\n\t\t\t\t<\/div>\n\t\t\t\t\t<\/div>\n\t\t\t\t<\/div>\n\t\t<div class=\"elementor-element elementor-element-5eb3e73c e-flex e-con-boxed e-con e-parent\" data-id=\"5eb3e73c\" data-element_type=\"container\">\n\t\t\t\t\t<div class=\"e-con-inner\">\n\t\t\t\t<div class=\"elementor-element elementor-element-57c6e94d elementor-widget elementor-widget-spacer\" data-id=\"57c6e94d\" data-element_type=\"widget\" data-widget_type=\"spacer.default\">\n\t\t\t\t<div class=\"elementor-widget-container\">\n\t\t\t\t\t<div class=\"elementor-spacer\">\n\t\t\t<div class=\"elementor-spacer-inner\"><\/div>\n\t\t<\/div>\n\t\t\t\t<\/div>\n\t\t\t\t<\/div>\n\t\t\t\t\t<\/div>\n\t\t\t\t<\/div>\n\t\t\t\t<\/div>","protected":false},"excerpt":{"rendered":"<p>Treasure Bali ist Ihr Tor zur bezaubernden Insel Bali und verk\u00f6rpert die Grunds\u00e4tze der Initiative \"Love Bali\", die von der Regierung der Provinz Bali geleitet wird.<\/p>","protected":false},"author":1,"featured_media":119,"parent":0,"menu_order":0,"comment_status":"closed","ping_status":"closed","template":"","meta":{"footnotes":""},"class_list":["post-113","page","type-page","status-publish","has-post-thumbnail","hentry"],"_links":{"self":[{"href":"https:\/\/treasurebali.com\/de\/wp-json\/wp\/v2\/pages\/113","targetHints":{"allow":["GET"]}}],"collection":[{"href":"https:\/\/treasurebali.com\/de\/wp-json\/wp\/v2\/pages"}],"about":[{"href":"https:\/\/treasurebali.com\/de\/wp-json\/wp\/v2\/types\/page"}],"author":[{"embeddable":true,"href":"https:\/\/treasurebali.com\/de\/wp-json\/wp\/v2\/users\/1"}],"replies":[{"embeddable":true,"href":"https:\/\/treasurebali.com\/de\/wp-json\/wp\/v2\/comments?post=113"}],"version-history":[{"count":13,"href":"https:\/\/treasurebali.com\/de\/wp-json\/wp\/v2\/pages\/113\/revisions"}],"predecessor-version":[{"id":2505,"href":"https:\/\/treasurebali.com\/de\/wp-json\/wp\/v2\/pages\/113\/revisions\/2505"}],"wp:featuredmedia":[{"embeddable":true,"href":"https:\/\/treasurebali.com\/de\/wp-json\/wp\/v2\/media\/119"}],"wp:attachment":[{"href":"https:\/\/treasurebali.com\/de\/wp-json\/wp\/v2\/media?parent=113"}],"curies":[{"name":"wp","href":"https:\/\/api.w.org\/{rel}","templated":true}]}}