{"id":159,"date":"2024-04-13T11:36:29","date_gmt":"2024-04-13T09:36:29","guid":{"rendered":"http:\/\/treasurebali.com\/?page_id=159"},"modified":"2024-08-23T13:02:10","modified_gmt":"2024-08-23T11:02:10","slug":"privacy-policy","status":"publish","type":"page","link":"https:\/\/treasurebali.com\/de\/datenschutzbestimmungen\/","title":{"rendered":"Datenschutzbestimmungen"},"content":{"rendered":"<div data-elementor-type=\"wp-page\" data-elementor-id=\"159\" class=\"elementor elementor-159\" data-elementor-post-type=\"page\">\n\t\t\t\t<div class=\"elementor-element elementor-element-0af53de e-flex e-con-boxed e-con e-parent\" data-id=\"0af53de\" data-element_type=\"container\">\n\t\t\t\t\t<div class=\"e-con-inner\">\n\t\t\t\t<div class=\"elementor-element elementor-element-8efb6d4 elementor-widget elementor-widget-text-editor\" data-id=\"8efb6d4\" data-element_type=\"widget\" data-widget_type=\"text-editor.default\">\n\t\t\t\t<div class=\"elementor-widget-container\">\n\t\t\t\t\t\t\t<h1>Datenschutzbestimmungen<\/h1><p>\u00a0<\/p><p><strong>Einf\u00fchrung<\/strong><\/p><p>Diese Datenschutzrichtlinie beschreibt unser Engagement f\u00fcr den Schutz Ihrer Daten. Sie beschreibt, wie die Nova Group Sp. z o.o. Ihre pers\u00f6nlichen Daten sammelt, speichert, verwendet und sch\u00fctzt, wenn Sie mit unserer Website interagieren, um Zahlungen f\u00fcr die Tourismusabgabe abzuwickeln. Das Verst\u00e4ndnis dieser Praktiken ist von entscheidender Bedeutung, daher bitten wir Sie, diese Richtlinie gr\u00fcndlich zu lesen.<\/p><p>\u00a0<\/p><p><b>Rechtsgrundlage f\u00fcr die Datenverarbeitung<\/b><\/p><p>Gem\u00e4\u00df Artikel 13 Absatz 1 der Verordnung (EU) 2016\/679 des Europ\u00e4ischen Parlaments und des Rates vom 27. April 2016 zum Schutz nat\u00fcrlicher Personen bei der Verarbeitung personenbezogener Daten, zum freien Datenverkehr und zur Aufhebung der Richtlinie 95\/46\/EG (Datenschutz-Grundverordnung), im Folgenden \"DSGVO\" genannt, informieren wir Sie dar\u00fcber, dass alle personenbezogenen Daten in \u00dcbereinstimmung mit den Bestimmungen dieser Verordnung verarbeitet werden. Die Methoden der Datenverarbeitung sind in dieser Datenschutzerkl\u00e4rung im Einzelnen beschrieben, <a href=\"https:\/\/treasurebali.com\/de\/cookie-richtlinie\/\">Cookie-Politik<\/a> und auf unserer <a href=\"https:\/\/treasurebali.com\/de\/allgemeine-datenschutzverordnung\/\">Seite zur allgemeinen Datenschutzverordnung<\/a>.<\/p><p>\u00a0<\/p><p><strong>Sammlung pers\u00f6nlicher Informationen<\/strong><\/p><p>Wir erheben personenbezogene Daten, die f\u00fcr die Bearbeitung Ihrer Zahlungen an Bali erforderlich sind, einschlie\u00dflich:<\/p><ul><li>Rechnungsname und vollst\u00e4ndiger Name, wie er im Reisepass des Reisenden steht.<\/li><li>Reisepassnummer und Datum der Ankunft auf Bali.<\/li><\/ul><p>Diese Daten werden direkt w\u00e4hrend des Zahlungsvorgangs erfasst und nicht f\u00fcr die Einrichtung eines Kontos oder f\u00fcr andere Zwecke verwendet, die nicht mit der Zahlung der Abgabe zusammenh\u00e4ngen.<\/p><p>\u00a0<\/p><p><strong>Datenkontrolleur<\/strong><\/p><p>Verantwortlich f\u00fcr die Verarbeitung Ihrer personenbezogenen Daten ist:<\/p><p>Nova Group Sp. z o.o.<\/p><p>\u017burawia 6\/12 lok. 745, 00-503 Warszawa, Polen<\/p><p>STEUER-ID: PL7011215529<\/p><p>REGON: 529224431<\/p><p>Wenn Sie Bedenken oder Fragen zu Ihren Daten haben, k\u00f6nnen Sie sich an uns wenden <a href=\"mailto:contact@treasurebali.com\">contact@treasurebali.com.<\/a><\/p><p>\u00a0<\/p><p><strong>Verwendung pers\u00f6nlicher Informationen<\/strong><\/p><p>Ihre pers\u00f6nlichen Daten sind entscheidend f\u00fcr die Bearbeitung Ihrer Abgabenzahlungen und die Einhaltung der \u00f6rtlichen Vorschriften. Hier erfahren Sie, wie wir sie verwenden:<\/p><ul><li>Effiziente Bearbeitung und Verwaltung Ihrer Zahlungen f\u00fcr Fremdenverkehrsabgaben.<\/li><li>Bereitstellung der erforderlichen Unterlagen und Erleichterung Ihrer Einreise nach Bali.<\/li><li>Zur Einhaltung gesetzlicher Vorschriften und zur Beantwortung beh\u00f6rdlicher Anfragen.<\/li><\/ul><p>\u00a0<\/p><p><strong>Cookies<\/strong><\/p><p>Wir verwenden Cookies, um Ihre Erfahrung auf unserer Website zu verbessern. Cookies helfen uns, Ihre Pr\u00e4ferenzen zu verstehen und unsere Dienste zu verbessern. Sie k\u00f6nnen Ihre Cookie-Pr\u00e4ferenzen \u00fcber Ihre Browser-Einstellungen verwalten. Weitere Einzelheiten finden Sie in unserer <a href=\"https:\/\/treasurebali.com\/de\/cookie-richtlinie\/\">Cookie-Richtlinie<\/a>.<\/p><p>\u00a0<\/p><p><strong>Ihre Rechte<\/strong><\/p><p>Als Nutzer haben Sie das Recht, Ihre personenbezogenen Daten einzusehen, zu korrigieren oder zu l\u00f6schen. Sie k\u00f6nnen auch der Verarbeitung Ihrer Daten widersprechen oder sie einschr\u00e4nken. Um diese Rechte auszu\u00fcben, kontaktieren Sie uns bitte unter <a href=\"mailto:contact@treasurebali.com\">contact@treasurebali.com<\/a>. Wenn Sie Bedenken haben, wie wir mit Ihren Daten umgehen, haben Sie das Recht, eine Beschwerde bei einer Aufsichtsbeh\u00f6rde einzureichen.<\/p><p>\u00a0<\/p><p><strong>Weitergabe und Offenlegung von Informationen<\/strong><\/p><p>Wir geben Ihre pers\u00f6nlichen Daten an die Provinzregierung von Bali weiter, um den Gutschein f\u00fcr die Touristenabgabe auszustellen. Diese Weitergabe ist f\u00fcr die Einhaltung der lokalen gesetzlichen Vorschriften erforderlich:<\/p><ul><li>Ihre Daten werden im Rahmen der Zahlung der Abgaben direkt an die staatlichen Beh\u00f6rden weitergegeben.<\/li><li>Wir verkaufen oder vermieten Ihre Daten nicht und geben sie auch nicht zu Marketingzwecken an Dritte weiter.<\/li><\/ul><p>\u00a0<\/p><p><strong>Aufbewahrung von Informationen<\/strong><\/p><p>Wir bewahren Ihre pers\u00f6nlichen Daten nur so lange auf, wie es f\u00fcr die Erf\u00fcllung der spezifischen Zwecke, f\u00fcr die sie erfasst wurden, erforderlich ist, oder wie es das Gesetz vorschreibt, je nachdem, welcher Zeitraum l\u00e4nger ist.<\/p><p>\u00a0<\/p><p><strong>Sicherheit<\/strong><\/p><p>Wir legen gro\u00dfen Wert auf die Sicherheit Ihrer pers\u00f6nlichen Daten, sind uns aber bewusst, dass kein internetbasiertes System 100% sicher ist. Wir setzen robuste Sicherheitsma\u00dfnahmen ein, um unbefugten Zugriff und Datenverletzungen zu verhindern.<\/p><p>\u00a0<\/p><p><strong>\u00c4nderungen an dieser Datenschutzrichtlinie<\/strong><\/p><p>Wir k\u00f6nnen diese Richtlinie von Zeit zu Zeit aktualisieren, um \u00c4nderungen unserer Praktiken oder der gesetzlichen Bestimmungen zu ber\u00fccksichtigen. Wesentliche \u00c4nderungen werden \u00fcber unsere Website oder direkt per E-Mail bekannt gegeben.<\/p><p>\u00a0<\/p><p><strong>Kenntnisnahme und Zustimmung<\/strong><\/p><p>Durch die Nutzung unserer Website und unserer Dienste erkl\u00e4ren Sie sich mit den in dieser Richtlinie beschriebenen Praktiken einverstanden. Wir wissen Ihr Vertrauen zu sch\u00e4tzen und behandeln Ihre Daten mit \u00e4u\u00dferster Sorgfalt und Respekt.<\/p><p>\u00a0<\/p><p><strong>Kontaktinformationen<\/strong><\/p><p>Wenn Sie Fragen oder Bedenken in Bezug auf den Datenschutz haben, wenden Sie sich bitte an uns, indem Sie die <a href=\"https:\/\/treasurebali.com\/de\/kontaktieren-sie-uns\/\">Kontaktm\u00f6glichkeiten auf unserer Website<\/a>.<\/p>\t\t\t\t\t\t<\/div>\n\t\t\t\t<\/div>\n\t\t\t\t\t<\/div>\n\t\t\t\t<\/div>\n\t\t\t\t<\/div>","protected":false},"excerpt":{"rendered":"<p>In dieser Datenschutzerkl\u00e4rung wird dargelegt, wie Treasure Bali im Rahmen unserer Verpflichtung zum Schutz Ihrer Privatsph\u00e4re Ihre pers\u00f6nlichen Daten im Zusammenhang mit unseren Webseitendiensten f\u00fcr die Zahlung von Fremdenverkehrsabgaben erhebt, speichert, verwendet, verarbeitet und sch\u00fctzt.<\/p>","protected":false},"author":1,"featured_media":0,"parent":0,"menu_order":0,"comment_status":"closed","ping_status":"closed","template":"","meta":{"footnotes":""},"class_list":["post-159","page","type-page","status-publish","hentry"],"_links":{"self":[{"href":"https:\/\/treasurebali.com\/de\/wp-json\/wp\/v2\/pages\/159","targetHints":{"allow":["GET"]}}],"collection":[{"href":"https:\/\/treasurebali.com\/de\/wp-json\/wp\/v2\/pages"}],"about":[{"href":"https:\/\/treasurebali.com\/de\/wp-json\/wp\/v2\/types\/page"}],"author":[{"embeddable":true,"href":"https:\/\/treasurebali.com\/de\/wp-json\/wp\/v2\/users\/1"}],"replies":[{"embeddable":true,"href":"https:\/\/treasurebali.com\/de\/wp-json\/wp\/v2\/comments?post=159"}],"version-history":[{"count":13,"href":"https:\/\/treasurebali.com\/de\/wp-json\/wp\/v2\/pages\/159\/revisions"}],"predecessor-version":[{"id":2481,"href":"https:\/\/treasurebali.com\/de\/wp-json\/wp\/v2\/pages\/159\/revisions\/2481"}],"wp:attachment":[{"href":"https:\/\/treasurebali.com\/de\/wp-json\/wp\/v2\/media?parent=159"}],"curies":[{"name":"wp","href":"https:\/\/api.w.org\/{rel}","templated":true}]}}