{"id":167,"date":"2024-04-13T12:03:50","date_gmt":"2024-04-13T10:03:50","guid":{"rendered":"http:\/\/treasurebali.com\/?page_id=167"},"modified":"2024-08-23T03:33:22","modified_gmt":"2024-08-23T01:33:22","slug":"terms-conditions","status":"publish","type":"page","link":"https:\/\/treasurebali.com\/de\/bedingungen\/","title":{"rendered":"Bedingungen und Konditionen"},"content":{"rendered":"<div data-elementor-type=\"wp-page\" data-elementor-id=\"167\" class=\"elementor elementor-167\" data-elementor-post-type=\"page\">\n\t\t\t\t<div class=\"elementor-element elementor-element-20a34135 e-flex e-con-boxed e-con e-parent\" data-id=\"20a34135\" data-element_type=\"container\">\n\t\t\t\t\t<div class=\"e-con-inner\">\n\t\t\t\t<div class=\"elementor-element elementor-element-681b56de elementor-widget elementor-widget-text-editor\" data-id=\"681b56de\" data-element_type=\"widget\" data-widget_type=\"text-editor.default\">\n\t\t\t\t<div class=\"elementor-widget-container\">\n\t\t\t\t\t\t\t<h1>Bedingungen und Konditionen<\/h1><h2>\u00a0<\/h2><h2>Einf\u00fchrung<\/h2><p>Diese Allgemeinen Gesch\u00e4ftsbedingungen bilden eine Vereinbarung zwischen Ihnen, dem Nutzer als ausl\u00e4ndischem Touristen (\"Nutzer\"), und Treasure Bali (\"uns\"). Diese Vereinbarung, einschlie\u00dflich unserer Datenschutzrichtlinie, umrei\u00dft Ihre Rechte und Pflichten, erl\u00e4utert unsere Datenpraktiken und beschreibt die von uns angebotenen Dienstleistungen. Wir empfehlen Ihnen, diese Bedingungen sorgf\u00e4ltig zu lesen, um sicherzustellen, dass Sie Ihre Rechte und unsere Pflichten vollst\u00e4ndig verstehen.<\/p><p>Unsere Plattform wurde entwickelt, um Ihnen die Einhaltung der Tourismusbestimmungen der Provinzregierung von Bali zu erleichtern und Ihnen einen reibungslosen Start Ihres Besuchs zu erm\u00f6glichen. Durch den Zugriff auf und die Nutzung unserer Website best\u00e4tigen Sie, dass Sie diese Bedingungen gelesen und verstanden haben und ihnen zustimmen. Wenn Sie nicht einverstanden sind, sehen Sie bitte von der Nutzung unserer Dienste ab. Wenn Sie Fragen haben, k\u00f6nnen Sie uns gerne \u00fcber die auf unserer Website angegebenen Methoden kontaktieren.<\/p><p>Als unabh\u00e4ngiger Dienstleister f\u00fcr die Zahlung von Touristenabgaben hat sich Treasure Bali auf die effiziente Bearbeitung und Zahlung von Touristenabgaben spezialisiert, die f\u00fcr alle ausl\u00e4ndischen Touristen auf Bali erforderlich sind. Unser Ziel ist es, diese notwendigen Verfahren schnell und pr\u00e4zise abzuwickeln, damit Sie sich auf Ihr Reiseerlebnis konzentrieren k\u00f6nnen.<\/p><h2>\u00a0<\/h2><h2>Nutzung der Website<\/h2><p>Durch die Nutzung der Treasure Bali-Website f\u00fcr die Zahlung der Touristenabgabe erkl\u00e4ren Sie sich mit diesen Allgemeinen Gesch\u00e4ftsbedingungen und unserer Datenschutzrichtlinie einverstanden. Bitte lesen Sie diese Dokumente sorgf\u00e4ltig durch, bevor Sie eine Zahlung vornehmen.<\/p><h2>\u00a0<\/h2><h2>Rechtliche Grundlagen<\/h2><p>Die Regierung der Provinz Bali hat eine Abgabe f\u00fcr ausl\u00e4ndische Touristen eingef\u00fchrt, um die Bewahrung der reichen Br\u00e4uche, Traditionen, K\u00fcnste und der lokalen Weisheit auf Bali zu unterst\u00fctzen. Diese Abgabe gilt ab dem 14. Februar 2024 und wird durch den folgenden Rechtsrahmen vorgeschrieben:<\/p><ul><li><strong>Gesetz Nr. 15 von 2023<\/strong>: Betrifft die Provinz Bali, die die Befugnis erh\u00e4lt, Abgaben auf ausl\u00e4ndische Touristen zu erheben.<\/li><li><strong>Regionale Verordnung Nr. 6 von 2023 der Provinz Bali<\/strong>: Betreffend die Abgabe f\u00fcr ausl\u00e4ndische Touristen zum Schutz der balinesischen Kultur und der nat\u00fcrlichen Umwelt. In dieser Verordnung werden der Zweck der Abgabe und die spezifischen Bereiche, f\u00fcr die die Mittel verwendet werden, im Einzelnen aufgef\u00fchrt.<\/li><li><strong>Verordnung Nr. 2 des Gouverneurs von Bali aus dem Jahr 2024<\/strong>: Festlegung der Verfahren f\u00fcr die Zahlung der Fremdenverkehrsabgabe. Diese Verordnung legt fest, wie die Abgabe zu erheben ist, welche Zahlungsarten zul\u00e4ssig sind und welche Verantwortung Zahlungsdienstleister wie Treasure Bali haben.<\/li><\/ul><p>Als Dienstleister f\u00fcr die Zahlung von Touristenabgaben verpflichten wir uns, daf\u00fcr zu sorgen, dass alle Transaktionen mit diesen Vorschriften \u00fcbereinstimmen, um ausl\u00e4ndischen Touristen einen reibungslosen und rechtskonformen Zahlungsvorgang zu erm\u00f6glichen. Es wird dringend empfohlen, die Zahlung vor der Abreise nach Bali vorzunehmen, um die Einhaltung der lokalen gesetzlichen Vorschriften zu gew\u00e4hrleisten und zur Nachhaltigkeit des kulturellen und nat\u00fcrlichen Erbes von Bali beizutragen.<\/p><h2>\u00a0<\/h2><h2>Zahlungsinformationen<\/h2><p>Um eine Zahlung auf unserer Website zu t\u00e4tigen, m\u00fcssen Sie direkt an der Kasse Ihren vollst\u00e4ndigen Namen, Ihre Reisepassnummer und das Datum Ihrer Ankunft auf Bali angeben. Diese Informationen werden ausschlie\u00dflich zur Bearbeitung Ihrer Zahlung und zur Einhaltung der gesetzlichen Vorschriften verwendet.<\/p><h2>\u00a0<\/h2><h2>Zahlungsverfahren<\/h2><ul><li>Die Zahlungen m\u00fcssen mit Kredit- oder Debitkarten erfolgen. Wir akzeptieren Visa, Visa Electron, Mastercard, MasterCard Electronic, Maestro.<\/li><li>Zahlungen k\u00f6nnen in allen wichtigen W\u00e4hrungen vorgenommen werden, darunter EUR, USD, IDR und andere. Die W\u00e4hrung wird automatisch auf der Grundlage Ihres Standorts ausgew\u00e4hlt, um die Transaktion zu vereinfachen.<\/li><li>Alle Zahlungen werden sicher und in \u00dcbereinstimmung mit internationalen Zahlungsstandards abgewickelt.<\/li><\/ul><h2>\u00a0<\/h2><h2>Zahlungssicherheit<\/h2><p>Der Online-Zahlungsdienstleister f\u00fcr Kartenzahlungen ist Autopay S.A.<\/p><p>Wir sind bestrebt, f\u00fcr alle \u00fcber unsere Website abgewickelten Transaktionen ein H\u00f6chstma\u00df an Sicherheit zu gew\u00e4hrleisten. Als Teil dieser Verpflichtung nutzen wir einen der f\u00fchrenden Zahlungsabwickler in der Branche, um alle Zahlungsaktivit\u00e4ten abzuwickeln. Unser Prozessor h\u00e4lt sich an die strengsten Zertifizierungsniveaus, die es in der Zahlungsindustrie gibt.<\/p><p>Unser Auftragsverarbeiter ist nach PCI Service Provider Level 1 zertifiziert, der h\u00f6chsten Zertifizierungsstufe, die der Payment Card Industry Data Security Standard (PCI DSS) bietet. Dieser Standard schreibt eine umfassende Reihe von Sicherheitskontrollen vor, die unser Verarbeiter einsetzt, um den Schutz Ihrer Zahlungsdaten zu gew\u00e4hrleisten. Zu diesen Kontrollen geh\u00f6ren die Verschl\u00fcsselung von Daten w\u00e4hrend der \u00dcbertragung und Speicherung, sichere Netzwerkkonfigurationen und strenge Zugangskontrollen f\u00fcr sensible Daten.<\/p><p>Ihre Zahlungsdaten werden niemals auf unseren Servern gespeichert. Stattdessen werden sie direkt von unserem Zahlungsabwickler verarbeitet und gesichert, der modernste Sicherheitsma\u00dfnahmen einsetzt, um Ihre Daten vor unbefugtem Zugriff und Betrug zu sch\u00fctzen. Dar\u00fcber hinaus wird die gesamte Transaktionsverarbeitung \u00fcber sichere HTTPS-Verbindungen unter Verwendung moderner TLS-Protokolle durchgef\u00fchrt, um sicherzustellen, dass Ihre Daten bei der \u00dcbermittlung an unseren Zahlungsabwickler sicher verschl\u00fcsselt werden.<\/p><h2>\u00a0<\/h2><h2>Zahlung der Abgaben<\/h2><p>Die Zahlung der Touristenabgabe ist f\u00fcr alle ausl\u00e4ndischen Touristen, die Bali besuchen, obligatorisch. Sie wurde eingef\u00fchrt, um die Erhaltung und Verbesserung der kulturellen und \u00f6kologischen Werte der Region zu unterst\u00fctzen. Es wird dringend empfohlen, diese Zahlung vor Ihrer Ankunft zu leisten, um eine reibungslose Einreise nach Bali zu gew\u00e4hrleisten. Zahlungen, die \u00fcber unsere Website get\u00e4tigt werden, sind sicher, endg\u00fcltig und nicht erstattungsf\u00e4hig.<\/p><p>Nach erfolgreichem Abschluss Ihrer Zahlung erhalten Sie sofort eine Transaktionsbest\u00e4tigung auf unserer Website. Innerhalb von 24 Stunden nach Ihrer Zahlung wird Ihnen eine zweite E-Mail mit einem QR-Code zugesandt. Dieser QR-Code dient als Nachweis f\u00fcr die Zahlung der Abgaben und wird bei der Ankunft ben\u00f6tigt. Zeigen Sie dem Zollbeamten am internationalen Flughafen von Bali einfach den QR-Code auf Ihrem mobilen Ger\u00e4t. Sie brauchen den QR-Code nicht auszudrucken, k\u00f6nnen dies aber tun, wenn Sie lieber eine physische Kopie haben m\u00f6chten.<\/p><p>Bitte beachten Sie, dass Sie die Abgabenbelege direkt von der Provinzregierung von Bali per E-Mail an die folgende Adresse erhalten: lovebali@noreply.baliprov.go.id. \u00dcberpr\u00fcfen Sie bitte Ihren Spam-\/Junk-Ordner, falls die E-Mail von Ihrem E-Mail-Anbieter gefiltert wurde.<\/p><p>Der Gesamtpreis, der w\u00e4hrend des Bestellvorgangs angezeigt wird, ist auch in der Best\u00e4tigungs-E-Mail enthalten, die Sie unmittelbar nach Abschluss des Kaufs erhalten. Bitte beachten Sie jedoch, dass der auf dem Abgabengutschein selbst angegebene Preis davon abweicht. Der Preis des Abgabengutscheins enth\u00e4lt nur die Kosten f\u00fcr die Abgabe der Provinzregierung und deren Servicegeb\u00fchr. Dieser Betrag ber\u00fccksichtigt nicht die Servicegeb\u00fchren unserer Plattform, die wesentliche Betriebskosten wie W\u00e4hrungsumrechnung, Transaktionsverarbeitung, Wartung unserer Mehrw\u00e4hrungsplattform und Bereitstellung eines mehrsprachigen Kundensupports abdecken.<\/p><p>Es ist wichtig, dass alle w\u00e4hrend des Zahlungsvorgangs gemachten Angaben korrekt und vollst\u00e4ndig sind, da diese f\u00fcr die Erstellung Ihrer Einreiseunterlagen verwendet werden. Bitte vergewissern Sie sich, dass Ihr vollst\u00e4ndiger Name, Ihre Reisepassnummer und Ihr Ankunftsdatum korrekt angegeben sind. Wenn Sie w\u00e4hrend des Zahlungsvorgangs Probleme haben oder Ihre Best\u00e4tigungs-E-Mails nicht wie beschrieben erhalten haben, wenden Sie sich bitte an unseren Kundendienst, um Hilfe zu erhalten.<\/p><p>Wir bitten Sie, die Bali-Touristenabgabe f\u00fcr denselben Namen und dasselbe Anreisedatum nicht auf einer anderen Website zu kaufen, nachdem Sie sie \u00fcber unsere Plattform erworben haben. Andernfalls sind wir nicht in der Lage, Ihren Antrag auf Touristenabgabe effektiv zu bearbeiten, da das Regierungssystem doppelte Antr\u00e4ge blockiert.<\/p><p>Bitte beachten Sie, dass Ihre Touristenabgabe nicht mehr \u00fcber unsere Plattform abgewickelt werden kann, wenn Sie sie erneut auf einer anderen Website kaufen, und dass Sie keinen Anspruch auf eine R\u00fcckerstattung haben. Alle \u00fcber unsere Plattform get\u00e4tigten Transaktionen sind endg\u00fcltig.<\/p><h2>\u00a0<\/h2><h2>R\u00fccktrittsrecht<\/h2><p>Aufgrund der Art unserer Dienstleistung, die die sofortige Bereitstellung digitaler Inhalte beinhaltet (Erleichterung der Bali-Touristenabgabe), gilt das Widerrufsrecht nicht, sobald die Dienstleistung begonnen hat. Mit dem Kauf unserer Dienstleistung stimmen Sie dem sofortigen Beginn der Dienstleistung zu und erkennen an, dass Sie auf jegliches Recht verzichten, vom Vertrag zur\u00fcckzutreten oder eine Erstattung zu verlangen, sobald der Dienstleistungsprozess begonnen hat.<\/p><p>Alle \u00fcber unsere Plattform get\u00e4tigten Transaktionen sind endg\u00fcltig und nicht erstattungsf\u00e4hig. Dies schlie\u00dft Situationen ein, in denen:<\/p><ul><li>Sie vers\u00e4umen es, die erforderlichen Informationen (z. B. Passnummer) anzugeben, die wir f\u00fcr die Erbringung der Dienstleistung ben\u00f6tigen.<\/li><li>Das eingegebene Ankunftsdatum liegt mehr als 60 Tage in der Zukunft - in diesen F\u00e4llen werden die Abgabenbelege 40-50 Tage vor dem geplanten Ankunftsdatum ausgestellt.<\/li><li>Sie haben die Bali-Touristenabgabe bereits \u00fcber eine andere Plattform erworben, was zu doppelten Antr\u00e4gen f\u00fchrt, die nicht bearbeitet werden k\u00f6nnen.<\/li><\/ul><p>Mit dem Abschluss Ihres Kaufs erkl\u00e4ren Sie sich ausdr\u00fccklich mit den hier dargelegten Bedingungen einverstanden und verstehen, dass die Dienstleistung sofort erbracht wird und nicht mehr storniert oder r\u00fcckerstattet werden kann, sobald der Dienstleistungsprozess begonnen hat.<\/p><p>\u00a0<\/p><h2>Ankunftsdatum Einhaltung der Vorschriften<\/h2><p>Liegt das vom Kunden angegebene Ankunftsdatum mehr als 14 Tage in der Vergangenheit, erh\u00e4lt der Kunde einen Gutschein f\u00fcr die Touristenabgabe mit einem Ankunftsdatum, das 14 Tage in der Vergangenheit liegt, da dies das vom System der Provinzregierung von Bali maximal zul\u00e4ssige Datum in der Vergangenheit ist. Liegt das angegebene Ankunftsdatum mehr als 60 Tage in der Zukunft, erh\u00e4lt der Kunde seinen Gutschein f\u00fcr die Touristenabgabe innerhalb von 40-50 Tagen vor seinem Ankunftsdatum, um sicherzustellen, dass das von der balinesischen Regierung erlaubte H\u00f6chstdatum in der Zukunft eingehalten wird. Wenn ein Kunde ein Ankunftsdatum angibt, das mehr als ein Jahr in der Vergangenheit liegt, wird seine Touristenabgabe mit dem aktuellen Datum ausgestellt.<\/p><h2>\u00a0<\/h2><h2>Erforderliche Informationen Einhaltung<\/h2><p>Wenn der Kunde seine Reisepassnummer nicht angibt, die f\u00fcr die Provinzregierung von Bali f\u00fcr die Ausstellung der Touristenabgabe zwingend erforderlich ist, werden wir den Kunden per E-Mail kontaktieren, um die fehlenden Informationen anzufordern. Wenn der Kunde nicht innerhalb von 48 Stunden mit der erforderlichen Passnummer antwortet, wird der Gutschein f\u00fcr die Abgabe nicht ausgestellt. Da alle Transaktionen endg\u00fcltig und nicht erstattungsf\u00e4hig sind, wird in solchen F\u00e4llen keine R\u00fcckerstattung gew\u00e4hrt.<\/p><h2>\u00a0<\/h2><h2>Inhalt und Haftung<\/h2><p>Wir sind bestrebt, auf unserer Website genaue und aktuelle Informationen bereitzustellen, um Sie effektiv zu unterst\u00fctzen. Dazu geh\u00f6ren Einzelheiten \u00fcber unsere Dienstleistungen, Zahlungsverfahren und alle notwendigen Informationen \u00fcber die gesetzlichen Bestimmungen, die f\u00fcr Ihren Besuch auf Bali relevant sind. Trotz unserer Bem\u00fchungen, die Zuverl\u00e4ssigkeit der dargestellten Informationen zu gew\u00e4hrleisten, k\u00f6nnen \u00c4nderungen der Wechselkurse, Aktualisierungen der Vorschriften oder Tippfehler auftreten, die zu unbeabsichtigten Ungenauigkeiten f\u00fchren.<\/p><p>Bitte beachten Sie, dass wir f\u00fcr Ungenauigkeiten, die sich aus solchen \u00c4nderungen oder Fehlern ergeben k\u00f6nnen, nicht verantwortlich sind. Wir ermutigen die Nutzer, kritische Informationen zu \u00fcberpr\u00fcfen, insbesondere in Bezug auf Zahlungs- und rechtliche Anforderungen, wenn Unstimmigkeiten festgestellt werden. Es ist auch wichtig, die neuesten Informationen kurz vor Ihrem Reisedatum zu \u00fcberpr\u00fcfen, da sich Wechselkurse und \u00f6rtliche Vorschriften \u00e4ndern k\u00f6nnen.<\/p><p>Dar\u00fcber hinaus haften wir nicht f\u00fcr Verluste oder Sch\u00e4den, die sich aus Fehlern bei der Zahlungsmethode oder Ungenauigkeiten bei den vom Nutzer w\u00e4hrend des Zahlungsvorgangs gemachten Angaben ergeben. Es liegt in der Verantwortung jedes Nutzers, sicherzustellen, dass alle pers\u00f6nlichen Daten, wie z. B. der vollst\u00e4ndige rechtm\u00e4\u00dfige Name, die Reisepassnummer und das Ankunftsdatum, korrekt eingegeben werden. Im Falle eines Fehlers in den angegebenen Informationen k\u00f6nnen wir nicht garantieren, dass solche Fehler ohne Verz\u00f6gerungen oder Komplikationen berichtigt werden k\u00f6nnen. Sollten Sie Probleme mit Ihrer Zahlung haben, wenden Sie sich bitte umgehend an unseren Kundendienst. Wir bem\u00fchen uns, Sie bei der L\u00f6sung solcher Probleme umgehend zu unterst\u00fctzen, aber es ist unbedingt erforderlich, dass Sie zu Beginn genaue und vollst\u00e4ndige Angaben machen, um Komplikationen zu vermeiden.<\/p><h2>\u00a0<\/h2><h2>Unterbrechungen und h\u00f6here Gewalt<\/h2><p>Unsere Dienste sind so konzipiert, dass sie reibungslos funktionieren, aber sie k\u00f6nnen durch Ereignisse beeintr\u00e4chtigt werden, auf die wir keinen Einfluss haben und die gemeinhin als h\u00f6here Gewalt bezeichnet werden. Zu diesen Ereignissen geh\u00f6ren unter anderem Naturkatastrophen wie Erdbeben, Wirbelst\u00fcrme oder \u00dcberschwemmungen, erhebliche Notf\u00e4lle im Bereich der \u00f6ffentlichen Gesundheit wie Pandemien, Kriegshandlungen oder Terrorismus sowie wichtige staatliche Ma\u00dfnahmen wie neue Gesetze oder regulatorische \u00c4nderungen, die sich auf unseren Betrieb auswirken.<\/p><p>Beim Auftreten solcher Ereignisse h\u00f6herer Gewalt bem\u00fchen wir uns, die Kontinuit\u00e4t der Dienste so weit wie m\u00f6glich aufrechtzuerhalten, aber es kann zu Unterbrechungen kommen. W\u00e4hrend dieser Zeiten haften wir nicht f\u00fcr Verz\u00f6gerungen, Ausf\u00e4lle oder Unterbrechungen bei der Erbringung unserer Dienstleistungen. Dies gilt auch f\u00fcr Verz\u00f6gerungen bei der Bearbeitung von Zahlungen oder der \u00dcbermittlung notwendiger Unterlagen wie QR-Codes f\u00fcr Reisen.<\/p><p>Wir sind uns der Unannehmlichkeiten bewusst, die dadurch entstehen k\u00f6nnen, und bem\u00fchen uns, Sie rechtzeitig \u00fcber etwaige Unterbrechungen zu informieren. Unser Team arbeitet unerm\u00fcdlich daran, den normalen Betrieb so schnell und sicher wie m\u00f6glich wieder aufzunehmen, sobald sich die Bedingungen stabilisiert haben. Wir bieten den betroffenen Nutzern auch Anleitung und Unterst\u00fctzung, um ihnen bei der Bew\u00e4ltigung der mit den St\u00f6rungen verbundenen Herausforderungen zu helfen. Wir danken Ihnen f\u00fcr Ihre Geduld und Ihr Verst\u00e4ndnis w\u00e4hrend solcher Ereignisse.<\/p><h2>\u00a0<\/h2><h2>Rechtliche Vereinbarung<\/h2><p>Mit dem Abschluss einer Zahlung \u00fcber die Website Treasure Bali, betrieben von\u00a0<span style=\"text-align: var(--text-align); font-size: 1rem;\">NOVA Group Sp. z o.o.<\/span><span style=\"text-align: var(--text-align); font-size: 1rem;\">erkennen Sie diese Allgemeinen Gesch\u00e4ftsbedingungen an und stimmen ihnen zu, wodurch Sie eine rechtsverbindliche Vereinbarung mit uns eingehen. Diese Vereinbarung best\u00e4tigt Ihr Verst\u00e4ndnis und Ihre Akzeptanz aller unserer Betriebs-, Zahlungs- und Servicebedingungen, wie sie in unseren Bedingungen beschrieben sind. Sie umfasst alle Interaktionen und Transaktionen, die Sie auf unserer Website vornehmen k\u00f6nnen, sowie die sich daraus ergebenden Verpflichtungen und Rechte.<\/span><\/p><p>Diese Vereinbarung wird als g\u00fcltig und durchsetzbar in einem digitalen Format anerkannt, was bedeutet, dass Sie sich damit einverstanden erkl\u00e4ren, ihre G\u00fcltigkeit, Durchsetzbarkeit oder Zul\u00e4ssigkeit in Gerichtsverfahren nicht aufgrund ihrer elektronischen Natur anzufechten. Digitale Vereinbarungen wie diese sind gem\u00e4\u00df der geltenden Gesetzgebung f\u00fcr elektronische Transaktionen rechtsg\u00fcltig und haben damit die gleiche rechtliche Wirkung wie ihre Gegenst\u00fccke in Papierform. Sie erkennen ferner an, dass f\u00fcr elektronische Unterschriften oder Best\u00e4tigungen, sofern zutreffend, dieselben rechtlichen Standards und dieselbe Durchsetzbarkeit gelten wie f\u00fcr mit Tinte unterzeichnete Dokumente.<\/p><p>Wir empfehlen Ihnen, alle Bedingungen sorgf\u00e4ltig zu lesen, bevor Sie eine Zahlung leisten, da Sie damit Ihr Einverst\u00e4ndnis erkl\u00e4ren, an diese Bedingungen rechtlich gebunden zu sein. Sollten Sie mit irgendeinem Teil der vorliegenden Bedingungen nicht einverstanden sein, haben Sie das Recht, von einer Transaktion Abstand zu nehmen. Indem Sie fortfahren, verzichten Sie auf jegliches Recht, die in dieser Vereinbarung dargelegten verfahrens- und materiellrechtlichen Bestimmungen anzufechten.<\/p><h2>\u00a0<\/h2><h2>\u00c4nderungen<\/h2><p>Wir behalten uns vor, diese Allgemeinen Gesch\u00e4ftsbedingungen von Zeit zu Zeit zu aktualisieren, um sie an \u00c4nderungen unserer Dienstleistungen oder rechtlicher Anforderungen anzupassen. Durch die weitere Nutzung unserer Website nach solchen \u00c4nderungen erkl\u00e4ren Sie sich mit den aktualisierten Bedingungen einverstanden.<\/p><h2>\u00a0<\/h2><h2>Informationen zum Unternehmen<\/h2><p>Treasure Bali wird von der NOVA Group Sp. z o.o. betrieben. Nachstehend finden Sie unsere Unternehmensdaten zu Ihrer Information:<\/p><p>NOVA Group Sp. z o.o.<\/p><p>Anschrift: \u017burawia 6\/12 lok. 745, 00-503 Warszawa, Polen<\/p><p>STEUER-ID: PL7011215529<\/p><p>REGON: 529224431<\/p><h2>\u00a0<\/h2><h2>Kontakt<\/h2><p>Wenn Sie Fragen oder Bedenken zu diesen Allgemeinen Gesch\u00e4ftsbedingungen oder unseren Dienstleistungen haben, wenden Sie sich bitte an <a href=\"https:\/\/treasurebali.com\/de\/kontaktieren-sie-uns\/\">Kontaktieren Sie uns<\/a> \u00fcber die auf unserer Website angegebenen Methoden.<\/p><p>Diese Allgemeinen Gesch\u00e4ftsbedingungen sollen f\u00fcr Klarheit und gegenseitiges Verst\u00e4ndnis zwischen Treasure Bali und unseren Nutzern sorgen, um eine reibungslose Transaktion und die Einhaltung der Anforderungen der Tourismusabgabe auf Bali zu erm\u00f6glichen.<\/p>\t\t\t\t\t\t<\/div>\n\t\t\t\t<\/div>\n\t\t\t\t\t<\/div>\n\t\t\t\t<\/div>\n\t\t\t\t<\/div>","protected":false},"excerpt":{"rendered":"<p>These General Terms and Conditions form an agreement between you, the user as a foreign tourist (&#8220;User&#8221;), and Treasure Bali (&#8220;Us&#8221;), an independent tourist levy payment service provider.<\/p>","protected":false},"author":1,"featured_media":0,"parent":0,"menu_order":0,"comment_status":"closed","ping_status":"closed","template":"","meta":{"footnotes":""},"class_list":["post-167","page","type-page","status-publish","hentry"],"_links":{"self":[{"href":"https:\/\/treasurebali.com\/de\/wp-json\/wp\/v2\/pages\/167","targetHints":{"allow":["GET"]}}],"collection":[{"href":"https:\/\/treasurebali.com\/de\/wp-json\/wp\/v2\/pages"}],"about":[{"href":"https:\/\/treasurebali.com\/de\/wp-json\/wp\/v2\/types\/page"}],"author":[{"embeddable":true,"href":"https:\/\/treasurebali.com\/de\/wp-json\/wp\/v2\/users\/1"}],"replies":[{"embeddable":true,"href":"https:\/\/treasurebali.com\/de\/wp-json\/wp\/v2\/comments?post=167"}],"version-history":[{"count":64,"href":"https:\/\/treasurebali.com\/de\/wp-json\/wp\/v2\/pages\/167\/revisions"}],"predecessor-version":[{"id":2467,"href":"https:\/\/treasurebali.com\/de\/wp-json\/wp\/v2\/pages\/167\/revisions\/2467"}],"wp:attachment":[{"href":"https:\/\/treasurebali.com\/de\/wp-json\/wp\/v2\/media?parent=167"}],"curies":[{"name":"wp","href":"https:\/\/api.w.org\/{rel}","templated":true}]}}