{"id":2389,"date":"2024-08-05T17:19:27","date_gmt":"2024-08-05T15:19:27","guid":{"rendered":"https:\/\/treasurebali.com\/?page_id=2389"},"modified":"2024-08-05T17:25:22","modified_gmt":"2024-08-05T15:25:22","slug":"cookie-policy","status":"publish","type":"page","link":"https:\/\/treasurebali.com\/de\/cookie-richtlinie\/","title":{"rendered":"Cookie-Richtlinie"},"content":{"rendered":"<div data-elementor-type=\"wp-page\" data-elementor-id=\"2389\" class=\"elementor elementor-2389\" data-elementor-post-type=\"page\">\n\t\t\t\t<div class=\"elementor-element elementor-element-3c0549ae e-flex e-con-boxed e-con e-parent\" data-id=\"3c0549ae\" data-element_type=\"container\">\n\t\t\t\t\t<div class=\"e-con-inner\">\n\t\t\t\t<div class=\"elementor-element elementor-element-24b1dc5 elementor-widget elementor-widget-text-editor\" data-id=\"24b1dc5\" data-element_type=\"widget\" data-widget_type=\"text-editor.default\">\n\t\t\t\t<div class=\"elementor-widget-container\">\n\t\t\t\t\t\t\t<h1>Cookie-Richtlinie<\/h1><p>\u00a0<\/p><p><strong>1<\/strong><strong>. Einf\u00fchrung<\/strong><\/p><p>Willkommen bei Treasure Bali, betrieben von Nova Group Sp. z o.o.<\/p><p>Diese Cookie-Richtlinie erkl\u00e4rt, wie wir Cookies und \u00e4hnliche Technologien auf unserer Website verwenden. Durch die Nutzung unserer Website erkl\u00e4ren Sie sich mit der Verwendung von Cookies, wie in dieser Richtlinie beschrieben, einverstanden.<\/p><p>\u00a0<\/p><p><strong>2. Was sind Cookies?<\/strong><\/p><p>Cookies sind kleine Textdateien, die auf Ihrem Ger\u00e4t gespeichert werden, wenn Sie eine Website besuchen. Sie werden in der Regel verwendet, um Websites funktionsf\u00e4hig zu machen oder effizienter zu gestalten und um den Betreibern der Website Informationen zur Verf\u00fcgung zu stellen. Cookies k\u00f6nnen Benutzereinstellungen und andere Informationen speichern.<\/p><p>\u00a0<\/p><p><strong>3. Arten von Cookies, die wir verwenden<\/strong><\/p><p>Wir verwenden die folgenden Arten von Cookies:<\/p><ul><li><p><strong>Unverzichtbare Cookies<\/strong>: Diese Cookies sind notwendig, damit die Website ordnungsgem\u00e4\u00df funktioniert. Sie erm\u00f6glichen grundlegende Funktionen wie die Seitennavigation und den Zugang zu sicheren Bereichen der Website. Ohne diese Cookies kann die Website nicht richtig funktionieren.<\/p><\/li><li><p><strong>Leistung Cookies<\/strong>: Diese Cookies sammeln Informationen dar\u00fcber, wie Sie unsere Website nutzen, z. B. welche Seiten Sie am h\u00e4ufigsten besuchen und ob Sie Fehlermeldungen von Webseiten erhalten. Diese Cookies sammeln keine Informationen, die Sie identifizieren. Alle von diesen Cookies gesammelten Informationen sind aggregiert und daher anonym. Sie werden nur verwendet, um die Funktionsweise unserer Website zu verbessern.<\/p><\/li><li><p><strong>Funktionale Cookies<\/strong>: Diese Cookies erm\u00f6glichen es unserer Website, sich an die von Ihnen getroffenen Entscheidungen zu erinnern (z. B. an Ihren Benutzernamen, Ihre Sprache oder die Region, in der Sie sich befinden) und verbesserte, pers\u00f6nlichere Funktionen anzubieten. Diese Cookies k\u00f6nnen auch verwendet werden, um sich an \u00c4nderungen zu erinnern, die Sie an der Textgr\u00f6\u00dfe, den Schriftarten und anderen Teilen der Webseiten, die Sie anpassen k\u00f6nnen, vorgenommen haben. Sie k\u00f6nnen auch verwendet werden, um Dienste bereitzustellen, die Sie angefordert haben, wie z. B. das Ansehen eines Videos oder das Kommentieren eines Blogs. Die Informationen, die diese Cookies sammeln, k\u00f6nnen anonymisiert werden und sie k\u00f6nnen Ihre Surfaktivit\u00e4ten auf anderen Websites nicht nachverfolgen.<\/p><\/li><li><strong>Targeting\/Werbung Cookies:<\/strong> Diese Cookies verfolgen Ihre Browsing-Aktivit\u00e4ten auf verschiedenen Websites, um ein Profil Ihrer Interessen zu erstellen. Diese Informationen werden verwendet, um personalisierte Werbung zu liefern, die f\u00fcr Sie relevanter ist. Sie helfen uns und unseren Werbepartnern auch dabei, die Wirksamkeit unserer Werbekampagnen zu messen. Sie k\u00f6nnen diese Cookies \u00fcber Ihre Browsereinstellungen oder unser Cookie-Zustimmungstool verwalten oder ablehnen.<\/li><\/ul><p>\u00a0<\/p><p><strong>4. Wie wir Cookies verwenden<\/strong><\/p><p>Wir verwenden Cookies, um Ihr Surferlebnis zu verbessern:<\/p><ul><li>Ihre Pr\u00e4ferenzen und Einstellungen werden gespeichert.<\/li><li>Wir wollen verstehen, wie Sie unsere Website nutzen, damit wir Verbesserungen vornehmen k\u00f6nnen.<\/li><li>Sicherstellen, dass die Website korrekt und effizient funktioniert.<\/li><\/ul><p>\u00a0<\/p><p><strong>5. Verwaltung von Cookies<\/strong><\/p><p>Sie haben die M\u00f6glichkeit, Cookies anzunehmen oder abzulehnen, indem Sie die Einstellungen in Ihrem Browser \u00e4ndern. Die meisten Webbrowser akzeptieren Cookies automatisch, aber Sie k\u00f6nnen die Einstellungen Ihres Browsers in der Regel so \u00e4ndern, dass Sie Cookies ablehnen, wenn Sie dies w\u00fcnschen. Bitte beachten Sie, dass die Deaktivierung von Cookies die Funktionalit\u00e4t unserer Website beeintr\u00e4chtigen und Sie daran hindern k\u00f6nnte, sie in vollem Umfang zu nutzen.<\/p><p><strong>Wie man Cookies verwaltet:<\/strong><\/p><ul><li><strong>Bei Desktop-Browsern:<\/strong> Sie k\u00f6nnen Cookies verwalten, indem Sie die Einstellungen in Ihrem Browser anpassen. Hier finden Sie Links zur Verwaltung von Cookies in einigen g\u00e4ngigen Browsern:<ul><li><a target=\"_new\" rel=\"noreferrer\">Google Chrome<\/a><\/li><li><a href=\"https:\/\/support.mozilla.org\/en-US\/kb\/enable-and-disable-cookies-website-preferences\" target=\"_new\" rel=\"noreferrer\">Mozilla Firefox<\/a><\/li><li><a href=\"https:\/\/support.microsoft.com\/en-us\/microsoft-edge\/delete-cookies-in-microsoft-edge-63947406-40ac-c3b8-57b9-2a946a29ae09\" target=\"_new\" rel=\"noreferrer\">Microsoft Edge<\/a><\/li><li><a href=\"https:\/\/support.apple.com\/guide\/safari\/manage-cookies-and-website-data-sfri11471\/mac\" target=\"_new\" rel=\"noreferrer\">Safari<\/a><\/li><\/ul><\/li><li><strong>Auf mobilen Ger\u00e4ten:<\/strong> Die Verwaltung von Cookies kann von Ger\u00e4t zu Ger\u00e4t und von Browser zu Browser unterschiedlich sein. In der Regel k\u00f6nnen Sie die Einstellungen in den Browsereinstellungen Ihres Mobilger\u00e4ts verwalten.<\/li><\/ul><p>\u00a0<\/p><p><strong>6. Zustimmung<\/strong><\/p><p>Durch die Nutzung unserer Website erkl\u00e4ren Sie sich mit der Verwendung von Cookies, wie in dieser Richtlinie beschrieben, einverstanden. Sie k\u00f6nnen Ihre Zustimmung jederzeit widerrufen, indem Sie die Einstellungen Ihres Browsers anpassen oder die Cookies in Ihrem Browser l\u00f6schen.<\/p><p>\u00a0<\/p><p><strong>7. \u00c4nderungen an dieser Cookie-Richtlinie<\/strong><\/p><p>Wir k\u00f6nnen diese Cookie-Richtlinie von Zeit zu Zeit aktualisieren, um \u00c4nderungen in unseren Praktiken oder aus anderen betrieblichen, rechtlichen oder regulatorischen Gr\u00fcnden zu ber\u00fccksichtigen. Wir werden Sie \u00fcber alle wesentlichen \u00c4nderungen informieren, indem wir die neue Richtlinie auf unserer Website ver\u00f6ffentlichen und das Datum \"Letzte Aktualisierung\" unten auf dieser Seite aktualisieren.<\/p><p>\u00a0<\/p><p><strong>8. Kontakt<\/strong><\/p><p>Wenn Sie Fragen oder Bedenken bez\u00fcglich dieser Cookie-Richtlinie haben, kontaktieren Sie uns bitte unter:<\/p><p>NOVA Group Sp. z o.o.<\/p><p>\u017burawia 6\/12 lok. 745, 00-503 Warszawa, Polen<\/p><p>STEUER-ID: PL7011215529<\/p><p>REGON: 529224431<\/p><p><a href=\"mailto:contact@treasurebali.com\">contact@treasurebali.com<\/a><\/p>\t\t\t\t\t\t<\/div>\n\t\t\t\t<\/div>\n\t\t\t\t\t<\/div>\n\t\t\t\t<\/div>\n\t\t\t\t<\/div>","protected":false},"excerpt":{"rendered":"<p>Cookie Policy \u00a0 1. Introduction Welcome to Treasure Bali, operated by Nova Group Sp. z o.o. This Cookie Policy explains how we use cookies and similar technologies on our website. By using our website, you consent to our use of cookies as described in this policy. \u00a0 2. What Are Cookies? Cookies are small text [&hellip;]<\/p>","protected":false},"author":1,"featured_media":0,"parent":0,"menu_order":0,"comment_status":"closed","ping_status":"closed","template":"","meta":{"footnotes":""},"class_list":["post-2389","page","type-page","status-publish","hentry"],"_links":{"self":[{"href":"https:\/\/treasurebali.com\/de\/wp-json\/wp\/v2\/pages\/2389","targetHints":{"allow":["GET"]}}],"collection":[{"href":"https:\/\/treasurebali.com\/de\/wp-json\/wp\/v2\/pages"}],"about":[{"href":"https:\/\/treasurebali.com\/de\/wp-json\/wp\/v2\/types\/page"}],"author":[{"embeddable":true,"href":"https:\/\/treasurebali.com\/de\/wp-json\/wp\/v2\/users\/1"}],"replies":[{"embeddable":true,"href":"https:\/\/treasurebali.com\/de\/wp-json\/wp\/v2\/comments?post=2389"}],"version-history":[{"count":4,"href":"https:\/\/treasurebali.com\/de\/wp-json\/wp\/v2\/pages\/2389\/revisions"}],"predecessor-version":[{"id":2400,"href":"https:\/\/treasurebali.com\/de\/wp-json\/wp\/v2\/pages\/2389\/revisions\/2400"}],"wp:attachment":[{"href":"https:\/\/treasurebali.com\/de\/wp-json\/wp\/v2\/media?parent=2389"}],"curies":[{"name":"wp","href":"https:\/\/api.w.org\/{rel}","templated":true}]}}