{"id":39,"date":"2024-04-09T05:11:33","date_gmt":"2024-04-09T03:11:33","guid":{"rendered":"http:\/\/treasurebali.com\/?page_id=39"},"modified":"2024-04-11T06:59:14","modified_gmt":"2024-04-11T04:59:14","slug":"what-is-the-bali-tourist-tax-how-to-easily-pay-it-with-treasure-bali","status":"publish","type":"page","link":"https:\/\/treasurebali.com\/de\/was-ist-die-bali-touristensteuer-wie-kann-man-sie-einfach-mit-treasure-bali-bezahlen\/","title":{"rendered":"What is the Bali Tourist Tax &#038; How to Easily Pay It with Treasure Bali"},"content":{"rendered":"<div data-elementor-type=\"wp-page\" data-elementor-id=\"39\" class=\"elementor elementor-39\" data-elementor-post-type=\"page\">\n\t\t\t\t<div class=\"elementor-element elementor-element-4f26519 e-flex e-con-boxed e-con e-parent\" data-id=\"4f26519\" data-element_type=\"container\" data-settings=\"{&quot;background_background&quot;:&quot;classic&quot;}\">\n\t\t\t\t\t<div class=\"e-con-inner\">\n\t\t\t\t<div class=\"elementor-element elementor-element-b84797b elementor-widget elementor-widget-heading\" data-id=\"b84797b\" data-element_type=\"widget\" data-widget_type=\"heading.default\">\n\t\t\t\t<div class=\"elementor-widget-container\">\n\t\t\t<h1 class=\"elementor-heading-title elementor-size-default\">Bali Touristensteuer<\/h1>\t\t<\/div>\n\t\t\t\t<\/div>\n\t\t\t\t<div class=\"elementor-element elementor-element-ac2cb59 elementor-widget elementor-widget-heading\" data-id=\"ac2cb59\" data-element_type=\"widget\" data-widget_type=\"heading.default\">\n\t\t\t\t<div class=\"elementor-widget-container\">\n\t\t\t<h2 class=\"elementor-heading-title elementor-size-default\">Leitfaden f\u00fcr einfache Zahlungen f\u00fcr internationale Reisende<\/h2>\t\t<\/div>\n\t\t\t\t<\/div>\n\t\t\t\t\t<\/div>\n\t\t\t\t<\/div>\n\t\t<div class=\"elementor-element elementor-element-577bc2e e-flex e-con-boxed e-con e-parent\" data-id=\"577bc2e\" data-element_type=\"container\">\n\t\t\t\t\t<div class=\"e-con-inner\">\n\t\t\t\t<div class=\"elementor-element elementor-element-ab824a4 elementor-widget elementor-widget-text-editor\" data-id=\"ab824a4\" data-element_type=\"widget\" data-widget_type=\"text-editor.default\">\n\t\t\t\t<div class=\"elementor-widget-container\">\n\t\t\t\t\t\t\t<p>Willkommen bei Treasure Bali, Ihrem ultimativen Leitfaden und Assistenten f\u00fcr die einfache Handhabung der Bali-Touristensteuer. Da Bali seine Besucher mit atemberaubenden Landschaften und einer reichen Kultur verzaubert, ist das Verst\u00e4ndnis und die Zahlung der Touristensteuer ein Schritt, den jeder Reisende unternehmen sollte, um zur Nachhaltigkeit der Insel beizutragen. Hier finden Sie alles, was Sie \u00fcber die Bali-Touristensteuer wissen m\u00fcssen und wie Treasure Bali den Zahlungsprozess nahtlos und bequem gestaltet.<\/p>\t\t\t\t\t\t<\/div>\n\t\t\t\t<\/div>\n\t\t\t\t<div class=\"elementor-element elementor-element-e973d65 elementor-widget elementor-widget-heading\" data-id=\"e973d65\" data-element_type=\"widget\" data-widget_type=\"heading.default\">\n\t\t\t\t<div class=\"elementor-widget-container\">\n\t\t\t<h3 class=\"elementor-heading-title elementor-size-default\">Was ist die Bali-Touristensteuer?<\/h3>\t\t<\/div>\n\t\t\t\t<\/div>\n\t\t\t\t<div class=\"elementor-element elementor-element-ad3ec25 elementor-widget elementor-widget-text-editor\" data-id=\"ad3ec25\" data-element_type=\"widget\" data-widget_type=\"text-editor.default\">\n\t\t\t\t<div class=\"elementor-widget-container\">\n\t\t\t\t\t\t\t<p>Die Bali-Touristensteuer ist eine von der Provinzregierung von Bali erhobene Abgabe f\u00fcr internationale Besucher. Diese Initiative ist Teil von Balis Engagement f\u00fcr die Erhaltung seiner nat\u00fcrlichen Sch\u00f6nheit und seines kulturellen Erbes. Die eingenommene Steuer ist f\u00fcr die Erhaltung der Umwelt und kulturelle Projekte bestimmt, die sicherstellen, dass Bali auch f\u00fcr k\u00fcnftige Generationen ein Paradies bleibt.<\/p>\t\t\t\t\t\t<\/div>\n\t\t\t\t<\/div>\n\t\t\t\t<div class=\"elementor-element elementor-element-e858427 elementor-widget elementor-widget-heading\" data-id=\"e858427\" data-element_type=\"widget\" data-widget_type=\"heading.default\">\n\t\t\t\t<div class=\"elementor-widget-container\">\n\t\t\t<h3 class=\"elementor-heading-title elementor-size-default\">Wer muss zahlen?<\/h3>\t\t<\/div>\n\t\t\t\t<\/div>\n\t\t\t\t<div class=\"elementor-element elementor-element-c48f2c1 elementor-widget elementor-widget-text-editor\" data-id=\"c48f2c1\" data-element_type=\"widget\" data-widget_type=\"text-editor.default\">\n\t\t\t\t<div class=\"elementor-widget-container\">\n\t\t\t\t\t\t\t<p>Alle internationalen Touristen, die Bali besuchen, m\u00fcssen die Touristensteuer entrichten. Ausnahmen gelten f\u00fcr Kinder unter 2 Jahren, langfristig aufenthaltsberechtigte Personen und Personen, die zu bestimmten regierungsbezogenen Zwecken reisen.<\/p>\t\t\t\t\t\t<\/div>\n\t\t\t\t<\/div>\n\t\t\t\t<div class=\"elementor-element elementor-element-6bd3741 elementor-widget elementor-widget-heading\" data-id=\"6bd3741\" data-element_type=\"widget\" data-widget_type=\"heading.default\">\n\t\t\t\t<div class=\"elementor-widget-container\">\n\t\t\t<h3 class=\"elementor-heading-title elementor-size-default\">Wie hoch ist die Steuer?<\/h3>\t\t<\/div>\n\t\t\t\t<\/div>\n\t\t\t\t<div class=\"elementor-element elementor-element-1453ba7 elementor-widget elementor-widget-text-editor\" data-id=\"1453ba7\" data-element_type=\"widget\" data-widget_type=\"text-editor.default\">\n\t\t\t\t<div class=\"elementor-widget-container\">\n\t\t\t\t\t\t\t<p>Die Gesamtgeb\u00fchr f\u00fcr die Bali-Touristensteuer, einschlie\u00dflich Bearbeitungsgeb\u00fchren und Servicegeb\u00fchren, betr\u00e4gt 350.000 IDR. Dies entspricht etwa 20 EUR oder 22 USD und ist somit ein erschwinglicher, aber wirkungsvoller Beitrag zum Schutz und zur Erhaltung der Kultur der Insel. Mit Treasure Bali ist der Zahlungsprozess nicht nur transparent, sondern auch unkompliziert, so dass Ihr Beitrag direkt die Nachhaltigkeitsinitiativen Balis unterst\u00fctzt.<\/p>\t\t\t\t\t\t<\/div>\n\t\t\t\t<\/div>\n\t\t\t\t<div class=\"elementor-element elementor-element-f572c60 elementor-widget elementor-widget-heading\" data-id=\"f572c60\" data-element_type=\"widget\" data-widget_type=\"heading.default\">\n\t\t\t\t<div class=\"elementor-widget-container\">\n\t\t\t<h3 class=\"elementor-heading-title elementor-size-default\">Einfache Bezahlung mit Treasure Bali<\/h3>\t\t<\/div>\n\t\t\t\t<\/div>\n\t\t\t\t<div class=\"elementor-element elementor-element-2733b7a elementor-widget elementor-widget-text-editor\" data-id=\"2733b7a\" data-element_type=\"widget\" data-widget_type=\"text-editor.default\">\n\t\t\t\t<div class=\"elementor-widget-container\">\n\t\t\t\t\t\t\t<p>Mit Treasure Bali ist die Zahlung Ihrer Kurtaxe so einfach wie nie zuvor. Hier erfahren Sie, warum Sie sich f\u00fcr uns entscheiden sollten, um eine problemlose Erfahrung zu machen:<\/p><ul><li><strong>Direkte Integration<\/strong>: Unsere Plattform ist direkt in die offiziellen Zahlungssysteme integriert, so dass Ihre Zahlung direkt an die vorgesehenen Schutzprojekte geht.<\/li><li><strong>Sofort-Best\u00e4tigung<\/strong>: Sie erhalten eine sofortige Best\u00e4tigung Ihrer Zahlung zusammen mit einer digitalen Quittung, die Sie auf Ihrem Ger\u00e4t speichern oder ausdrucken k\u00f6nnen.<\/li><li><strong>Unterst\u00fctzung und Hilfe<\/strong>: Haben Sie ein Problem? Unser engagiertes Support-Team steht Ihnen bei jedem Schritt zur Seite und sorgt f\u00fcr einen reibungslosen Ablauf.<\/li><\/ul>\t\t\t\t\t\t<\/div>\n\t\t\t\t<\/div>\n\t\t\t\t<div class=\"elementor-element elementor-element-097903b elementor-widget elementor-widget-heading\" data-id=\"097903b\" data-element_type=\"widget\" data-widget_type=\"heading.default\">\n\t\t\t\t<div class=\"elementor-widget-container\">\n\t\t\t<h3 class=\"elementor-heading-title elementor-size-default\">Wie Sie Ihre Bali-Touristensteuer mit Treasure Bali bezahlen<\/h3>\t\t<\/div>\n\t\t\t\t<\/div>\n\t\t\t\t<div class=\"elementor-element elementor-element-d18c1a8 elementor-widget elementor-widget-text-editor\" data-id=\"d18c1a8\" data-element_type=\"widget\" data-widget_type=\"text-editor.default\">\n\t\t\t\t<div class=\"elementor-widget-container\">\n\t\t\t\t\t\t\t<ul><li>Besuchen Sie unsere spezielle Seite zur Kurtaxe.<\/li><li>Geben Sie Ihre Reisedaten ein.<\/li><li>Schlie\u00dfen Sie die Zahlung \u00fcber unser sicheres Gateway ab.<\/li><li>Sie erhalten eine sofortige Best\u00e4tigung und eine digitale Quittung.<\/li><\/ul>\t\t\t\t\t\t<\/div>\n\t\t\t\t<\/div>\n\t\t\t\t<div class=\"elementor-element elementor-element-c5f1b97 elementor-widget elementor-widget-heading\" data-id=\"c5f1b97\" data-element_type=\"widget\" data-widget_type=\"heading.default\">\n\t\t\t\t<div class=\"elementor-widget-container\">\n\t\t\t<h3 class=\"elementor-heading-title elementor-size-default\">FAQ<\/h3>\t\t<\/div>\n\t\t\t\t<\/div>\n\t\t\t\t<div class=\"elementor-element elementor-element-c3b90c9 elementor-widget elementor-widget-accordion\" data-id=\"c3b90c9\" data-element_type=\"widget\" data-widget_type=\"accordion.default\">\n\t\t\t\t<div class=\"elementor-widget-container\">\n\t\t\t\t\t<div class=\"elementor-accordion\">\n\t\t\t\t\t\t\t<div class=\"elementor-accordion-item\">\n\t\t\t\t\t<div id=\"elementor-tab-title-2051\" class=\"elementor-tab-title\" data-tab=\"1\" role=\"button\" aria-controls=\"elementor-tab-content-2051\" aria-expanded=\"false\">\n\t\t\t\t\t\t\t\t\t\t\t\t\t<span class=\"elementor-accordion-icon elementor-accordion-icon-left\" aria-hidden=\"true\">\n\t\t\t\t\t\t\t\t\t\t\t\t\t\t\t<span class=\"elementor-accordion-icon-closed\"><svg class=\"e-font-icon-svg e-fas-plus\" viewbox=\"0 0 448 512\" xmlns=\"http:\/\/www.w3.org\/2000\/svg\"><path d=\"M416 208H272V64c0-17.67-14.33-32-32-32h-32c-17.67 0-32 14.33-32 32v144H32c-17.67 0-32 14.33-32 32v32c0 17.67 14.33 32 32 32h144v144c0 17.67 14.33 32 32 32h32c17.67 0 32-14.33 32-32V304h144c17.67 0 32-14.33 32-32v-32c0-17.67-14.33-32-32-32z\"><\/path><\/svg><\/span>\n\t\t\t\t\t\t\t\t<span class=\"elementor-accordion-icon-opened\"><svg class=\"e-font-icon-svg e-fas-minus\" viewbox=\"0 0 448 512\" xmlns=\"http:\/\/www.w3.org\/2000\/svg\"><path d=\"M416 208H32c-17.67 0-32 14.33-32 32v32c0 17.67 14.33 32 32 32h384c17.67 0 32-14.33 32-32v-32c0-17.67-14.33-32-32-32z\"><\/path><\/svg><\/span>\n\t\t\t\t\t\t\t\t\t\t\t\t\t\t<\/span>\n\t\t\t\t\t\t\t\t\t\t\t\t<a class=\"elementor-accordion-title\" tabindex=\"0\">Kann ich die Steuer bei der Ankunft in Bali bezahlen?<\/a>\n\t\t\t\t\t<\/div>\n\t\t\t\t\t<div id=\"elementor-tab-content-2051\" class=\"elementor-tab-content elementor-clearfix\" data-tab=\"1\" role=\"region\" aria-labelledby=\"elementor-tab-title-2051\"><p>Obwohl die Zahlung bei der Ankunft m\u00f6glich ist, empfehlen wir die Nutzung von Treasure Bali f\u00fcr eine schnelle, sichere und problemlose Zahlung vor Ihrer Reise.<\/p><\/div>\n\t\t\t\t<\/div>\n\t\t\t\t\t\t\t<div class=\"elementor-accordion-item\">\n\t\t\t\t\t<div id=\"elementor-tab-title-2052\" class=\"elementor-tab-title\" data-tab=\"2\" role=\"button\" aria-controls=\"elementor-tab-content-2052\" aria-expanded=\"false\">\n\t\t\t\t\t\t\t\t\t\t\t\t\t<span class=\"elementor-accordion-icon elementor-accordion-icon-left\" aria-hidden=\"true\">\n\t\t\t\t\t\t\t\t\t\t\t\t\t\t\t<span class=\"elementor-accordion-icon-closed\"><svg class=\"e-font-icon-svg e-fas-plus\" viewbox=\"0 0 448 512\" xmlns=\"http:\/\/www.w3.org\/2000\/svg\"><path d=\"M416 208H272V64c0-17.67-14.33-32-32-32h-32c-17.67 0-32 14.33-32 32v144H32c-17.67 0-32 14.33-32 32v32c0 17.67 14.33 32 32 32h144v144c0 17.67 14.33 32 32 32h32c17.67 0 32-14.33 32-32V304h144c17.67 0 32-14.33 32-32v-32c0-17.67-14.33-32-32-32z\"><\/path><\/svg><\/span>\n\t\t\t\t\t\t\t\t<span class=\"elementor-accordion-icon-opened\"><svg class=\"e-font-icon-svg e-fas-minus\" viewbox=\"0 0 448 512\" xmlns=\"http:\/\/www.w3.org\/2000\/svg\"><path d=\"M416 208H32c-17.67 0-32 14.33-32 32v32c0 17.67 14.33 32 32 32h384c17.67 0 32-14.33 32-32v-32c0-17.67-14.33-32-32-32z\"><\/path><\/svg><\/span>\n\t\t\t\t\t\t\t\t\t\t\t\t\t\t<\/span>\n\t\t\t\t\t\t\t\t\t\t\t\t<a class=\"elementor-accordion-title\" tabindex=\"0\">Was passiert, wenn ich die Kurtaxe nicht bezahle?<\/a>\n\t\t\t\t\t<\/div>\n\t\t\t\t\t<div id=\"elementor-tab-content-2052\" class=\"elementor-tab-content elementor-clearfix\" data-tab=\"2\" role=\"region\" aria-labelledby=\"elementor-tab-title-2052\"><p>Die Zahlung der Kurtaxe ist f\u00fcr alle Touristen obligatorisch. Bei Nichtbeachtung kann es zu Verz\u00f6gerungen oder Komplikationen w\u00e4hrend Ihres Aufenthalts kommen.<\/p><\/div>\n\t\t\t\t<\/div>\n\t\t\t\t\t\t\t<div class=\"elementor-accordion-item\">\n\t\t\t\t\t<div id=\"elementor-tab-title-2053\" class=\"elementor-tab-title\" data-tab=\"3\" role=\"button\" aria-controls=\"elementor-tab-content-2053\" aria-expanded=\"false\">\n\t\t\t\t\t\t\t\t\t\t\t\t\t<span class=\"elementor-accordion-icon elementor-accordion-icon-left\" aria-hidden=\"true\">\n\t\t\t\t\t\t\t\t\t\t\t\t\t\t\t<span class=\"elementor-accordion-icon-closed\"><svg class=\"e-font-icon-svg e-fas-plus\" viewbox=\"0 0 448 512\" xmlns=\"http:\/\/www.w3.org\/2000\/svg\"><path d=\"M416 208H272V64c0-17.67-14.33-32-32-32h-32c-17.67 0-32 14.33-32 32v144H32c-17.67 0-32 14.33-32 32v32c0 17.67 14.33 32 32 32h144v144c0 17.67 14.33 32 32 32h32c17.67 0 32-14.33 32-32V304h144c17.67 0 32-14.33 32-32v-32c0-17.67-14.33-32-32-32z\"><\/path><\/svg><\/span>\n\t\t\t\t\t\t\t\t<span class=\"elementor-accordion-icon-opened\"><svg class=\"e-font-icon-svg e-fas-minus\" viewbox=\"0 0 448 512\" xmlns=\"http:\/\/www.w3.org\/2000\/svg\"><path d=\"M416 208H32c-17.67 0-32 14.33-32 32v32c0 17.67 14.33 32 32 32h384c17.67 0 32-14.33 32-32v-32c0-17.67-14.33-32-32-32z\"><\/path><\/svg><\/span>\n\t\t\t\t\t\t\t\t\t\t\t\t\t\t<\/span>\n\t\t\t\t\t\t\t\t\t\t\t\t<a class=\"elementor-accordion-title\" tabindex=\"0\">Kann die Touristensteuer erstattet werden?<\/a>\n\t\t\t\t\t<\/div>\n\t\t\t\t\t<div id=\"elementor-tab-content-2053\" class=\"elementor-tab-content elementor-clearfix\" data-tab=\"3\" role=\"region\" aria-labelledby=\"elementor-tab-title-2053\"><p>Die Touristensteuer ist nicht erstattungsf\u00e4hig, da sie direkt zu den Bem\u00fchungen um den Erhalt und die Verbesserung der touristischen Einrichtungen auf Bali beitr\u00e4gt.<\/p><\/div>\n\t\t\t\t<\/div>\n\t\t\t\t\t\t\t\t<\/div>\n\t\t\t\t<\/div>\n\t\t\t\t<\/div>\n\t\t\t\t<div class=\"elementor-element elementor-element-d1d64b3 elementor-widget elementor-widget-heading\" data-id=\"d1d64b3\" data-element_type=\"widget\" data-widget_type=\"heading.default\">\n\t\t\t\t<div class=\"elementor-widget-container\">\n\t\t\t<h3 class=\"elementor-heading-title elementor-size-default\">Treasure Bali: Ihr Partner f\u00fcr verantwortungsvolles Reisen<\/h3>\t\t<\/div>\n\t\t\t\t<\/div>\n\t\t\t\t<div class=\"elementor-element elementor-element-596c48b elementor-widget elementor-widget-text-editor\" data-id=\"596c48b\" data-element_type=\"widget\" data-widget_type=\"text-editor.default\">\n\t\t\t\t<div class=\"elementor-widget-container\">\n\t\t\t\t\t\t\t<p>Wir von Treasure Bali setzen uns daf\u00fcr ein, dass Ihr Besuch auf Bali nicht nur unvergesslich, sondern auch verantwortungsvoll ist. Indem wir die Zahlung der Bali-Touristensteuer vereinfachen, tragen wir dazu bei, dass Ihr Besuch zur Nachhaltigkeit und Sch\u00f6nheit der Insel beitr\u00e4gt. Erkunden Sie Bali mit der Gewissheit, dass Sie ein gr\u00fcneres, lebendigeres Bali f\u00fcr kommende Generationen unterst\u00fctzen.<\/p>\t\t\t\t\t\t<\/div>\n\t\t\t\t<\/div>\n\t\t\t\t<div class=\"elementor-element elementor-element-fd68862 elementor-widget elementor-widget-text-editor\" data-id=\"fd68862\" data-element_type=\"widget\" data-widget_type=\"text-editor.default\">\n\t\t\t\t<div class=\"elementor-widget-container\">\n\t\t\t\t\t\t\t<p>Treasure Bali Antrag zur Umsetzung der regionalen Verordnung Nr. 6 von 2023 \u00fcber die internationale Tourismusabgabe zum Schutz der Kultur und der nat\u00fcrlichen Umwelt von Bali <br \/><a href=\"https:\/\/drive.google.com\/file\/d\/1ILR3pDXAD-rjmEf3XAb2V3hRb5Fjzswq\/view?usp=sharing\" target=\"_blank\" rel=\"noopener\">Laden Sie das Verordnungsdokument hier herunter.<\/a><\/p>\t\t\t\t\t\t<\/div>\n\t\t\t\t<\/div>\n\t\t\t\t\t<\/div>\n\t\t\t\t<\/div>\n\t\t\t\t<\/div>","protected":false},"excerpt":{"rendered":"<p>Learn about Bali&#8217;s Tourist Tax and pay easily with Treasure Bali. Get all set for your trip with our quick guide and contribute to Bali\u2019s preservation.<\/p>","protected":false},"author":1,"featured_media":0,"parent":0,"menu_order":0,"comment_status":"closed","ping_status":"closed","template":"","meta":{"footnotes":""},"class_list":["post-39","page","type-page","status-publish","hentry"],"_links":{"self":[{"href":"https:\/\/treasurebali.com\/de\/wp-json\/wp\/v2\/pages\/39","targetHints":{"allow":["GET"]}}],"collection":[{"href":"https:\/\/treasurebali.com\/de\/wp-json\/wp\/v2\/pages"}],"about":[{"href":"https:\/\/treasurebali.com\/de\/wp-json\/wp\/v2\/types\/page"}],"author":[{"embeddable":true,"href":"https:\/\/treasurebali.com\/de\/wp-json\/wp\/v2\/users\/1"}],"replies":[{"embeddable":true,"href":"https:\/\/treasurebali.com\/de\/wp-json\/wp\/v2\/comments?post=39"}],"version-history":[{"count":10,"href":"https:\/\/treasurebali.com\/de\/wp-json\/wp\/v2\/pages\/39\/revisions"}],"predecessor-version":[{"id":52,"href":"https:\/\/treasurebali.com\/de\/wp-json\/wp\/v2\/pages\/39\/revisions\/52"}],"wp:attachment":[{"href":"https:\/\/treasurebali.com\/de\/wp-json\/wp\/v2\/media?parent=39"}],"curies":[{"name":"wp","href":"https:\/\/api.w.org\/{rel}","templated":true}]}}