{"id":96,"date":"2024-04-12T15:48:33","date_gmt":"2024-04-12T13:48:33","guid":{"rendered":"http:\/\/treasurebali.com\/?page_id=96"},"modified":"2024-04-13T12:21:19","modified_gmt":"2024-04-13T10:21:19","slug":"blog","status":"publish","type":"page","link":"https:\/\/treasurebali.com\/de\/blog\/","title":{"rendered":"Blog"},"content":{"rendered":"<div data-elementor-type=\"wp-page\" data-elementor-id=\"96\" class=\"elementor elementor-96\" data-elementor-post-type=\"page\">\n\t\t\t\t<div class=\"elementor-element elementor-element-48582610 e-con-full e-flex e-con e-parent\" data-id=\"48582610\" data-element_type=\"container\" data-settings=\"{&quot;background_background&quot;:&quot;classic&quot;}\">\n\t\t\t\t<div class=\"elementor-element elementor-element-1ffe0a00 elementor-widget elementor-widget-heading\" data-id=\"1ffe0a00\" data-element_type=\"widget\" data-widget_type=\"heading.default\">\n\t\t\t\t<div class=\"elementor-widget-container\">\n\t\t\t<h1 class=\"elementor-heading-title elementor-size-default\">Nachrichten und Updates<\/h1>\t\t<\/div>\n\t\t\t\t<\/div>\n\t\t\t\t<div class=\"elementor-element elementor-element-72309d0c elementor-widget__width-inherit elementor-widget elementor-widget-text-editor\" data-id=\"72309d0c\" data-element_type=\"widget\" data-widget_type=\"text-editor.default\">\n\t\t\t\t<div class=\"elementor-widget-container\">\n\t\t\t\t\t\t\t<p>Bleiben Sie auf dem Laufenden mit den neuesten Updates und Einblicken von Treasure Bali. Halten Sie sich hier \u00fcber alles auf dem Laufenden, was Sie f\u00fcr Ihre n\u00e4chste Reise wissen m\u00fcssen.<\/p>\t\t\t\t\t\t<\/div>\n\t\t\t\t<\/div>\n\t\t\t\t<\/div>\n\t\t<div class=\"elementor-element elementor-element-11e59975 e-flex e-con-boxed e-con e-parent\" data-id=\"11e59975\" data-element_type=\"container\">\n\t\t\t\t\t<div class=\"e-con-inner\">\n\t\t\t\t<div class=\"elementor-element elementor-element-479108d1 elementor-posts__hover-none elementor-grid-3 elementor-grid-tablet-2 elementor-grid-mobile-1 elementor-posts--thumbnail-top elementor-widget elementor-widget-posts\" data-id=\"479108d1\" data-element_type=\"widget\" data-settings=\"{&quot;cards_row_gap&quot;:{&quot;unit&quot;:&quot;px&quot;,&quot;size&quot;:80,&quot;sizes&quot;:[]},&quot;cards_row_gap_tablet&quot;:{&quot;unit&quot;:&quot;px&quot;,&quot;size&quot;:71,&quot;sizes&quot;:[]},&quot;cards_row_gap_mobile&quot;:{&quot;unit&quot;:&quot;px&quot;,&quot;size&quot;:30,&quot;sizes&quot;:[]},&quot;cards_columns&quot;:&quot;3&quot;,&quot;cards_columns_tablet&quot;:&quot;2&quot;,&quot;cards_columns_mobile&quot;:&quot;1&quot;}\" data-widget_type=\"posts.cards\">\n\t\t\t\t<div class=\"elementor-widget-container\">\n\t\t\t\t\t<div class=\"elementor-posts-container elementor-posts elementor-posts--skin-cards elementor-grid\">\n\t\t\t\t<article class=\"elementor-post elementor-grid-item post-372 post type-post status-publish format-standard has-post-thumbnail hentry category-bali-travel-guides tag-bali-scooters tag-bali-sim-card tag-bali-tax tag-bali-tourist-levy tag-bali-tourist-tax tag-bali-travel tag-bali-travel-guide\">\n\t\t\t<div class=\"elementor-post__card\">\n\t\t\t\t<a class=\"elementor-post__thumbnail__link\" href=\"https:\/\/treasurebali.com\/de\/blog\/6-dinge-die-man-vor-einem-besuch-auf-bali-wissen-sollte\/\" tabindex=\"-1\" ><div class=\"elementor-post__thumbnail\"><img fetchpriority=\"high\" decoding=\"async\" width=\"1600\" height=\"1066\" src=\"https:\/\/treasurebali.com\/wp-content\/uploads\/2024\/05\/Tegenungan-Waterfall-in-Bali-Popular-and-Scenic-Waterfall-Near-Ubud-Treasure-Bali.webp\" class=\"attachment-full size-full wp-image-373\" alt=\"Tegenungan Wasserfall in Bali - Beliebter und malerischer Wasserfall in der N\u00e4he von Ubud - Treasure Bali\" srcset=\"https:\/\/treasurebali.com\/wp-content\/uploads\/2024\/05\/Tegenungan-Waterfall-in-Bali-Popular-and-Scenic-Waterfall-Near-Ubud-Treasure-Bali.webp 1600w, https:\/\/treasurebali.com\/wp-content\/uploads\/2024\/05\/Tegenungan-Waterfall-in-Bali-Popular-and-Scenic-Waterfall-Near-Ubud-Treasure-Bali-600x400.webp 600w, https:\/\/treasurebali.com\/wp-content\/uploads\/2024\/05\/Tegenungan-Waterfall-in-Bali-Popular-and-Scenic-Waterfall-Near-Ubud-Treasure-Bali-300x200.jpg 300w, https:\/\/treasurebali.com\/wp-content\/uploads\/2024\/05\/Tegenungan-Waterfall-in-Bali-Popular-and-Scenic-Waterfall-Near-Ubud-Treasure-Bali-1024x682.jpg 1024w, https:\/\/treasurebali.com\/wp-content\/uploads\/2024\/05\/Tegenungan-Waterfall-in-Bali-Popular-and-Scenic-Waterfall-Near-Ubud-Treasure-Bali-768x512.jpg 768w, https:\/\/treasurebali.com\/wp-content\/uploads\/2024\/05\/Tegenungan-Waterfall-in-Bali-Popular-and-Scenic-Waterfall-Near-Ubud-Treasure-Bali-1536x1023.jpg 1536w, https:\/\/treasurebali.com\/wp-content\/uploads\/2024\/05\/Tegenungan-Waterfall-in-Bali-Popular-and-Scenic-Waterfall-Near-Ubud-Treasure-Bali-18x12.jpg 18w\" sizes=\"(max-width: 1600px) 100vw, 1600px\" \/><\/div><\/a>\n\t\t\t\t<div class=\"elementor-post__text\">\n\t\t\t\t<h4 class=\"elementor-post__title\">\n\t\t\t<a href=\"https:\/\/treasurebali.com\/de\/blog\/6-dinge-die-man-vor-einem-besuch-auf-bali-wissen-sollte\/\" >\n\t\t\t\t6 Dinge, die Sie vor Ihrem Besuch auf Bali wissen sollten\t\t\t<\/a>\n\t\t<\/h4>\n\t\t\t\t<div class=\"elementor-post__excerpt\">\n\t\t\t<p>Planen Sie eine Reise nach Bali, der bezaubernden Insel der G\u00f6tter? Von den ruhigen Str\u00e4nden bis zu den lebhaften kulturellen Festen verspricht Bali ein unvergessliches Reiseerlebnis. Um sicherzustellen, dass Ihr Besuch so reibungslos und angenehm wie m\u00f6glich verl\u00e4uft, sollten Sie einige wichtige Dinge wissen, bevor Sie die malerischen Str\u00e4nde betreten.<\/p>\n\t\t<\/div>\n\t\t\n\t\t<a class=\"elementor-post__read-more\" href=\"https:\/\/treasurebali.com\/de\/blog\/6-dinge-die-man-vor-einem-besuch-auf-bali-wissen-sollte\/\" aria-label=\"Read more about 6 Things to Know Before Visiting\u00a0Bali\" tabindex=\"-1\" >\n\t\t\tMehr lesen\t\t<\/a>\n\n\t\t\t\t<\/div>\n\t\t\t\t\t<\/div>\n\t\t<\/article>\n\t\t\t\t<article class=\"elementor-post elementor-grid-item post-200 post type-post status-publish format-standard has-post-thumbnail hentry category-bali-travel-guides tag-bali-beach tag-bali-tourism tag-bali-travel tag-bali-travel-guide tag-bali-travel-list\">\n\t\t\t<div class=\"elementor-post__card\">\n\t\t\t\t<a class=\"elementor-post__thumbnail__link\" href=\"https:\/\/treasurebali.com\/de\/blog\/entdecken-sie-den-zauber-von-bali-die-7-besten-grunde-fur-einen-besuch-2\/\" tabindex=\"-1\" ><div class=\"elementor-post__thumbnail\"><img decoding=\"async\" width=\"958\" height=\"638\" src=\"https:\/\/treasurebali.com\/wp-content\/uploads\/2024\/04\/pura-ulun-danu-bratan-temple-in-Bali.jpg.webp\" class=\"attachment-full size-full wp-image-205\" alt=\"pura ulun danu bratan-Tempel auf Bali\" srcset=\"https:\/\/treasurebali.com\/wp-content\/uploads\/2024\/04\/pura-ulun-danu-bratan-temple-in-Bali.jpg.webp 958w, https:\/\/treasurebali.com\/wp-content\/uploads\/2024\/04\/pura-ulun-danu-bratan-temple-in-Bali.jpg-600x400.webp 600w, https:\/\/treasurebali.com\/wp-content\/uploads\/2024\/04\/pura-ulun-danu-bratan-temple-in-Bali.jpg-300x200.webp 300w, https:\/\/treasurebali.com\/wp-content\/uploads\/2024\/04\/pura-ulun-danu-bratan-temple-in-Bali.jpg-768x511.webp 768w, https:\/\/treasurebali.com\/wp-content\/uploads\/2024\/04\/pura-ulun-danu-bratan-temple-in-Bali.jpg-18x12.webp 18w\" sizes=\"(max-width: 958px) 100vw, 958px\" \/><\/div><\/a>\n\t\t\t\t<div class=\"elementor-post__text\">\n\t\t\t\t<h4 class=\"elementor-post__title\">\n\t\t\t<a href=\"https:\/\/treasurebali.com\/de\/blog\/entdecken-sie-den-zauber-von-bali-die-7-besten-grunde-fur-einen-besuch-2\/\" >\n\t\t\t\tEntdecken Sie den Charme von Bali: Die 7 besten Gr\u00fcnde f\u00fcr einen Besuch\t\t\t<\/a>\n\t\t<\/h4>\n\t\t\t\t<div class=\"elementor-post__excerpt\">\n\t\t\t<p>Bali, die ber\u00fchmte Insel der G\u00f6tter, ist ein Traumziel im riesigen indonesischen Archipel. Bekannt f\u00fcr seine \u00fcppigen Landschaften, seine pulsierende Kultur und seine herzliche Gastfreundschaft, bietet Bali einen unvergleichlichen Urlaub. <\/p>\n\t\t<\/div>\n\t\t\n\t\t<a class=\"elementor-post__read-more\" href=\"https:\/\/treasurebali.com\/de\/blog\/entdecken-sie-den-zauber-von-bali-die-7-besten-grunde-fur-einen-besuch-2\/\" aria-label=\"Read more about Discover the Enchantment of Bali: Top 7 Reasons to Visit\" tabindex=\"-1\" >\n\t\t\tMehr lesen\t\t<\/a>\n\n\t\t\t\t<\/div>\n\t\t\t\t\t<\/div>\n\t\t<\/article>\n\t\t\t\t<article class=\"elementor-post elementor-grid-item post-149 post type-post status-publish format-standard has-post-thumbnail hentry category-bali-tourist-levy tag-bali-tax tag-bali-tourist-levy tag-bali-tourist-tax\">\n\t\t\t<div class=\"elementor-post__card\">\n\t\t\t\t<a class=\"elementor-post__thumbnail__link\" href=\"https:\/\/treasurebali.com\/de\/blog\/verstarkte-aufsicht-in-uluwatu-unterstreicht-engagement-fur-kultur-und-umweltschutz\/\" tabindex=\"-1\" ><div class=\"elementor-post__thumbnail\"><img decoding=\"async\" width=\"1920\" height=\"1280\" src=\"https:\/\/treasurebali.com\/wp-content\/uploads\/2024\/04\/Treasure-Bali-Nusa-Penida-scaled.webp\" class=\"attachment-full size-full wp-image-151\" alt=\"Treasure Bali - Nusa Penida\" srcset=\"https:\/\/treasurebali.com\/wp-content\/uploads\/2024\/04\/Treasure-Bali-Nusa-Penida-scaled.webp 1920w, https:\/\/treasurebali.com\/wp-content\/uploads\/2024\/04\/Treasure-Bali-Nusa-Penida-scaled-600x400.webp 600w, https:\/\/treasurebali.com\/wp-content\/uploads\/2024\/04\/Treasure-Bali-Nusa-Penida-300x200.webp 300w, https:\/\/treasurebali.com\/wp-content\/uploads\/2024\/04\/Treasure-Bali-Nusa-Penida-1024x683.webp 1024w, https:\/\/treasurebali.com\/wp-content\/uploads\/2024\/04\/Treasure-Bali-Nusa-Penida-768x512.webp 768w, https:\/\/treasurebali.com\/wp-content\/uploads\/2024\/04\/Treasure-Bali-Nusa-Penida-1536x1024.webp 1536w\" sizes=\"(max-width: 1920px) 100vw, 1920px\" \/><\/div><\/a>\n\t\t\t\t<div class=\"elementor-post__text\">\n\t\t\t\t<h4 class=\"elementor-post__title\">\n\t\t\t<a href=\"https:\/\/treasurebali.com\/de\/blog\/verstarkte-aufsicht-in-uluwatu-unterstreicht-engagement-fur-kultur-und-umweltschutz\/\" >\n\t\t\t\tVerst\u00e4rkte Aufsicht in Uluwatu unterstreicht Engagement f\u00fcr Kultur- und Umweltschutz\t\t\t<\/a>\n\t\t<\/h4>\n\t\t\t\t<div class=\"elementor-post__excerpt\">\n\t\t\t<p>In einem wichtigen Schritt zur Durchsetzung der neuen Fremdenverkehrsabgabe hat das Fremdenverkehrsb\u00fcro der Regierung von Bali eine gezielte \u00dcberwachungsaktion in dem ber\u00fchmten Touristenort Uluwatu in Badung durchgef\u00fchrt. Diese Initiative, die am Dienstagnachmittag durchgef\u00fchrt wurde, steht im Einklang mit der Verordnung Nr. 6 der Provinz Bali<\/p>\n\t\t<\/div>\n\t\t\n\t\t<a class=\"elementor-post__read-more\" href=\"https:\/\/treasurebali.com\/de\/blog\/verstarkte-aufsicht-in-uluwatu-unterstreicht-engagement-fur-kultur-und-umweltschutz\/\" aria-label=\"Read more about Enhanced Oversight at Uluwatu Highlights Commitment to Cultural and Environmental Protection\" tabindex=\"-1\" >\n\t\t\tMehr lesen\t\t<\/a>\n\n\t\t\t\t<\/div>\n\t\t\t\t\t<\/div>\n\t\t<\/article>\n\t\t\t\t<article class=\"elementor-post elementor-grid-item post-143 post type-post status-publish format-standard has-post-thumbnail hentry category-bali-tourist-levy tag-bali-tax tag-bali-tourist-levy tag-bali-tourist-tax\">\n\t\t\t<div class=\"elementor-post__card\">\n\t\t\t\t<a class=\"elementor-post__thumbnail__link\" href=\"https:\/\/treasurebali.com\/de\/blog\/bali-fuhrt-umfassende-kontrollen-fur-touristenabgabegutscheine-ein-2-2\/\" tabindex=\"-1\" ><div class=\"elementor-post__thumbnail\"><img loading=\"lazy\" decoding=\"async\" width=\"1920\" height=\"1290\" src=\"https:\/\/treasurebali.com\/wp-content\/uploads\/2024\/04\/Bali-Police-Creates-Special-Force-Team-To-Track-Protocol-Violators-scaled-1.webp\" class=\"attachment-full size-full wp-image-106\" alt=\"Bali f\u00fchrt umfassende Kontrollen f\u00fcr Touristenabgabe-Gutscheine ein\" srcset=\"https:\/\/treasurebali.com\/wp-content\/uploads\/2024\/04\/Bali-Police-Creates-Special-Force-Team-To-Track-Protocol-Violators-scaled-1.webp 1920w, https:\/\/treasurebali.com\/wp-content\/uploads\/2024\/04\/Bali-Police-Creates-Special-Force-Team-To-Track-Protocol-Violators-scaled-1-600x403.webp 600w, https:\/\/treasurebali.com\/wp-content\/uploads\/2024\/04\/Bali-Police-Creates-Special-Force-Team-To-Track-Protocol-Violators-scaled-1-300x202.webp 300w, https:\/\/treasurebali.com\/wp-content\/uploads\/2024\/04\/Bali-Police-Creates-Special-Force-Team-To-Track-Protocol-Violators-scaled-1-1024x688.webp 1024w, https:\/\/treasurebali.com\/wp-content\/uploads\/2024\/04\/Bali-Police-Creates-Special-Force-Team-To-Track-Protocol-Violators-scaled-1-768x516.webp 768w, https:\/\/treasurebali.com\/wp-content\/uploads\/2024\/04\/Bali-Police-Creates-Special-Force-Team-To-Track-Protocol-Violators-scaled-1-1536x1032.webp 1536w\" sizes=\"(max-width: 1920px) 100vw, 1920px\" \/><\/div><\/a>\n\t\t\t\t<div class=\"elementor-post__text\">\n\t\t\t\t<h4 class=\"elementor-post__title\">\n\t\t\t<a href=\"https:\/\/treasurebali.com\/de\/blog\/bali-fuhrt-umfassende-kontrollen-fur-touristenabgabegutscheine-ein-2-2\/\" >\n\t\t\t\tBali f\u00fchrt umfassende Kontrollen f\u00fcr Touristenabgabe-Gutscheine ein\t\t\t<\/a>\n\t\t<\/h4>\n\t\t\t\t<div class=\"elementor-post__excerpt\">\n\t\t\t<p>Das balinesische Fremdenverkehrsb\u00fcro hat eine Ausweitung der Kontrollen des Systems der Touristenabgabegutscheine angek\u00fcndigt. Urspr\u00fcnglich konzentrierten sich die Kontrollen auf die Einreisepunkte Balis, einschlie\u00dflich der Flugh\u00e4fen und Seeh\u00e4fen, und werden nun auf verschiedene Reiseziele auf der ganzen Insel ausgedehnt, um den Vorschriften der Region und des Gouverneurs zu entsprechen.<\/p>\n\t\t<\/div>\n\t\t\n\t\t<a class=\"elementor-post__read-more\" href=\"https:\/\/treasurebali.com\/de\/blog\/bali-fuhrt-umfassende-kontrollen-fur-touristenabgabegutscheine-ein-2-2\/\" aria-label=\"Read more about Bali Implements Comprehensive Checks for Tourist Levy Vouchers\" tabindex=\"-1\" >\n\t\t\tMehr lesen\t\t<\/a>\n\n\t\t\t\t<\/div>\n\t\t\t\t\t<\/div>\n\t\t<\/article>\n\t\t\t\t<article class=\"elementor-post elementor-grid-item post-127 post type-post status-publish format-standard has-post-thumbnail hentry category-bali-tourist-levy tag-bali-tax tag-bali-tourist-levy tag-bali-tourist-tax\">\n\t\t\t<div class=\"elementor-post__card\">\n\t\t\t\t<a class=\"elementor-post__thumbnail__link\" href=\"https:\/\/treasurebali.com\/de\/blog\/bali-starkt-das-bewusstsein-fur-die-tourismusabgabe-mit-kontrollen-vor-ort-an-wichtigen-zielorten\/\" tabindex=\"-1\" ><div class=\"elementor-post__thumbnail\"><img loading=\"lazy\" decoding=\"async\" width=\"1500\" height=\"1000\" src=\"https:\/\/treasurebali.com\/wp-content\/uploads\/2024\/04\/Treasure-Bali-Temple-Gate.webp\" class=\"attachment-full size-full wp-image-128\" alt=\"Treasure Bali - Tempeltor\" srcset=\"https:\/\/treasurebali.com\/wp-content\/uploads\/2024\/04\/Treasure-Bali-Temple-Gate.webp 1500w, https:\/\/treasurebali.com\/wp-content\/uploads\/2024\/04\/Treasure-Bali-Temple-Gate-600x400.webp 600w, https:\/\/treasurebali.com\/wp-content\/uploads\/2024\/04\/Treasure-Bali-Temple-Gate-300x200.webp 300w\" sizes=\"(max-width: 1500px) 100vw, 1500px\" \/><\/div><\/a>\n\t\t\t\t<div class=\"elementor-post__text\">\n\t\t\t\t<h4 class=\"elementor-post__title\">\n\t\t\t<a href=\"https:\/\/treasurebali.com\/de\/blog\/bali-starkt-das-bewusstsein-fur-die-tourismusabgabe-mit-kontrollen-vor-ort-an-wichtigen-zielorten\/\" >\n\t\t\t\tBali sch\u00e4rft das Bewusstsein f\u00fcr die Touristenabgabe mit Vor-Ort-Kontrollen an wichtigen Reisezielen\t\t\t<\/a>\n\t\t<\/h4>\n\t\t\t\t<div class=\"elementor-post__excerpt\">\n\t\t\t<p>Seit der Einf\u00fchrung der Abgabe f\u00fcr ausl\u00e4ndische Touristen am 14. Februar 2024 hat die Provinzregierung von Bali die Einhaltung der Verordnung der Provinzregierung von Bali Nr. 6 aus dem Jahr 2023 sorgf\u00e4ltig \u00fcberwacht.<\/p>\n\t\t<\/div>\n\t\t\n\t\t<a class=\"elementor-post__read-more\" href=\"https:\/\/treasurebali.com\/de\/blog\/bali-starkt-das-bewusstsein-fur-die-tourismusabgabe-mit-kontrollen-vor-ort-an-wichtigen-zielorten\/\" aria-label=\"Read more about Bali Boosts Awareness of Tourist Levy with On-Site Inspections at Key Destinations\" tabindex=\"-1\" >\n\t\t\tMehr lesen\t\t<\/a>\n\n\t\t\t\t<\/div>\n\t\t\t\t\t<\/div>\n\t\t<\/article>\n\t\t\t\t<\/div>\n\t\t\n\t\t\t\t<\/div>\n\t\t\t\t<\/div>\n\t\t\t\t\t<\/div>\n\t\t\t\t<\/div>\n\t\t<div class=\"elementor-element elementor-element-4a96c9bd e-flex e-con-boxed e-con e-parent\" data-id=\"4a96c9bd\" data-element_type=\"container\">\n\t\t\t\t\t<div class=\"e-con-inner\">\n\t\t<div class=\"elementor-element elementor-element-7aac7b6e e-flex e-con-boxed e-con e-child\" data-id=\"7aac7b6e\" data-element_type=\"container\" data-settings=\"{&quot;background_background&quot;:&quot;classic&quot;}\">\n\t\t\t\t\t<div class=\"e-con-inner\">\n\t\t\t\t<div class=\"elementor-element elementor-element-58e3ae88 elementor-widget elementor-widget-heading\" data-id=\"58e3ae88\" data-element_type=\"widget\" data-widget_type=\"heading.default\">\n\t\t\t\t<div class=\"elementor-widget-container\">\n\t\t\t<h2 class=\"elementor-heading-title elementor-size-default\">Abonnieren Sie unseren Newsletter\num auf dem Laufenden zu bleiben<\/h2>\t\t<\/div>\n\t\t\t\t<\/div>\n\t\t\t\t<div class=\"elementor-element elementor-element-1d7609a7 elementor-button-align-stretch elementor-widget elementor-widget-form\" data-id=\"1d7609a7\" data-element_type=\"widget\" data-settings=\"{&quot;step_next_label&quot;:&quot;Next&quot;,&quot;step_previous_label&quot;:&quot;Previous&quot;,&quot;button_width&quot;:&quot;40&quot;,&quot;button_width_tablet&quot;:&quot;40&quot;,&quot;step_type&quot;:&quot;number_text&quot;,&quot;step_icon_shape&quot;:&quot;circle&quot;}\" data-widget_type=\"form.default\">\n\t\t\t\t<div class=\"elementor-widget-container\">\n\t\t\t\t\t<form class=\"elementor-form\" method=\"post\" name=\"Newsletter Form\" action=\"\">\n\t\t\t<input type=\"hidden\" name=\"post_id\" value=\"96\"\/>\n\t\t\t<input type=\"hidden\" name=\"form_id\" value=\"1d7609a7\"\/>\n\t\t\t<input type=\"hidden\" name=\"referer_title\" value=\"\" \/>\n\n\t\t\t\n\t\t\t<div class=\"elementor-form-fields-wrapper elementor-labels-\">\n\t\t\t\t\t\t\t\t<div class=\"elementor-field-type-email elementor-field-group elementor-column elementor-field-group-email elementor-col-60 elementor-md-60 elementor-field-required\">\n\t\t\t\t\t\t\t\t\t\t\t\t<label for=\"form-field-email\" class=\"elementor-field-label elementor-screen-only\">\n\t\t\t\t\t\t\t\tDeine E-Mail\t\t\t\t\t\t\t<\/label>\n\t\t\t\t\t\t\t\t\t\t\t\t\t\t<input size=\"1\" type=\"email\" name=\"form_fields[email]\" id=\"form-field-email\" class=\"elementor-field elementor-size-md  elementor-field-textual\" placeholder=\"Deine E-Mail\" required=\"required\" aria-required=\"true\">\n\t\t\t\t\t\t\t\t\t\t\t<\/div>\n\t\t\t\t\t\t\t\t<div class=\"elementor-field-group elementor-column elementor-field-type-submit elementor-col-40 e-form__buttons elementor-md-40\">\n\t\t\t\t\t<button class=\"elementor-button elementor-size-md\" type=\"submit\">\n\t\t\t\t\t\t<span class=\"elementor-button-content-wrapper\">\n\t\t\t\t\t\t\t\t\t\t\t\t\t\t\t\t\t\t\t\t\t\t<span class=\"elementor-button-text\">abonnieren<\/span>\n\t\t\t\t\t\t\t\t\t\t\t\t\t<\/span>\n\t\t\t\t\t<\/button>\n\t\t\t\t<\/div>\n\t\t\t<\/div>\n\t\t<input type=\"hidden\" name=\"trp-form-language\" value=\"de\"\/><\/form>\n\t\t\t\t<\/div>\n\t\t\t\t<\/div>\n\t\t\t\t\t<\/div>\n\t\t\t\t<\/div>\n\t\t\t\t\t<\/div>\n\t\t\t\t<\/div>\n\t\t\t\t<\/div>","protected":false},"excerpt":{"rendered":"<p>Bleiben Sie auf dem Laufenden mit den neuesten Updates und Erkenntnissen von Treasure Bali.<\/p>","protected":false},"author":1,"featured_media":41,"parent":0,"menu_order":0,"comment_status":"closed","ping_status":"closed","template":"","meta":{"footnotes":""},"class_list":["post-96","page","type-page","status-publish","has-post-thumbnail","hentry"],"_links":{"self":[{"href":"https:\/\/treasurebali.com\/de\/wp-json\/wp\/v2\/pages\/96","targetHints":{"allow":["GET"]}}],"collection":[{"href":"https:\/\/treasurebali.com\/de\/wp-json\/wp\/v2\/pages"}],"about":[{"href":"https:\/\/treasurebali.com\/de\/wp-json\/wp\/v2\/types\/page"}],"author":[{"embeddable":true,"href":"https:\/\/treasurebali.com\/de\/wp-json\/wp\/v2\/users\/1"}],"replies":[{"embeddable":true,"href":"https:\/\/treasurebali.com\/de\/wp-json\/wp\/v2\/comments?post=96"}],"version-history":[{"count":7,"href":"https:\/\/treasurebali.com\/de\/wp-json\/wp\/v2\/pages\/96\/revisions"}],"predecessor-version":[{"id":180,"href":"https:\/\/treasurebali.com\/de\/wp-json\/wp\/v2\/pages\/96\/revisions\/180"}],"wp:featuredmedia":[{"embeddable":true,"href":"https:\/\/treasurebali.com\/de\/wp-json\/wp\/v2\/media\/41"}],"wp:attachment":[{"href":"https:\/\/treasurebali.com\/de\/wp-json\/wp\/v2\/media?parent=96"}],"curies":[{"name":"wp","href":"https:\/\/api.w.org\/{rel}","templated":true}]}}