{"id":1391,"date":"2024-07-04T13:48:40","date_gmt":"2024-07-04T11:48:40","guid":{"rendered":"http:\/\/treasurebali.com\/?page_id=1391"},"modified":"2024-08-05T12:36:58","modified_gmt":"2024-08-05T10:36:58","slug":"general-data-protection-regulation","status":"publish","type":"page","link":"https:\/\/treasurebali.com\/es\/reglamento-general-de-proteccion-de-datos\/","title":{"rendered":"Reglamento general de protecci\u00f3n de datos"},"content":{"rendered":"<div data-elementor-type=\"wp-page\" data-elementor-id=\"1391\" class=\"elementor elementor-1391\" data-elementor-post-type=\"page\">\n\t\t\t\t<div class=\"elementor-element elementor-element-2cec62b1 e-flex e-con-boxed e-con e-parent\" data-id=\"2cec62b1\" data-element_type=\"container\">\n\t\t\t\t\t<div class=\"e-con-inner\">\n\t\t\t\t<div class=\"elementor-element elementor-element-2d4996cb elementor-widget elementor-widget-text-editor\" data-id=\"2d4996cb\" data-element_type=\"widget\" data-widget_type=\"text-editor.default\">\n\t\t\t\t<div class=\"elementor-widget-container\">\n\t\t\t\t\t\t\t<h1>Reglamento general de protecci\u00f3n de datos<\/h1><p>\u00a0<\/p><h2>1. Introducci\u00f3n<\/h2><p>Bienvenido a Treasure Bali. Nos comprometemos a proteger sus datos personales y a respetar su privacidad. Esta Pol\u00edtica de Privacidad explica c\u00f3mo recogemos, utilizamos y salvaguardamos su informaci\u00f3n cuando visita nuestro sitio web y utiliza nuestros servicios. Al utilizar nuestra plataforma, usted acepta la recogida y el uso de informaci\u00f3n de acuerdo con esta pol\u00edtica.<\/p><p>\u00a0<\/p><h2>2. Controlador de datos<\/h2><p>El responsable del tratamiento de sus datos personales es:<\/p><p>NOVA Group Sp. z o.o.<\/p><p>\u017burawia 6\/12 lok. 745, 00-503 Warszawa, Polonia<\/p><p>CIF: PL7011215529<\/p><p>REGON: 529224431<\/p><p>\u00a0<\/p><h2>3. Informaci\u00f3n que recopilamos<\/h2><p>Podemos recoger y tratar los siguientes tipos de datos personales:<\/p><p>-<b>Datos de identidad<\/b>: Nombre, apellidos, n\u00famero de pasaporte.<\/p><p>-<b>Datos de contacto<\/b>: Direcci\u00f3n de correo electr\u00f3nico.<\/p><p>-<b>Datos t\u00e9cnicos<\/b>: Direcci\u00f3n IP, tipo y versi\u00f3n del navegador, configuraci\u00f3n de la zona horaria, tipos y versiones de los complementos del navegador, sistema operativo y plataforma, y otras tecnolog\u00edas de los dispositivos que utiliza para acceder a este sitio web.<\/p><p>-<b>Datos del perfil<\/b>: Compras o pedidos realizados por usted.<\/p><p>-<b>Datos de uso<\/b>: Informaci\u00f3n sobre c\u00f3mo utiliza nuestro sitio web, productos y servicios.<\/p><p>-<b>Datos de marketing y comunicaci\u00f3n<\/b>: Sus preferencias a la hora de recibir publicidad nuestra y sus preferencias de comunicaci\u00f3n.<\/p><p>\u00a0<\/p><h2>4. C\u00f3mo utilizamos sus datos<\/h2><p>Utilizamos sus datos personales para los siguientes fines:<\/p><p>-<b>Para prestar nuestros servicios<\/b>: Incluida la tramitaci\u00f3n de sus pedidos y la gesti\u00f3n de su cuenta.<\/p><p>-<b>Mejorar nuestros servicios<\/b>: Entender c\u00f3mo se utilizan nuestros servicios y c\u00f3mo podemos mejorarlos.<\/p><p>-<b>Para comunicarnos con usted<\/b>: Enviarle actualizaciones, notificaciones e informaci\u00f3n sobre nuestros servicios.<\/p><p>-<b>Con fines comerciales<\/b>: Env\u00edo de material promocional, ofertas e informaci\u00f3n sobre nuevos servicios o eventos (con su consentimiento).<\/p><p>-<b>Cumplir las obligaciones legales<\/b>: Garantizar el cumplimiento de las leyes y reglamentos aplicables.<\/p><p>\u00a0<\/p><h2>5. Base jur\u00eddica del tratamiento<\/h2><p>Tratamos sus datos personales sobre la base de los siguientes fundamentos jur\u00eddicos:<\/p><p>-<b>Necesidad contractual<\/b>: El tratamiento es necesario para la ejecuci\u00f3n de un contrato con usted o para adoptar medidas a petici\u00f3n suya antes de celebrar un contrato.<\/p><p>-<b>Intereses leg\u00edtimos<\/b>: El tratamiento es necesario para nuestros intereses leg\u00edtimos, siempre que sus intereses y derechos fundamentales no prevalezcan sobre dichos intereses.<\/p><p>-<b>Consentimiento<\/b>: Ha dado su consentimiento para el tratamiento de sus datos con fines espec\u00edficos.<\/p><p>-<b>Obligaci\u00f3n legal<\/b>: El tratamiento es necesario para el cumplimiento de una obligaci\u00f3n legal a la que estamos sujetos.<\/p><p>\u00a0<\/p><h2>6. Intercambio de datos<\/h2><p>Podemos compartir sus datos personales con<\/p><p>-<b>Proveedores de servicios<\/b>: Empresas que prestan servicios en nuestro nombre, como procesamiento de pagos, an\u00e1lisis de datos, env\u00edo de correo electr\u00f3nico, servicios de alojamiento y atenci\u00f3n al cliente.<\/p><p>-<b>Socios comerciales<\/b>: Socios de confianza que ofrecen servicios conjuntamente con nosotros o nos ayudan en nuestros esfuerzos de marketing.<\/p><p>-<b>Autoridades jur\u00eddicas<\/b>: Cuando lo exija la ley o sea necesario para cumplir un proceso legal.<\/p><p>-<b>Gobierno Provincial de Bali<\/b>: Con el \u00fanico fin de emitir la tasa tur\u00edstica de Bali, compartimos los datos personales que nos proporciona directamente con el Gobierno Provincial de Bali.<\/p><p>\u00a0<\/p><h2>7. Transferencias internacionales de datos<\/h2><p>Sus datos personales pueden ser transferidos y procesados en pa\u00edses fuera del Espacio Econ\u00f3mico Europeo (EEE). Nos aseguraremos de que existan las garant\u00edas adecuadas para proteger sus datos, como el uso de cl\u00e1usulas contractuales tipo aprobadas por la Comisi\u00f3n Europea.<\/p><p>\u00a0<\/p><h2>8. Seguridad de los datos<\/h2><p>Aplicamos medidas t\u00e9cnicas y organizativas adecuadas para proteger sus datos personales contra la destrucci\u00f3n accidental o il\u00edcita, la p\u00e9rdida, la alteraci\u00f3n, la difusi\u00f3n o el acceso no autorizados.<\/p><h2>\u00a0<\/h2><h2>9. 9. Conservaci\u00f3n de datos<\/h2><p>Conservaremos sus datos personales s\u00f3lo durante el tiempo necesario para cumplir los fines para los que los recopilamos, incluido el cumplimiento de cualquier requisito legal, contable o de informaci\u00f3n.<\/p><p>\u00a0<\/p><h2>10. Sus derechos<\/h2><p>Usted tiene los siguientes derechos en relaci\u00f3n con sus datos personales:<\/p><p>-<b>Acceda a<\/b>: Solicitar acceso a sus datos personales.<\/p><p>-<b>Correcci\u00f3n<\/b>: Solicitar la rectificaci\u00f3n de sus datos personales si son inexactos o incompletos.<\/p><p>-<b>Borrado<\/b>: Solicitar la supresi\u00f3n de sus datos personales.<\/p><p>-<b>Restricci\u00f3n<\/b>: Solicitar la limitaci\u00f3n del tratamiento de sus datos personales.<\/p><p>-<b>Portabilidad<\/b>: Solicitar la transferencia de sus datos personales a otra parte.<\/p><p>-<b>Objeci\u00f3n<\/b>: Oponerse al tratamiento de sus datos personales cuando nos basemos en un inter\u00e9s leg\u00edtimo.<\/p><p>Para ejercer cualquiera de estos derechos, por favor <a href=\"https:\/\/treasurebali.com\/es\/contacto\/\">Contacto<\/a> a trav\u00e9s de los m\u00e9todos proporcionados en nuestro sitio web.<\/p><p>\u00a0<\/p><h2>11. Cookies<\/h2><p>Utilizamos cookies para mejorar su experiencia en nuestro sitio web. Para obtener m\u00e1s informaci\u00f3n sobre las cookies que utilizamos y c\u00f3mo gestionarlas, consulte nuestra Pol\u00edtica de cookies.<\/p><p>\u00a0<\/p><h2>12. Cambios en esta pol\u00edtica de privacidad<\/h2><p>Es posible que actualicemos nuestra Pol\u00edtica de Privacidad de vez en cuando. Le notificaremos cualquier cambio publicando la nueva Pol\u00edtica de Privacidad en esta p\u00e1gina. Le aconsejamos que revise peri\u00f3dicamente esta Pol\u00edtica de Privacidad para comprobar si se han producido cambios.<\/p><p>\u00a0<\/p><h2>13. Contacto<\/h2><p>Si tiene alguna pregunta sobre esta Pol\u00edtica de Privacidad, por favor <a href=\"https:\/\/treasurebali.com\/es\/contacto\/\">Contacto<\/a> a trav\u00e9s de los m\u00e9todos proporcionados en nuestro sitio web.<\/p>\t\t\t\t\t\t<\/div>\n\t\t\t\t<\/div>\n\t\t\t\t\t<\/div>\n\t\t\t\t<\/div>\n\t\t\t\t<\/div>","protected":false},"excerpt":{"rendered":"<p>General Data Protection Regulation \u00a0 1. Introduction Welcome to Treasure Bali. We are committed to protecting your personal data and respecting your privacy. This Privacy Policy explains how we collect, use, and safeguard your information when you visit our website and use our services. By using our platform, you agree to the collection and use [&hellip;]<\/p>","protected":false},"author":1,"featured_media":0,"parent":0,"menu_order":0,"comment_status":"closed","ping_status":"closed","template":"","meta":{"footnotes":""},"class_list":["post-1391","page","type-page","status-publish","hentry"],"_links":{"self":[{"href":"https:\/\/treasurebali.com\/es\/wp-json\/wp\/v2\/pages\/1391","targetHints":{"allow":["GET"]}}],"collection":[{"href":"https:\/\/treasurebali.com\/es\/wp-json\/wp\/v2\/pages"}],"about":[{"href":"https:\/\/treasurebali.com\/es\/wp-json\/wp\/v2\/types\/page"}],"author":[{"embeddable":true,"href":"https:\/\/treasurebali.com\/es\/wp-json\/wp\/v2\/users\/1"}],"replies":[{"embeddable":true,"href":"https:\/\/treasurebali.com\/es\/wp-json\/wp\/v2\/comments?post=1391"}],"version-history":[{"count":17,"href":"https:\/\/treasurebali.com\/es\/wp-json\/wp\/v2\/pages\/1391\/revisions"}],"predecessor-version":[{"id":2380,"href":"https:\/\/treasurebali.com\/es\/wp-json\/wp\/v2\/pages\/1391\/revisions\/2380"}],"wp:attachment":[{"href":"https:\/\/treasurebali.com\/es\/wp-json\/wp\/v2\/media?parent=1391"}],"curies":[{"name":"wp","href":"https:\/\/api.w.org\/{rel}","templated":true}]}}