{"id":2389,"date":"2024-08-05T17:19:27","date_gmt":"2024-08-05T15:19:27","guid":{"rendered":"https:\/\/treasurebali.com\/?page_id=2389"},"modified":"2024-08-05T17:25:22","modified_gmt":"2024-08-05T15:25:22","slug":"cookie-policy","status":"publish","type":"page","link":"https:\/\/treasurebali.com\/es\/politica-de-cookies\/","title":{"rendered":"Pol\u00edtica de cookies"},"content":{"rendered":"<div data-elementor-type=\"wp-page\" data-elementor-id=\"2389\" class=\"elementor elementor-2389\" data-elementor-post-type=\"page\">\n\t\t\t\t<div class=\"elementor-element elementor-element-3c0549ae e-flex e-con-boxed e-con e-parent\" data-id=\"3c0549ae\" data-element_type=\"container\">\n\t\t\t\t\t<div class=\"e-con-inner\">\n\t\t\t\t<div class=\"elementor-element elementor-element-24b1dc5 elementor-widget elementor-widget-text-editor\" data-id=\"24b1dc5\" data-element_type=\"widget\" data-widget_type=\"text-editor.default\">\n\t\t\t\t<div class=\"elementor-widget-container\">\n\t\t\t\t\t\t\t<h1>Pol\u00edtica de cookies<\/h1><p>\u00a0<\/p><p><strong>1<\/strong><strong>. Introducci\u00f3n<\/strong><\/p><p>Bienvenido a Treasure Bali, operado por Nova Group Sp. z o.o.<\/p><p>Esta Pol\u00edtica de Cookies explica c\u00f3mo utilizamos las cookies y tecnolog\u00edas similares en nuestro sitio web. Al utilizar nuestro sitio web, usted acepta el uso que hacemos de las cookies tal y como se describe en esta pol\u00edtica.<\/p><p>\u00a0<\/p><p><strong>2. \u00bfQu\u00e9 son las cookies?<\/strong><\/p><p>Las cookies son peque\u00f1os archivos de texto que se colocan en su dispositivo cuando visita un sitio web. Se utilizan habitualmente para hacer que los sitios web funcionen, o funcionen de forma m\u00e1s eficiente, as\u00ed como para proporcionar informaci\u00f3n a los propietarios del sitio. Las cookies pueden almacenar las preferencias del usuario y otra informaci\u00f3n.<\/p><p>\u00a0<\/p><p><strong>3. Tipos de cookies que utilizamos<\/strong><\/p><p>Utilizamos los siguientes tipos de cookies:<\/p><ul><li><p><strong>Galletas esenciales<\/strong>: Estas cookies son necesarias para que el sitio web funcione correctamente. Permiten funciones b\u00e1sicas como la navegaci\u00f3n por las p\u00e1ginas y el acceso a zonas seguras del sitio web. Sin estas cookies, el sitio web no puede funcionar correctamente.<\/p><\/li><li><p><strong>Cookies de rendimiento<\/strong>: Estas cookies recopilan informaci\u00f3n sobre c\u00f3mo utiliza nuestro sitio web, como las p\u00e1ginas que visita con m\u00e1s frecuencia y si recibe mensajes de error de las p\u00e1ginas web. Estas cookies no recogen informaci\u00f3n que le identifique. Toda la informaci\u00f3n recogida por estas cookies es agregada y, por tanto, an\u00f3nima. S\u00f3lo se utiliza para mejorar el funcionamiento de nuestro sitio web.<\/p><\/li><li><p><strong>Cookies funcionales<\/strong>: Estas cookies permiten a nuestro sitio web recordar las elecciones que usted hace (como su nombre de usuario, idioma o la regi\u00f3n en la que se encuentra) y proporcionar funciones mejoradas y m\u00e1s personales. Estas cookies tambi\u00e9n pueden utilizarse para recordar los cambios que ha realizado en el tama\u00f1o del texto, las fuentes y otras partes de las p\u00e1ginas web que puede personalizar. Tambi\u00e9n pueden utilizarse para proporcionar servicios que usted haya solicitado, como ver un v\u00eddeo o comentar en un blog. La informaci\u00f3n que recopilan estas cookies puede ser an\u00f3nima y no pueden rastrear su actividad de navegaci\u00f3n en otros sitios web.<\/p><\/li><li><strong>Cookies de segmentaci\u00f3n\/publicidad:<\/strong> Estas cookies rastrean sus actividades de navegaci\u00f3n en diferentes sitios web para crear un perfil de sus intereses. Esta informaci\u00f3n se utiliza para ofrecer anuncios personalizados que sean m\u00e1s relevantes para usted. Tambi\u00e9n nos ayudan a nosotros y a nuestros socios publicitarios a medir la eficacia de nuestras campa\u00f1as publicitarias. Puede gestionar o rechazar estas cookies a trav\u00e9s de la configuraci\u00f3n de su navegador o de nuestra herramienta de consentimiento de cookies.<\/li><\/ul><p>\u00a0<\/p><p><strong>4. C\u00f3mo utilizamos las cookies<\/strong><\/p><p>Utilizamos cookies para mejorar su experiencia de navegaci\u00f3n mediante:<\/p><ul><li>Recordar tus preferencias y ajustes.<\/li><li>Comprender c\u00f3mo utiliza nuestro sitio web para poder introducir mejoras.<\/li><li>Garantizar el funcionamiento correcto y eficaz del sitio web.<\/li><\/ul><p>\u00a0<\/p><p><strong>5. Gesti\u00f3n de cookies<\/strong><\/p><p>Puede aceptar o rechazar las cookies modificando la configuraci\u00f3n de su navegador. La mayor\u00eda de los navegadores aceptan autom\u00e1ticamente las cookies, pero normalmente puede modificar la configuraci\u00f3n de su navegador para rechazarlas si lo prefiere. Tenga en cuenta que desactivar las cookies puede afectar a la funcionalidad de nuestro sitio web y podr\u00eda impedirle aprovecharlo al m\u00e1ximo.<\/p><p><strong>C\u00f3mo gestionar las cookies:<\/strong><\/p><ul><li><strong>En navegadores de escritorio:<\/strong> Puede gestionar las cookies ajustando la configuraci\u00f3n de su navegador. Aqu\u00ed tienes enlaces para gestionar las cookies de algunos navegadores populares:<ul><li><a target=\"_new\" rel=\"noreferrer\">Google Chrome<\/a><\/li><li><a href=\"https:\/\/support.mozilla.org\/en-US\/kb\/enable-and-disable-cookies-website-preferences\" target=\"_new\" rel=\"noreferrer\">Mozilla Firefox<\/a><\/li><li><a href=\"https:\/\/support.microsoft.com\/en-us\/microsoft-edge\/delete-cookies-in-microsoft-edge-63947406-40ac-c3b8-57b9-2a946a29ae09\" target=\"_new\" rel=\"noreferrer\">Microsoft Edge<\/a><\/li><li><a href=\"https:\/\/support.apple.com\/guide\/safari\/manage-cookies-and-website-data-sfri11471\/mac\" target=\"_new\" rel=\"noreferrer\">Safari<\/a><\/li><\/ul><\/li><li><strong>En dispositivos m\u00f3viles:<\/strong> El proceso de gesti\u00f3n de las cookies puede variar seg\u00fan el dispositivo y el navegador. Normalmente puede gestionar los ajustes en la configuraci\u00f3n del navegador de su dispositivo m\u00f3vil.<\/li><\/ul><p>\u00a0<\/p><p><strong>6. Consentimiento<\/strong><\/p><p>Al utilizar nuestro sitio web, usted acepta el uso de cookies tal y como se describe en esta pol\u00edtica. Puede retirar su consentimiento en cualquier momento ajustando la configuraci\u00f3n de su navegador o borrando las cookies de su navegador.<\/p><p>\u00a0<\/p><p><strong>7. Modificaciones de la presente pol\u00edtica de cookies<\/strong><\/p><p>Podemos actualizar esta Pol\u00edtica de Cookies peri\u00f3dicamente para reflejar los cambios en nuestras pr\u00e1cticas o por otras razones operativas, legales o reglamentarias. Le notificaremos cualquier cambio significativo publicando la nueva pol\u00edtica en nuestro sitio web y actualizando la fecha de \"\u00daltima actualizaci\u00f3n\" en la parte inferior de esta p\u00e1gina.<\/p><p>\u00a0<\/p><p><strong>8. Contacto<\/strong><\/p><p>Si tiene alguna pregunta o duda sobre esta Pol\u00edtica de Cookies, p\u00f3ngase en contacto con nosotros en:<\/p><p>NOVA Group Sp. z o.o.<\/p><p>\u017burawia 6\/12 lok. 745, 00-503 Warszawa, Polonia<\/p><p>CIF: PL7011215529<\/p><p>REGON: 529224431<\/p><p><a href=\"mailto:contact@treasurebali.com\">contact@treasurebali.com<\/a><\/p>\t\t\t\t\t\t<\/div>\n\t\t\t\t<\/div>\n\t\t\t\t\t<\/div>\n\t\t\t\t<\/div>\n\t\t\t\t<\/div>","protected":false},"excerpt":{"rendered":"<p>Cookie Policy \u00a0 1. Introduction Welcome to Treasure Bali, operated by Nova Group Sp. z o.o. This Cookie Policy explains how we use cookies and similar technologies on our website. By using our website, you consent to our use of cookies as described in this policy. \u00a0 2. What Are Cookies? Cookies are small text [&hellip;]<\/p>","protected":false},"author":1,"featured_media":0,"parent":0,"menu_order":0,"comment_status":"closed","ping_status":"closed","template":"","meta":{"footnotes":""},"class_list":["post-2389","page","type-page","status-publish","hentry"],"_links":{"self":[{"href":"https:\/\/treasurebali.com\/es\/wp-json\/wp\/v2\/pages\/2389","targetHints":{"allow":["GET"]}}],"collection":[{"href":"https:\/\/treasurebali.com\/es\/wp-json\/wp\/v2\/pages"}],"about":[{"href":"https:\/\/treasurebali.com\/es\/wp-json\/wp\/v2\/types\/page"}],"author":[{"embeddable":true,"href":"https:\/\/treasurebali.com\/es\/wp-json\/wp\/v2\/users\/1"}],"replies":[{"embeddable":true,"href":"https:\/\/treasurebali.com\/es\/wp-json\/wp\/v2\/comments?post=2389"}],"version-history":[{"count":4,"href":"https:\/\/treasurebali.com\/es\/wp-json\/wp\/v2\/pages\/2389\/revisions"}],"predecessor-version":[{"id":2400,"href":"https:\/\/treasurebali.com\/es\/wp-json\/wp\/v2\/pages\/2389\/revisions\/2400"}],"wp:attachment":[{"href":"https:\/\/treasurebali.com\/es\/wp-json\/wp\/v2\/media?parent=2389"}],"curies":[{"name":"wp","href":"https:\/\/api.w.org\/{rel}","templated":true}]}}