{"id":39,"date":"2024-04-09T05:11:33","date_gmt":"2024-04-09T03:11:33","guid":{"rendered":"http:\/\/treasurebali.com\/?page_id=39"},"modified":"2024-04-11T06:59:14","modified_gmt":"2024-04-11T04:59:14","slug":"what-is-the-bali-tourist-tax-how-to-easily-pay-it-with-treasure-bali","status":"publish","type":"page","link":"https:\/\/treasurebali.com\/es\/que-es-la-tasa-turistica-de-bali-como-pagarla-facilmente-con-treasure-bali\/","title":{"rendered":"What is the Bali Tourist Tax &#038; How to Easily Pay It with Treasure Bali"},"content":{"rendered":"<div data-elementor-type=\"wp-page\" data-elementor-id=\"39\" class=\"elementor elementor-39\" data-elementor-post-type=\"page\">\n\t\t\t\t<div class=\"elementor-element elementor-element-4f26519 e-flex e-con-boxed e-con e-parent\" data-id=\"4f26519\" data-element_type=\"container\" data-settings=\"{&quot;background_background&quot;:&quot;classic&quot;}\">\n\t\t\t\t\t<div class=\"e-con-inner\">\n\t\t\t\t<div class=\"elementor-element elementor-element-b84797b elementor-widget elementor-widget-heading\" data-id=\"b84797b\" data-element_type=\"widget\" data-widget_type=\"heading.default\">\n\t\t\t\t<div class=\"elementor-widget-container\">\n\t\t\t<h1 class=\"elementor-heading-title elementor-size-default\">Impuesto tur\u00edstico de Bali<\/h1>\t\t<\/div>\n\t\t\t\t<\/div>\n\t\t\t\t<div class=\"elementor-element elementor-element-ac2cb59 elementor-widget elementor-widget-heading\" data-id=\"ac2cb59\" data-element_type=\"widget\" data-widget_type=\"heading.default\">\n\t\t\t\t<div class=\"elementor-widget-container\">\n\t\t\t<h2 class=\"elementor-heading-title elementor-size-default\">Gu\u00eda de pago f\u00e1cil para viajeros internacionales<\/h2>\t\t<\/div>\n\t\t\t\t<\/div>\n\t\t\t\t\t<\/div>\n\t\t\t\t<\/div>\n\t\t<div class=\"elementor-element elementor-element-577bc2e e-flex e-con-boxed e-con e-parent\" data-id=\"577bc2e\" data-element_type=\"container\">\n\t\t\t\t\t<div class=\"e-con-inner\">\n\t\t\t\t<div class=\"elementor-element elementor-element-ab824a4 elementor-widget elementor-widget-text-editor\" data-id=\"ab824a4\" data-element_type=\"widget\" data-widget_type=\"text-editor.default\">\n\t\t\t\t<div class=\"elementor-widget-container\">\n\t\t\t\t\t\t\t<p>Bienvenido a Treasure Bali, su gu\u00eda y asistente definitivo para navegar con facilidad por la tasa tur\u00edstica de Bali. Mientras Bali encandila a los visitantes con sus impresionantes paisajes y su rica cultura, entender y pagar la tasa tur\u00edstica es un paso que todo viajero debe dar para contribuir a la sostenibilidad de la isla. Esto es todo lo que necesita saber sobre la tasa tur\u00edstica de Bali y c\u00f3mo Treasure Bali facilita el proceso de pago.<\/p>\t\t\t\t\t\t<\/div>\n\t\t\t\t<\/div>\n\t\t\t\t<div class=\"elementor-element elementor-element-e973d65 elementor-widget elementor-widget-heading\" data-id=\"e973d65\" data-element_type=\"widget\" data-widget_type=\"heading.default\">\n\t\t\t\t<div class=\"elementor-widget-container\">\n\t\t\t<h3 class=\"elementor-heading-title elementor-size-default\">\u00bfQu\u00e9 es la tasa tur\u00edstica de Bali?<\/h3>\t\t<\/div>\n\t\t\t\t<\/div>\n\t\t\t\t<div class=\"elementor-element elementor-element-ad3ec25 elementor-widget elementor-widget-text-editor\" data-id=\"ad3ec25\" data-element_type=\"widget\" data-widget_type=\"text-editor.default\">\n\t\t\t\t<div class=\"elementor-widget-container\">\n\t\t\t\t\t\t\t<p>La tasa tur\u00edstica de Bali es un gravamen impuesto por el gobierno provincial de Bali a los visitantes internacionales. Esta iniciativa forma parte del compromiso de Bali de preservar su belleza natural y su patrimonio cultural. El impuesto recaudado se destina a la conservaci\u00f3n del medio ambiente y a proyectos culturales que garanticen que Bali siga siendo un para\u00edso para las generaciones futuras.<\/p>\t\t\t\t\t\t<\/div>\n\t\t\t\t<\/div>\n\t\t\t\t<div class=\"elementor-element elementor-element-e858427 elementor-widget elementor-widget-heading\" data-id=\"e858427\" data-element_type=\"widget\" data-widget_type=\"heading.default\">\n\t\t\t\t<div class=\"elementor-widget-container\">\n\t\t\t<h3 class=\"elementor-heading-title elementor-size-default\">\u00bfQui\u00e9n tiene que pagar?<\/h3>\t\t<\/div>\n\t\t\t\t<\/div>\n\t\t\t\t<div class=\"elementor-element elementor-element-c48f2c1 elementor-widget elementor-widget-text-editor\" data-id=\"c48f2c1\" data-element_type=\"widget\" data-widget_type=\"text-editor.default\">\n\t\t\t\t<div class=\"elementor-widget-container\">\n\t\t\t\t\t\t\t<p>Todos los turistas internacionales que visitan Bali deben pagar la tasa tur\u00edstica, con exenciones para los menores de 2 a\u00f1os, los residentes de larga duraci\u00f3n y las personas que viajan con fines espec\u00edficos relacionados con el gobierno.<\/p>\t\t\t\t\t\t<\/div>\n\t\t\t\t<\/div>\n\t\t\t\t<div class=\"elementor-element elementor-element-6bd3741 elementor-widget elementor-widget-heading\" data-id=\"6bd3741\" data-element_type=\"widget\" data-widget_type=\"heading.default\">\n\t\t\t\t<div class=\"elementor-widget-container\">\n\t\t\t<h3 class=\"elementor-heading-title elementor-size-default\">\u00bfA cu\u00e1nto asciende el impuesto?<\/h3>\t\t<\/div>\n\t\t\t\t<\/div>\n\t\t\t\t<div class=\"elementor-element elementor-element-1453ba7 elementor-widget elementor-widget-text-editor\" data-id=\"1453ba7\" data-element_type=\"widget\" data-widget_type=\"text-editor.default\">\n\t\t\t\t<div class=\"elementor-widget-container\">\n\t\t\t\t\t\t\t<p>La tasa tur\u00edstica de Bali, incluidos los gastos de tramitaci\u00f3n y servicio, asciende a 350.000 IDR. Esto equivale aproximadamente a 20 EUR o 22 USD, lo que hace que sea una contribuci\u00f3n asequible pero impactante a los esfuerzos de conservaci\u00f3n y preservaci\u00f3n cultural de la isla. Con Treasure Bali, el proceso de pago no s\u00f3lo es transparente, sino tambi\u00e9n sencillo, lo que garantiza que su contribuci\u00f3n apoye directamente las iniciativas de sostenibilidad de Bali.<\/p>\t\t\t\t\t\t<\/div>\n\t\t\t\t<\/div>\n\t\t\t\t<div class=\"elementor-element elementor-element-f572c60 elementor-widget elementor-widget-heading\" data-id=\"f572c60\" data-element_type=\"widget\" data-widget_type=\"heading.default\">\n\t\t\t\t<div class=\"elementor-widget-container\">\n\t\t\t<h3 class=\"elementor-heading-title elementor-size-default\">Pago f\u00e1cil con Treasure Bali<\/h3>\t\t<\/div>\n\t\t\t\t<\/div>\n\t\t\t\t<div class=\"elementor-element elementor-element-2733b7a elementor-widget elementor-widget-text-editor\" data-id=\"2733b7a\" data-element_type=\"widget\" data-widget_type=\"text-editor.default\">\n\t\t\t\t<div class=\"elementor-widget-container\">\n\t\t\t\t\t\t\t<p>Con Treasure Bali, pagar la tasa tur\u00edstica es m\u00e1s f\u00e1cil que nunca. A continuaci\u00f3n te explicamos por qu\u00e9 deber\u00edas elegirnos para disfrutar de una experiencia sin complicaciones:<\/p><ul><li><strong>Integraci\u00f3n directa<\/strong>: Nuestra plataforma est\u00e1 directamente integrada con las pasarelas de pago oficiales, lo que garantiza que su pago vaya directamente a los proyectos de conservaci\u00f3n previstos.<\/li><li><strong>Confirmaci\u00f3n instant\u00e1nea<\/strong>: Recibe confirmaci\u00f3n inmediata de tu pago junto con un recibo digital que puedes guardar en tu dispositivo o imprimir.<\/li><li><strong>Apoyo y asistencia<\/strong>: \u00bfTienes alg\u00fan problema? Nuestro equipo de asistencia est\u00e1 a tu disposici\u00f3n para ayudarte en todo lo que necesites.<\/li><\/ul>\t\t\t\t\t\t<\/div>\n\t\t\t\t<\/div>\n\t\t\t\t<div class=\"elementor-element elementor-element-097903b elementor-widget elementor-widget-heading\" data-id=\"097903b\" data-element_type=\"widget\" data-widget_type=\"heading.default\">\n\t\t\t\t<div class=\"elementor-widget-container\">\n\t\t\t<h3 class=\"elementor-heading-title elementor-size-default\">C\u00f3mo pagar la tasa tur\u00edstica de Bali con Treasure Bali<\/h3>\t\t<\/div>\n\t\t\t\t<\/div>\n\t\t\t\t<div class=\"elementor-element elementor-element-d18c1a8 elementor-widget elementor-widget-text-editor\" data-id=\"d18c1a8\" data-element_type=\"widget\" data-widget_type=\"text-editor.default\">\n\t\t\t\t<div class=\"elementor-widget-container\">\n\t\t\t\t\t\t\t<ul><li>Visite nuestra p\u00e1gina dedicada a las tasas tur\u00edsticas.<\/li><li>Introduzca los datos de su viaje.<\/li><li>Complete el pago utilizando nuestra pasarela segura.<\/li><li>Reciba su confirmaci\u00f3n instant\u00e1nea y su recibo digital.<\/li><\/ul>\t\t\t\t\t\t<\/div>\n\t\t\t\t<\/div>\n\t\t\t\t<div class=\"elementor-element elementor-element-c5f1b97 elementor-widget elementor-widget-heading\" data-id=\"c5f1b97\" data-element_type=\"widget\" data-widget_type=\"heading.default\">\n\t\t\t\t<div class=\"elementor-widget-container\">\n\t\t\t<h3 class=\"elementor-heading-title elementor-size-default\">PREGUNTAS FRECUENTES<\/h3>\t\t<\/div>\n\t\t\t\t<\/div>\n\t\t\t\t<div class=\"elementor-element elementor-element-c3b90c9 elementor-widget elementor-widget-accordion\" data-id=\"c3b90c9\" data-element_type=\"widget\" data-widget_type=\"accordion.default\">\n\t\t\t\t<div class=\"elementor-widget-container\">\n\t\t\t\t\t<div class=\"elementor-accordion\">\n\t\t\t\t\t\t\t<div class=\"elementor-accordion-item\">\n\t\t\t\t\t<div id=\"elementor-tab-title-2051\" class=\"elementor-tab-title\" data-tab=\"1\" role=\"button\" aria-controls=\"elementor-tab-content-2051\" aria-expanded=\"false\">\n\t\t\t\t\t\t\t\t\t\t\t\t\t<span class=\"elementor-accordion-icon elementor-accordion-icon-left\" aria-hidden=\"true\">\n\t\t\t\t\t\t\t\t\t\t\t\t\t\t\t<span class=\"elementor-accordion-icon-closed\"><svg class=\"e-font-icon-svg e-fas-plus\" viewbox=\"0 0 448 512\" xmlns=\"http:\/\/www.w3.org\/2000\/svg\"><path d=\"M416 208H272V64c0-17.67-14.33-32-32-32h-32c-17.67 0-32 14.33-32 32v144H32c-17.67 0-32 14.33-32 32v32c0 17.67 14.33 32 32 32h144v144c0 17.67 14.33 32 32 32h32c17.67 0 32-14.33 32-32V304h144c17.67 0 32-14.33 32-32v-32c0-17.67-14.33-32-32-32z\"><\/path><\/svg><\/span>\n\t\t\t\t\t\t\t\t<span class=\"elementor-accordion-icon-opened\"><svg class=\"e-font-icon-svg e-fas-minus\" viewbox=\"0 0 448 512\" xmlns=\"http:\/\/www.w3.org\/2000\/svg\"><path d=\"M416 208H32c-17.67 0-32 14.33-32 32v32c0 17.67 14.33 32 32 32h384c17.67 0 32-14.33 32-32v-32c0-17.67-14.33-32-32-32z\"><\/path><\/svg><\/span>\n\t\t\t\t\t\t\t\t\t\t\t\t\t\t<\/span>\n\t\t\t\t\t\t\t\t\t\t\t\t<a class=\"elementor-accordion-title\" tabindex=\"0\">\u00bfPuedo pagar el impuesto al llegar a Bali?<\/a>\n\t\t\t\t\t<\/div>\n\t\t\t\t\t<div id=\"elementor-tab-content-2051\" class=\"elementor-tab-content elementor-clearfix\" data-tab=\"1\" role=\"region\" aria-labelledby=\"elementor-tab-title-2051\"><p>Aunque el pago a la llegada es posible, recomendamos utilizar Treasure Bali para un pago r\u00e1pido, seguro y sin complicaciones antes de viajar.<\/p><\/div>\n\t\t\t\t<\/div>\n\t\t\t\t\t\t\t<div class=\"elementor-accordion-item\">\n\t\t\t\t\t<div id=\"elementor-tab-title-2052\" class=\"elementor-tab-title\" data-tab=\"2\" role=\"button\" aria-controls=\"elementor-tab-content-2052\" aria-expanded=\"false\">\n\t\t\t\t\t\t\t\t\t\t\t\t\t<span class=\"elementor-accordion-icon elementor-accordion-icon-left\" aria-hidden=\"true\">\n\t\t\t\t\t\t\t\t\t\t\t\t\t\t\t<span class=\"elementor-accordion-icon-closed\"><svg class=\"e-font-icon-svg e-fas-plus\" viewbox=\"0 0 448 512\" xmlns=\"http:\/\/www.w3.org\/2000\/svg\"><path d=\"M416 208H272V64c0-17.67-14.33-32-32-32h-32c-17.67 0-32 14.33-32 32v144H32c-17.67 0-32 14.33-32 32v32c0 17.67 14.33 32 32 32h144v144c0 17.67 14.33 32 32 32h32c17.67 0 32-14.33 32-32V304h144c17.67 0 32-14.33 32-32v-32c0-17.67-14.33-32-32-32z\"><\/path><\/svg><\/span>\n\t\t\t\t\t\t\t\t<span class=\"elementor-accordion-icon-opened\"><svg class=\"e-font-icon-svg e-fas-minus\" viewbox=\"0 0 448 512\" xmlns=\"http:\/\/www.w3.org\/2000\/svg\"><path d=\"M416 208H32c-17.67 0-32 14.33-32 32v32c0 17.67 14.33 32 32 32h384c17.67 0 32-14.33 32-32v-32c0-17.67-14.33-32-32-32z\"><\/path><\/svg><\/span>\n\t\t\t\t\t\t\t\t\t\t\t\t\t\t<\/span>\n\t\t\t\t\t\t\t\t\t\t\t\t<a class=\"elementor-accordion-title\" tabindex=\"0\">\u00bfQu\u00e9 ocurre si no pago la tasa tur\u00edstica?<\/a>\n\t\t\t\t\t<\/div>\n\t\t\t\t\t<div id=\"elementor-tab-content-2052\" class=\"elementor-tab-content elementor-clearfix\" data-tab=\"2\" role=\"region\" aria-labelledby=\"elementor-tab-title-2052\"><p>El pago de la tasa tur\u00edstica es obligatorio para todos los turistas. Su incumplimiento puede ocasionar retrasos o complicaciones durante su estancia.<\/p><\/div>\n\t\t\t\t<\/div>\n\t\t\t\t\t\t\t<div class=\"elementor-accordion-item\">\n\t\t\t\t\t<div id=\"elementor-tab-title-2053\" class=\"elementor-tab-title\" data-tab=\"3\" role=\"button\" aria-controls=\"elementor-tab-content-2053\" aria-expanded=\"false\">\n\t\t\t\t\t\t\t\t\t\t\t\t\t<span class=\"elementor-accordion-icon elementor-accordion-icon-left\" aria-hidden=\"true\">\n\t\t\t\t\t\t\t\t\t\t\t\t\t\t\t<span class=\"elementor-accordion-icon-closed\"><svg class=\"e-font-icon-svg e-fas-plus\" viewbox=\"0 0 448 512\" xmlns=\"http:\/\/www.w3.org\/2000\/svg\"><path d=\"M416 208H272V64c0-17.67-14.33-32-32-32h-32c-17.67 0-32 14.33-32 32v144H32c-17.67 0-32 14.33-32 32v32c0 17.67 14.33 32 32 32h144v144c0 17.67 14.33 32 32 32h32c17.67 0 32-14.33 32-32V304h144c17.67 0 32-14.33 32-32v-32c0-17.67-14.33-32-32-32z\"><\/path><\/svg><\/span>\n\t\t\t\t\t\t\t\t<span class=\"elementor-accordion-icon-opened\"><svg class=\"e-font-icon-svg e-fas-minus\" viewbox=\"0 0 448 512\" xmlns=\"http:\/\/www.w3.org\/2000\/svg\"><path d=\"M416 208H32c-17.67 0-32 14.33-32 32v32c0 17.67 14.33 32 32 32h384c17.67 0 32-14.33 32-32v-32c0-17.67-14.33-32-32-32z\"><\/path><\/svg><\/span>\n\t\t\t\t\t\t\t\t\t\t\t\t\t\t<\/span>\n\t\t\t\t\t\t\t\t\t\t\t\t<a class=\"elementor-accordion-title\" tabindex=\"0\">\u00bfEs reembolsable la tasa tur\u00edstica?<\/a>\n\t\t\t\t\t<\/div>\n\t\t\t\t\t<div id=\"elementor-tab-content-2053\" class=\"elementor-tab-content elementor-clearfix\" data-tab=\"3\" role=\"region\" aria-labelledby=\"elementor-tab-title-2053\"><p>La tasa tur\u00edstica no es reembolsable, ya que contribuye directamente a los esfuerzos de conservaci\u00f3n y a la mejora de las instalaciones tur\u00edsticas de Bali.<\/p><\/div>\n\t\t\t\t<\/div>\n\t\t\t\t\t\t\t\t<\/div>\n\t\t\t\t<\/div>\n\t\t\t\t<\/div>\n\t\t\t\t<div class=\"elementor-element elementor-element-d1d64b3 elementor-widget elementor-widget-heading\" data-id=\"d1d64b3\" data-element_type=\"widget\" data-widget_type=\"heading.default\">\n\t\t\t\t<div class=\"elementor-widget-container\">\n\t\t\t<h3 class=\"elementor-heading-title elementor-size-default\">Treasure Bali: Su socio en viajes responsables<\/h3>\t\t<\/div>\n\t\t\t\t<\/div>\n\t\t\t\t<div class=\"elementor-element elementor-element-596c48b elementor-widget elementor-widget-text-editor\" data-id=\"596c48b\" data-element_type=\"widget\" data-widget_type=\"text-editor.default\">\n\t\t\t\t<div class=\"elementor-widget-container\">\n\t\t\t\t\t\t\t<p>En Treasure Bali nos comprometemos a que su visita a Bali no s\u00f3lo sea memorable, sino tambi\u00e9n responsable. Al facilitar el pago de la tasa tur\u00edstica de Bali, ayudamos a garantizar que su visita contribuya a la sostenibilidad y la belleza de la isla. Explore Bali con la tranquilidad de saber que est\u00e1 apoyando un Bali m\u00e1s verde y vibrante para las generaciones venideras.<\/p>\t\t\t\t\t\t<\/div>\n\t\t\t\t<\/div>\n\t\t\t\t<div class=\"elementor-element elementor-element-fd68862 elementor-widget elementor-widget-text-editor\" data-id=\"fd68862\" data-element_type=\"widget\" data-widget_type=\"text-editor.default\">\n\t\t\t\t<div class=\"elementor-widget-container\">\n\t\t\t\t\t\t\t<p>Treasure Bali Aplicaci\u00f3n como Implementaci\u00f3n del Reglamento Regional N\u00famero 6 de 2023 sobre la Tasa Tur\u00edstica Internacional para la Protecci\u00f3n de la Cultura y el Entorno Natural de Bali <br \/><a href=\"https:\/\/drive.google.com\/file\/d\/1ILR3pDXAD-rjmEf3XAb2V3hRb5Fjzswq\/view?usp=sharing\" target=\"_blank\" rel=\"noopener\">Descargue aqu\u00ed el documento del Reglamento.<\/a><\/p>\t\t\t\t\t\t<\/div>\n\t\t\t\t<\/div>\n\t\t\t\t\t<\/div>\n\t\t\t\t<\/div>\n\t\t\t\t<\/div>","protected":false},"excerpt":{"rendered":"<p>Learn about Bali&#8217;s Tourist Tax and pay easily with Treasure Bali. Get all set for your trip with our quick guide and contribute to Bali\u2019s preservation.<\/p>","protected":false},"author":1,"featured_media":0,"parent":0,"menu_order":0,"comment_status":"closed","ping_status":"closed","template":"","meta":{"footnotes":""},"class_list":["post-39","page","type-page","status-publish","hentry"],"_links":{"self":[{"href":"https:\/\/treasurebali.com\/es\/wp-json\/wp\/v2\/pages\/39","targetHints":{"allow":["GET"]}}],"collection":[{"href":"https:\/\/treasurebali.com\/es\/wp-json\/wp\/v2\/pages"}],"about":[{"href":"https:\/\/treasurebali.com\/es\/wp-json\/wp\/v2\/types\/page"}],"author":[{"embeddable":true,"href":"https:\/\/treasurebali.com\/es\/wp-json\/wp\/v2\/users\/1"}],"replies":[{"embeddable":true,"href":"https:\/\/treasurebali.com\/es\/wp-json\/wp\/v2\/comments?post=39"}],"version-history":[{"count":10,"href":"https:\/\/treasurebali.com\/es\/wp-json\/wp\/v2\/pages\/39\/revisions"}],"predecessor-version":[{"id":52,"href":"https:\/\/treasurebali.com\/es\/wp-json\/wp\/v2\/pages\/39\/revisions\/52"}],"wp:attachment":[{"href":"https:\/\/treasurebali.com\/es\/wp-json\/wp\/v2\/media?parent=39"}],"curies":[{"name":"wp","href":"https:\/\/api.w.org\/{rel}","templated":true}]}}