{"id":96,"date":"2024-04-12T15:48:33","date_gmt":"2024-04-12T13:48:33","guid":{"rendered":"http:\/\/treasurebali.com\/?page_id=96"},"modified":"2024-04-13T12:21:19","modified_gmt":"2024-04-13T10:21:19","slug":"blog","status":"publish","type":"page","link":"https:\/\/treasurebali.com\/es\/blog\/","title":{"rendered":"Blog"},"content":{"rendered":"<div data-elementor-type=\"wp-page\" data-elementor-id=\"96\" class=\"elementor elementor-96\" data-elementor-post-type=\"page\">\n\t\t\t\t<div class=\"elementor-element elementor-element-48582610 e-con-full e-flex e-con e-parent\" data-id=\"48582610\" data-element_type=\"container\" data-settings=\"{&quot;background_background&quot;:&quot;classic&quot;}\">\n\t\t\t\t<div class=\"elementor-element elementor-element-1ffe0a00 elementor-widget elementor-widget-heading\" data-id=\"1ffe0a00\" data-element_type=\"widget\" data-widget_type=\"heading.default\">\n\t\t\t\t<div class=\"elementor-widget-container\">\n\t\t\t<h1 class=\"elementor-heading-title elementor-size-default\">Noticias<\/h1>\t\t<\/div>\n\t\t\t\t<\/div>\n\t\t\t\t<div class=\"elementor-element elementor-element-72309d0c elementor-widget__width-inherit elementor-widget elementor-widget-text-editor\" data-id=\"72309d0c\" data-element_type=\"widget\" data-widget_type=\"text-editor.default\">\n\t\t\t\t<div class=\"elementor-widget-container\">\n\t\t\t\t\t\t\t<p>Mant\u00e9ngase informado con las \u00faltimas actualizaciones y opiniones de Treasure Bali. Mantente al d\u00eda de todo lo que necesitas saber para tu pr\u00f3ximo viaje aqu\u00ed mismo.<\/p>\t\t\t\t\t\t<\/div>\n\t\t\t\t<\/div>\n\t\t\t\t<\/div>\n\t\t<div class=\"elementor-element elementor-element-11e59975 e-flex e-con-boxed e-con e-parent\" data-id=\"11e59975\" data-element_type=\"container\">\n\t\t\t\t\t<div class=\"e-con-inner\">\n\t\t\t\t<div class=\"elementor-element elementor-element-479108d1 elementor-posts__hover-none elementor-grid-3 elementor-grid-tablet-2 elementor-grid-mobile-1 elementor-posts--thumbnail-top elementor-widget elementor-widget-posts\" data-id=\"479108d1\" data-element_type=\"widget\" data-settings=\"{&quot;cards_row_gap&quot;:{&quot;unit&quot;:&quot;px&quot;,&quot;size&quot;:80,&quot;sizes&quot;:[]},&quot;cards_row_gap_tablet&quot;:{&quot;unit&quot;:&quot;px&quot;,&quot;size&quot;:71,&quot;sizes&quot;:[]},&quot;cards_row_gap_mobile&quot;:{&quot;unit&quot;:&quot;px&quot;,&quot;size&quot;:30,&quot;sizes&quot;:[]},&quot;cards_columns&quot;:&quot;3&quot;,&quot;cards_columns_tablet&quot;:&quot;2&quot;,&quot;cards_columns_mobile&quot;:&quot;1&quot;}\" data-widget_type=\"posts.cards\">\n\t\t\t\t<div class=\"elementor-widget-container\">\n\t\t\t\t\t<div class=\"elementor-posts-container elementor-posts elementor-posts--skin-cards elementor-grid\">\n\t\t\t\t<article class=\"elementor-post elementor-grid-item post-372 post type-post status-publish format-standard has-post-thumbnail hentry category-bali-travel-guides tag-bali-scooters tag-bali-sim-card tag-bali-tax tag-bali-tourist-levy tag-bali-tourist-tax tag-bali-travel tag-bali-travel-guide\">\n\t\t\t<div class=\"elementor-post__card\">\n\t\t\t\t<a class=\"elementor-post__thumbnail__link\" href=\"https:\/\/treasurebali.com\/es\/blog\/6-cosas-que-hay-que-saber-antes-de-visitar-bali\/\" tabindex=\"-1\" ><div class=\"elementor-post__thumbnail\"><img fetchpriority=\"high\" decoding=\"async\" width=\"1600\" height=\"1066\" src=\"https:\/\/treasurebali.com\/wp-content\/uploads\/2024\/05\/Tegenungan-Waterfall-in-Bali-Popular-and-Scenic-Waterfall-Near-Ubud-Treasure-Bali.webp\" class=\"attachment-full size-full wp-image-373\" alt=\"Cascada de Tegenungan en Bali - Popular y pintoresca cascada cerca de Ubud - Treasure Bali\" srcset=\"https:\/\/treasurebali.com\/wp-content\/uploads\/2024\/05\/Tegenungan-Waterfall-in-Bali-Popular-and-Scenic-Waterfall-Near-Ubud-Treasure-Bali.webp 1600w, https:\/\/treasurebali.com\/wp-content\/uploads\/2024\/05\/Tegenungan-Waterfall-in-Bali-Popular-and-Scenic-Waterfall-Near-Ubud-Treasure-Bali-600x400.webp 600w, https:\/\/treasurebali.com\/wp-content\/uploads\/2024\/05\/Tegenungan-Waterfall-in-Bali-Popular-and-Scenic-Waterfall-Near-Ubud-Treasure-Bali-300x200.jpg 300w, https:\/\/treasurebali.com\/wp-content\/uploads\/2024\/05\/Tegenungan-Waterfall-in-Bali-Popular-and-Scenic-Waterfall-Near-Ubud-Treasure-Bali-1024x682.jpg 1024w, https:\/\/treasurebali.com\/wp-content\/uploads\/2024\/05\/Tegenungan-Waterfall-in-Bali-Popular-and-Scenic-Waterfall-Near-Ubud-Treasure-Bali-768x512.jpg 768w, https:\/\/treasurebali.com\/wp-content\/uploads\/2024\/05\/Tegenungan-Waterfall-in-Bali-Popular-and-Scenic-Waterfall-Near-Ubud-Treasure-Bali-1536x1023.jpg 1536w, https:\/\/treasurebali.com\/wp-content\/uploads\/2024\/05\/Tegenungan-Waterfall-in-Bali-Popular-and-Scenic-Waterfall-Near-Ubud-Treasure-Bali-18x12.jpg 18w\" sizes=\"(max-width: 1600px) 100vw, 1600px\" \/><\/div><\/a>\n\t\t\t\t<div class=\"elementor-post__text\">\n\t\t\t\t<h4 class=\"elementor-post__title\">\n\t\t\t<a href=\"https:\/\/treasurebali.com\/es\/blog\/6-cosas-que-hay-que-saber-antes-de-visitar-bali\/\" >\n\t\t\t\t6 cosas que hay que saber antes de visitar Bali\t\t\t<\/a>\n\t\t<\/h4>\n\t\t\t\t<div class=\"elementor-post__excerpt\">\n\t\t\t<p>\u00bfEst\u00e1 planeando un viaje a Bali, la encantadora isla de los dioses? Desde sus serenas playas hasta sus vibrantes fiestas culturales, Bali promete una experiencia de viaje inolvidable. Para que su visita sea lo m\u00e1s tranquila y agradable posible, hay algunas cosas importantes que debe saber antes de pisar sus pintorescas costas.<\/p>\n\t\t<\/div>\n\t\t\n\t\t<a class=\"elementor-post__read-more\" href=\"https:\/\/treasurebali.com\/es\/blog\/6-cosas-que-hay-que-saber-antes-de-visitar-bali\/\" aria-label=\"Leer m\u00e1s sobre 6 cosas que debe saber antes de visitar Bali\" tabindex=\"-1\" >\n\t\t\tSeguir leyendo\t\t<\/a>\n\n\t\t\t\t<\/div>\n\t\t\t\t\t<\/div>\n\t\t<\/article>\n\t\t\t\t<article class=\"elementor-post elementor-grid-item post-200 post type-post status-publish format-standard has-post-thumbnail hentry category-bali-travel-guides tag-bali-beach tag-bali-tourism tag-bali-travel tag-bali-travel-guide tag-bali-travel-list\">\n\t\t\t<div class=\"elementor-post__card\">\n\t\t\t\t<a class=\"elementor-post__thumbnail__link\" href=\"https:\/\/treasurebali.com\/es\/blog\/descubra-el-encanto-de-bali-las-7-razones-principales-para-visitarla\/\" tabindex=\"-1\" ><div class=\"elementor-post__thumbnail\"><img decoding=\"async\" width=\"958\" height=\"638\" src=\"https:\/\/treasurebali.com\/wp-content\/uploads\/2024\/04\/pura-ulun-danu-bratan-temple-in-Bali.jpg.webp\" class=\"attachment-full size-full wp-image-205\" alt=\"templo de pura ulun danu bratan en bali\" srcset=\"https:\/\/treasurebali.com\/wp-content\/uploads\/2024\/04\/pura-ulun-danu-bratan-temple-in-Bali.jpg.webp 958w, https:\/\/treasurebali.com\/wp-content\/uploads\/2024\/04\/pura-ulun-danu-bratan-temple-in-Bali.jpg-600x400.webp 600w, https:\/\/treasurebali.com\/wp-content\/uploads\/2024\/04\/pura-ulun-danu-bratan-temple-in-Bali.jpg-300x200.webp 300w, https:\/\/treasurebali.com\/wp-content\/uploads\/2024\/04\/pura-ulun-danu-bratan-temple-in-Bali.jpg-768x511.webp 768w, https:\/\/treasurebali.com\/wp-content\/uploads\/2024\/04\/pura-ulun-danu-bratan-temple-in-Bali.jpg-18x12.webp 18w\" sizes=\"(max-width: 958px) 100vw, 958px\" \/><\/div><\/a>\n\t\t\t\t<div class=\"elementor-post__text\">\n\t\t\t\t<h4 class=\"elementor-post__title\">\n\t\t\t<a href=\"https:\/\/treasurebali.com\/es\/blog\/descubra-el-encanto-de-bali-las-7-razones-principales-para-visitarla\/\" >\n\t\t\t\tDescubra el encanto de Bali: Las 7 razones principales para visitarla\t\t\t<\/a>\n\t\t<\/h4>\n\t\t\t\t<div class=\"elementor-post__excerpt\">\n\t\t\t<p>Bali, la famosa Isla de los Dioses, destaca como destino de ensue\u00f1o en el vasto archipi\u00e9lago indonesio. Conocida por sus exuberantes paisajes, su vibrante cultura y su c\u00e1lida hospitalidad, Bali ofrece una escapada sin igual. <\/p>\n\t\t<\/div>\n\t\t\n\t\t<a class=\"elementor-post__read-more\" href=\"https:\/\/treasurebali.com\/es\/blog\/descubra-el-encanto-de-bali-las-7-razones-principales-para-visitarla\/\" aria-label=\"Leer m\u00e1s sobre Descubra el encanto de Bali: Las 7 razones principales para visitarla\" tabindex=\"-1\" >\n\t\t\tSeguir leyendo\t\t<\/a>\n\n\t\t\t\t<\/div>\n\t\t\t\t\t<\/div>\n\t\t<\/article>\n\t\t\t\t<article class=\"elementor-post elementor-grid-item post-149 post type-post status-publish format-standard has-post-thumbnail hentry category-bali-tourist-levy tag-bali-tax tag-bali-tourist-levy tag-bali-tourist-tax\">\n\t\t\t<div class=\"elementor-post__card\">\n\t\t\t\t<a class=\"elementor-post__thumbnail__link\" href=\"https:\/\/treasurebali.com\/es\/blog\/la-mejora-de-la-vigilancia-en-uluwatu-pone-de-relieve-el-compromiso-con-la-proteccion-cultural-y-medioambiental\/\" tabindex=\"-1\" ><div class=\"elementor-post__thumbnail\"><img decoding=\"async\" width=\"1920\" height=\"1280\" src=\"https:\/\/treasurebali.com\/wp-content\/uploads\/2024\/04\/Treasure-Bali-Nusa-Penida-scaled.webp\" class=\"attachment-full size-full wp-image-151\" alt=\"Treasure Bali - Nusa Penida\" srcset=\"https:\/\/treasurebali.com\/wp-content\/uploads\/2024\/04\/Treasure-Bali-Nusa-Penida-scaled.webp 1920w, https:\/\/treasurebali.com\/wp-content\/uploads\/2024\/04\/Treasure-Bali-Nusa-Penida-scaled-600x400.webp 600w, https:\/\/treasurebali.com\/wp-content\/uploads\/2024\/04\/Treasure-Bali-Nusa-Penida-300x200.webp 300w, https:\/\/treasurebali.com\/wp-content\/uploads\/2024\/04\/Treasure-Bali-Nusa-Penida-1024x683.webp 1024w, https:\/\/treasurebali.com\/wp-content\/uploads\/2024\/04\/Treasure-Bali-Nusa-Penida-768x512.webp 768w, https:\/\/treasurebali.com\/wp-content\/uploads\/2024\/04\/Treasure-Bali-Nusa-Penida-1536x1024.webp 1536w\" sizes=\"(max-width: 1920px) 100vw, 1920px\" \/><\/div><\/a>\n\t\t\t\t<div class=\"elementor-post__text\">\n\t\t\t\t<h4 class=\"elementor-post__title\">\n\t\t\t<a href=\"https:\/\/treasurebali.com\/es\/blog\/la-mejora-de-la-vigilancia-en-uluwatu-pone-de-relieve-el-compromiso-con-la-proteccion-cultural-y-medioambiental\/\" >\n\t\t\t\tEl refuerzo de la vigilancia en Uluwatu pone de relieve el compromiso con la protecci\u00f3n cultural y medioambiental\t\t\t<\/a>\n\t\t<\/h4>\n\t\t\t\t<div class=\"elementor-post__excerpt\">\n\t\t\t<p>En un paso significativo hacia la aplicaci\u00f3n de la nueva Tasa al Turista Extranjero, la Oficina de Turismo del Gobierno de Bali llev\u00f3 a cabo una operaci\u00f3n de control en el emblem\u00e1tico destino tur\u00edstico de Uluwatu, en Badung. Esta iniciativa, llevada a cabo el martes por la tarde, se ajusta a la Normativa Provincial de Bali n\u00famero 6<\/p>\n\t\t<\/div>\n\t\t\n\t\t<a class=\"elementor-post__read-more\" href=\"https:\/\/treasurebali.com\/es\/blog\/la-mejora-de-la-vigilancia-en-uluwatu-pone-de-relieve-el-compromiso-con-la-proteccion-cultural-y-medioambiental\/\" aria-label=\"Leer m\u00e1s sobre La mejora de la vigilancia en Uluwatu pone de relieve el compromiso con la protecci\u00f3n cultural y medioambiental\" tabindex=\"-1\" >\n\t\t\tSeguir leyendo\t\t<\/a>\n\n\t\t\t\t<\/div>\n\t\t\t\t\t<\/div>\n\t\t<\/article>\n\t\t\t\t<article class=\"elementor-post elementor-grid-item post-143 post type-post status-publish format-standard has-post-thumbnail hentry category-bali-tourist-levy tag-bali-tax tag-bali-tourist-levy tag-bali-tourist-tax\">\n\t\t\t<div class=\"elementor-post__card\">\n\t\t\t\t<a class=\"elementor-post__thumbnail__link\" href=\"https:\/\/treasurebali.com\/es\/blog\/bali-aplica-controles-exhaustivos-a-los-bonos-de-la-tasa-turistica-2\/\" tabindex=\"-1\" ><div class=\"elementor-post__thumbnail\"><img loading=\"lazy\" decoding=\"async\" width=\"1920\" height=\"1290\" src=\"https:\/\/treasurebali.com\/wp-content\/uploads\/2024\/04\/Bali-Police-Creates-Special-Force-Team-To-Track-Protocol-Violators-scaled-1.webp\" class=\"attachment-full size-full wp-image-106\" alt=\"Bali implanta controles exhaustivos de los bonos de la tasa tur\u00edstica\" srcset=\"https:\/\/treasurebali.com\/wp-content\/uploads\/2024\/04\/Bali-Police-Creates-Special-Force-Team-To-Track-Protocol-Violators-scaled-1.webp 1920w, https:\/\/treasurebali.com\/wp-content\/uploads\/2024\/04\/Bali-Police-Creates-Special-Force-Team-To-Track-Protocol-Violators-scaled-1-600x403.webp 600w, https:\/\/treasurebali.com\/wp-content\/uploads\/2024\/04\/Bali-Police-Creates-Special-Force-Team-To-Track-Protocol-Violators-scaled-1-300x202.webp 300w, https:\/\/treasurebali.com\/wp-content\/uploads\/2024\/04\/Bali-Police-Creates-Special-Force-Team-To-Track-Protocol-Violators-scaled-1-1024x688.webp 1024w, https:\/\/treasurebali.com\/wp-content\/uploads\/2024\/04\/Bali-Police-Creates-Special-Force-Team-To-Track-Protocol-Violators-scaled-1-768x516.webp 768w, https:\/\/treasurebali.com\/wp-content\/uploads\/2024\/04\/Bali-Police-Creates-Special-Force-Team-To-Track-Protocol-Violators-scaled-1-1536x1032.webp 1536w\" sizes=\"(max-width: 1920px) 100vw, 1920px\" \/><\/div><\/a>\n\t\t\t\t<div class=\"elementor-post__text\">\n\t\t\t\t<h4 class=\"elementor-post__title\">\n\t\t\t<a href=\"https:\/\/treasurebali.com\/es\/blog\/bali-aplica-controles-exhaustivos-a-los-bonos-de-la-tasa-turistica-2\/\" >\n\t\t\t\tBali implanta controles exhaustivos de los bonos de la tasa tur\u00edstica\t\t\t<\/a>\n\t\t<\/h4>\n\t\t\t\t<div class=\"elementor-post__excerpt\">\n\t\t\t<p>La Oficina de Turismo de Bali ha anunciado una ampliaci\u00f3n de la aplicaci\u00f3n del sistema de vales de tasas tur\u00edsticas. Inicialmente centrado en los puntos de entrada a Bali, incluidos aeropuertos y puertos mar\u00edtimos, los controles se extender\u00e1n ahora a diversos destinos tur\u00edsticos de toda la isla, en consonancia con la normativa regional y del gobernador.<\/p>\n\t\t<\/div>\n\t\t\n\t\t<a class=\"elementor-post__read-more\" href=\"https:\/\/treasurebali.com\/es\/blog\/bali-aplica-controles-exhaustivos-a-los-bonos-de-la-tasa-turistica-2\/\" aria-label=\"Leer m\u00e1s sobre Bali implanta controles exhaustivos de los bonos de la tasa tur\u00edstica\" tabindex=\"-1\" >\n\t\t\tSeguir leyendo\t\t<\/a>\n\n\t\t\t\t<\/div>\n\t\t\t\t\t<\/div>\n\t\t<\/article>\n\t\t\t\t<article class=\"elementor-post elementor-grid-item post-127 post type-post status-publish format-standard has-post-thumbnail hentry category-bali-tourist-levy tag-bali-tax tag-bali-tourist-levy tag-bali-tourist-tax\">\n\t\t\t<div class=\"elementor-post__card\">\n\t\t\t\t<a class=\"elementor-post__thumbnail__link\" href=\"https:\/\/treasurebali.com\/es\/blog\/bali-aumenta-la-concienciacion-sobre-la-tasa-turistica-con-inspecciones-in-situ-en-destinos-clave\/\" tabindex=\"-1\" ><div class=\"elementor-post__thumbnail\"><img loading=\"lazy\" decoding=\"async\" width=\"1500\" height=\"1000\" src=\"https:\/\/treasurebali.com\/wp-content\/uploads\/2024\/04\/Treasure-Bali-Temple-Gate.webp\" class=\"attachment-full size-full wp-image-128\" alt=\"Treasure Bali - Puerta del Templo\" srcset=\"https:\/\/treasurebali.com\/wp-content\/uploads\/2024\/04\/Treasure-Bali-Temple-Gate.webp 1500w, https:\/\/treasurebali.com\/wp-content\/uploads\/2024\/04\/Treasure-Bali-Temple-Gate-600x400.webp 600w, https:\/\/treasurebali.com\/wp-content\/uploads\/2024\/04\/Treasure-Bali-Temple-Gate-300x200.webp 300w\" sizes=\"(max-width: 1500px) 100vw, 1500px\" \/><\/div><\/a>\n\t\t\t\t<div class=\"elementor-post__text\">\n\t\t\t\t<h4 class=\"elementor-post__title\">\n\t\t\t<a href=\"https:\/\/treasurebali.com\/es\/blog\/bali-aumenta-la-concienciacion-sobre-la-tasa-turistica-con-inspecciones-in-situ-en-destinos-clave\/\" >\n\t\t\t\tBali aumenta la concienciaci\u00f3n sobre la tasa tur\u00edstica con inspecciones in situ en destinos clave\t\t\t<\/a>\n\t\t<\/h4>\n\t\t\t\t<div class=\"elementor-post__excerpt\">\n\t\t\t<p>Desde el inicio de la Tasa al Turista Extranjero el 14 de febrero de 2024, el Gobierno Provincial de Bali ha sido diligente a la hora de garantizar el cumplimiento del Reglamento del Gobierno Provincial de Bali N\u00famero 6 de 2023.<\/p>\n\t\t<\/div>\n\t\t\n\t\t<a class=\"elementor-post__read-more\" href=\"https:\/\/treasurebali.com\/es\/blog\/bali-aumenta-la-concienciacion-sobre-la-tasa-turistica-con-inspecciones-in-situ-en-destinos-clave\/\" aria-label=\"Leer m\u00e1s sobre Bali aumenta la concienciaci\u00f3n sobre la tasa tur\u00edstica con inspecciones in situ en destinos clave\" tabindex=\"-1\" >\n\t\t\tSeguir leyendo\t\t<\/a>\n\n\t\t\t\t<\/div>\n\t\t\t\t\t<\/div>\n\t\t<\/article>\n\t\t\t\t<\/div>\n\t\t\n\t\t\t\t<\/div>\n\t\t\t\t<\/div>\n\t\t\t\t\t<\/div>\n\t\t\t\t<\/div>\n\t\t<div class=\"elementor-element elementor-element-4a96c9bd e-flex e-con-boxed e-con e-parent\" data-id=\"4a96c9bd\" data-element_type=\"container\">\n\t\t\t\t\t<div class=\"e-con-inner\">\n\t\t<div class=\"elementor-element elementor-element-7aac7b6e e-flex e-con-boxed e-con e-child\" data-id=\"7aac7b6e\" data-element_type=\"container\" data-settings=\"{&quot;background_background&quot;:&quot;classic&quot;}\">\n\t\t\t\t\t<div class=\"e-con-inner\">\n\t\t\t\t<div class=\"elementor-element elementor-element-58e3ae88 elementor-widget elementor-widget-heading\" data-id=\"58e3ae88\" data-element_type=\"widget\" data-widget_type=\"heading.default\">\n\t\t\t\t<div class=\"elementor-widget-container\">\n\t\t\t<h2 class=\"elementor-heading-title elementor-size-default\">Suscr\u00edbete a nuestro bolet\u00edn\npara estar al d\u00eda<\/h2>\t\t<\/div>\n\t\t\t\t<\/div>\n\t\t\t\t<div class=\"elementor-element elementor-element-1d7609a7 elementor-button-align-stretch elementor-widget elementor-widget-form\" data-id=\"1d7609a7\" data-element_type=\"widget\" data-settings=\"{&quot;step_next_label&quot;:&quot;Next&quot;,&quot;step_previous_label&quot;:&quot;Previous&quot;,&quot;button_width&quot;:&quot;40&quot;,&quot;button_width_tablet&quot;:&quot;40&quot;,&quot;step_type&quot;:&quot;number_text&quot;,&quot;step_icon_shape&quot;:&quot;circle&quot;}\" data-widget_type=\"form.default\">\n\t\t\t\t<div class=\"elementor-widget-container\">\n\t\t\t\t\t<form class=\"elementor-form\" method=\"post\" name=\"Newsletter Form\" action=\"\">\n\t\t\t<input type=\"hidden\" name=\"post_id\" value=\"96\"\/>\n\t\t\t<input type=\"hidden\" name=\"form_id\" value=\"1d7609a7\"\/>\n\t\t\t<input type=\"hidden\" name=\"referer_title\" value=\"\" \/>\n\n\t\t\t\n\t\t\t<div class=\"elementor-form-fields-wrapper elementor-labels-\">\n\t\t\t\t\t\t\t\t<div class=\"elementor-field-type-email elementor-field-group elementor-column elementor-field-group-email elementor-col-60 elementor-md-60 elementor-field-required\">\n\t\t\t\t\t\t\t\t\t\t\t\t<label for=\"form-field-email\" class=\"elementor-field-label elementor-screen-only\">\n\t\t\t\t\t\t\t\tTu correo electr\u00f3nico\t\t\t\t\t\t\t<\/label>\n\t\t\t\t\t\t\t\t\t\t\t\t\t\t<input size=\"1\" type=\"email\" name=\"form_fields[email]\" id=\"form-field-email\" class=\"elementor-field elementor-size-md  elementor-field-textual\" placeholder=\"Tu correo electr\u00f3nico\" required=\"required\" aria-required=\"true\">\n\t\t\t\t\t\t\t\t\t\t\t<\/div>\n\t\t\t\t\t\t\t\t<div class=\"elementor-field-group elementor-column elementor-field-type-submit elementor-col-40 e-form__buttons elementor-md-40\">\n\t\t\t\t\t<button class=\"elementor-button elementor-size-md\" type=\"submit\">\n\t\t\t\t\t\t<span class=\"elementor-button-content-wrapper\">\n\t\t\t\t\t\t\t\t\t\t\t\t\t\t\t\t\t\t\t\t\t\t<span class=\"elementor-button-text\">suscr\u00edbase a<\/span>\n\t\t\t\t\t\t\t\t\t\t\t\t\t<\/span>\n\t\t\t\t\t<\/button>\n\t\t\t\t<\/div>\n\t\t\t<\/div>\n\t\t<input type=\"hidden\" name=\"trp-form-language\" value=\"es\"\/><\/form>\n\t\t\t\t<\/div>\n\t\t\t\t<\/div>\n\t\t\t\t\t<\/div>\n\t\t\t\t<\/div>\n\t\t\t\t\t<\/div>\n\t\t\t\t<\/div>\n\t\t\t\t<\/div>","protected":false},"excerpt":{"rendered":"<p>Mant\u00e9ngase informado con las \u00faltimas actualizaciones y perspectivas de Treasure Bali.<\/p>","protected":false},"author":1,"featured_media":41,"parent":0,"menu_order":0,"comment_status":"closed","ping_status":"closed","template":"","meta":{"footnotes":""},"class_list":["post-96","page","type-page","status-publish","has-post-thumbnail","hentry"],"_links":{"self":[{"href":"https:\/\/treasurebali.com\/es\/wp-json\/wp\/v2\/pages\/96","targetHints":{"allow":["GET"]}}],"collection":[{"href":"https:\/\/treasurebali.com\/es\/wp-json\/wp\/v2\/pages"}],"about":[{"href":"https:\/\/treasurebali.com\/es\/wp-json\/wp\/v2\/types\/page"}],"author":[{"embeddable":true,"href":"https:\/\/treasurebali.com\/es\/wp-json\/wp\/v2\/users\/1"}],"replies":[{"embeddable":true,"href":"https:\/\/treasurebali.com\/es\/wp-json\/wp\/v2\/comments?post=96"}],"version-history":[{"count":7,"href":"https:\/\/treasurebali.com\/es\/wp-json\/wp\/v2\/pages\/96\/revisions"}],"predecessor-version":[{"id":180,"href":"https:\/\/treasurebali.com\/es\/wp-json\/wp\/v2\/pages\/96\/revisions\/180"}],"wp:featuredmedia":[{"embeddable":true,"href":"https:\/\/treasurebali.com\/es\/wp-json\/wp\/v2\/media\/41"}],"wp:attachment":[{"href":"https:\/\/treasurebali.com\/es\/wp-json\/wp\/v2\/media?parent=96"}],"curies":[{"name":"wp","href":"https:\/\/api.w.org\/{rel}","templated":true}]}}