{"id":2389,"date":"2024-08-05T17:19:27","date_gmt":"2024-08-05T15:19:27","guid":{"rendered":"https:\/\/treasurebali.com\/?page_id=2389"},"modified":"2024-08-05T17:25:22","modified_gmt":"2024-08-05T15:25:22","slug":"cookie-policy","status":"publish","type":"page","link":"https:\/\/treasurebali.com\/fr\/politique-en-matiere-de-cookies\/","title":{"rendered":"Politique en mati\u00e8re de cookies"},"content":{"rendered":"<div data-elementor-type=\"wp-page\" data-elementor-id=\"2389\" class=\"elementor elementor-2389\" data-elementor-post-type=\"page\">\n\t\t\t\t<div class=\"elementor-element elementor-element-3c0549ae e-flex e-con-boxed e-con e-parent\" data-id=\"3c0549ae\" data-element_type=\"container\">\n\t\t\t\t\t<div class=\"e-con-inner\">\n\t\t\t\t<div class=\"elementor-element elementor-element-24b1dc5 elementor-widget elementor-widget-text-editor\" data-id=\"24b1dc5\" data-element_type=\"widget\" data-widget_type=\"text-editor.default\">\n\t\t\t\t<div class=\"elementor-widget-container\">\n\t\t\t\t\t\t\t<h1>Politique en mati\u00e8re de cookies<\/h1><p>\u00a0<\/p><p><strong>1<\/strong><strong>. Introduction<\/strong><\/p><p>Bienvenue sur le site de Treasure Bali, exploit\u00e9 par Nova Group Sp. z o.o.<\/p><p>La pr\u00e9sente politique en mati\u00e8re de cookies explique comment nous utilisons les cookies et autres technologies similaires sur notre site web. En utilisant notre site web, vous consentez \u00e0 ce que nous utilisions des cookies comme d\u00e9crit dans cette politique.<\/p><p>\u00a0<\/p><p><strong>2. Que sont les cookies ?<\/strong><\/p><p>Les cookies sont de petits fichiers texte qui sont plac\u00e9s sur votre appareil lorsque vous visitez un site web. Ils sont g\u00e9n\u00e9ralement utilis\u00e9s pour faire fonctionner les sites web, ou les faire fonctionner plus efficacement, ainsi que pour fournir des informations aux propri\u00e9taires des sites. Les cookies peuvent stocker les pr\u00e9f\u00e9rences de l'utilisateur et d'autres informations.<\/p><p>\u00a0<\/p><p><strong>3. Types de cookies que nous utilisons<\/strong><\/p><p>Nous utilisons les types de cookies suivants :<\/p><ul><li><p><strong>Biscuits essentiels<\/strong>: Ces cookies sont n\u00e9cessaires au bon fonctionnement du site web. Ils permettent des fonctions de base telles que la navigation sur les pages et l'acc\u00e8s aux zones s\u00e9curis\u00e9es du site web. Sans ces cookies, le site web ne peut pas fonctionner correctement.<\/p><\/li><li><p><strong>Cookies de performance<\/strong>: Ces cookies recueillent des informations sur la fa\u00e7on dont vous utilisez notre site web, par exemple les pages que vous visitez le plus souvent et si vous recevez des messages d'erreur des pages web. Ces cookies ne collectent pas d'informations permettant de vous identifier. Toutes les informations collect\u00e9es par ces cookies sont agr\u00e9g\u00e9es et donc anonymes. Elles ne sont utilis\u00e9es que pour am\u00e9liorer le fonctionnement de notre site web.<\/p><\/li><li><p><strong>Cookies fonctionnels<\/strong>: Ces cookies permettent \u00e0 notre site web de se souvenir des choix que vous faites (comme votre nom d'utilisateur, votre langue ou la r\u00e9gion dans laquelle vous vous trouvez) et de fournir des fonctions am\u00e9lior\u00e9es et plus personnelles. Ces cookies peuvent \u00e9galement \u00eatre utilis\u00e9s pour m\u00e9moriser les modifications que vous avez apport\u00e9es \u00e0 la taille du texte, aux polices de caract\u00e8res et \u00e0 d'autres parties des pages web que vous pouvez personnaliser. Ils peuvent \u00e9galement \u00eatre utilis\u00e9s pour fournir des services que vous avez demand\u00e9s, comme regarder une vid\u00e9o ou commenter un blog. Les informations collect\u00e9es par ces cookies peuvent \u00eatre anonymis\u00e9es et elles ne peuvent pas suivre votre activit\u00e9 de navigation sur d'autres sites web.<\/p><\/li><li><strong>Cookies de ciblage\/publicit\u00e9 :<\/strong> Ces cookies suivent vos activit\u00e9s de navigation sur diff\u00e9rents sites web afin d'\u00e9tablir un profil de vos int\u00e9r\u00eats. Ces informations sont utilis\u00e9es pour vous proposer des publicit\u00e9s personnalis\u00e9es plus pertinentes. Elles nous aident \u00e9galement, ainsi que nos partenaires publicitaires, \u00e0 mesurer l'efficacit\u00e9 de nos campagnes publicitaires. Vous pouvez g\u00e9rer ou refuser ces cookies par le biais des param\u00e8tres de votre navigateur ou de notre outil de consentement aux cookies.<\/li><\/ul><p>\u00a0<\/p><p><strong>4. Comment nous utilisons les cookies<\/strong><\/p><p>Nous utilisons des cookies pour am\u00e9liorer votre exp\u00e9rience de navigation :<\/p><ul><li>M\u00e9morisation de vos pr\u00e9f\u00e9rences et de vos param\u00e8tres.<\/li><li>Comprendre comment vous utilisez notre site web afin d'y apporter des am\u00e9liorations.<\/li><li>Veiller \u00e0 ce que le site web fonctionne correctement et efficacement.<\/li><\/ul><p>\u00a0<\/p><p><strong>5. Gestion des cookies<\/strong><\/p><p>Vous avez la possibilit\u00e9 d'accepter ou de refuser les cookies en modifiant les param\u00e8tres de votre navigateur. La plupart des navigateurs web acceptent automatiquement les cookies, mais vous pouvez g\u00e9n\u00e9ralement modifier les param\u00e8tres de votre navigateur pour refuser les cookies si vous le souhaitez. Sachez que la d\u00e9sactivation des cookies peut affecter la fonctionnalit\u00e9 de notre site web et vous emp\u00eacher d'en profiter pleinement.<\/p><p><strong>Comment g\u00e9rer les cookies :<\/strong><\/p><ul><li><strong>Sur les navigateurs de bureau :<\/strong> Vous pouvez g\u00e9rer les cookies en ajustant les param\u00e8tres de votre navigateur. Voici des liens permettant de g\u00e9rer les cookies pour certains navigateurs courants :<ul><li><a target=\"_new\" rel=\"noreferrer\">Google Chrome<\/a><\/li><li><a href=\"https:\/\/support.mozilla.org\/en-US\/kb\/enable-and-disable-cookies-website-preferences\" target=\"_new\" rel=\"noreferrer\">Mozilla Firefox<\/a><\/li><li><a href=\"https:\/\/support.microsoft.com\/en-us\/microsoft-edge\/delete-cookies-in-microsoft-edge-63947406-40ac-c3b8-57b9-2a946a29ae09\" target=\"_new\" rel=\"noreferrer\">Microsoft Edge<\/a><\/li><li><a href=\"https:\/\/support.apple.com\/guide\/safari\/manage-cookies-and-website-data-sfri11471\/mac\" target=\"_new\" rel=\"noreferrer\">Safari<\/a><\/li><\/ul><\/li><li><strong>Sur les appareils mobiles :<\/strong> La gestion des cookies peut varier d'un appareil \u00e0 l'autre et d'un navigateur \u00e0 l'autre. Vous pouvez g\u00e9n\u00e9ralement g\u00e9rer les param\u00e8tres dans les param\u00e8tres du navigateur de votre appareil mobile.<\/li><\/ul><p>\u00a0<\/p><p><strong>6. Consentement<\/strong><\/p><p>En utilisant notre site web, vous consentez \u00e0 l'utilisation de cookies telle que d\u00e9crite dans la pr\u00e9sente politique. Vous pouvez retirer votre consentement \u00e0 tout moment en ajustant les param\u00e8tres de votre navigateur ou en supprimant les cookies de votre navigateur.<\/p><p>\u00a0<\/p><p><strong>7. Modifications de la pr\u00e9sente politique en mati\u00e8re de cookies<\/strong><\/p><p>Nous pouvons mettre \u00e0 jour la pr\u00e9sente politique en mati\u00e8re de cookies p\u00e9riodiquement pour refl\u00e9ter des changements dans nos pratiques ou pour d'autres raisons op\u00e9rationnelles, juridiques ou r\u00e9glementaires. Nous vous informerons de toute modification importante en publiant la nouvelle politique sur notre site web et en actualisant la date de \"derni\u00e8re mise \u00e0 jour\" au bas de cette page.<\/p><p>\u00a0<\/p><p><strong>8. Nous contacter<\/strong><\/p><p>Si vous avez des questions ou des pr\u00e9occupations concernant la pr\u00e9sente politique en mati\u00e8re de cookies, veuillez nous contacter \u00e0 l'adresse suivante<\/p><p>NOVA Group Sp. z o.o.<\/p><p>\u017burawia 6\/12 lok. 745, 00-503 Warszawa, Pologne<\/p><p>NUM\u00c9RO D'IDENTIFICATION FISCALE : PL7011215529<\/p><p>REGON : 529224431<\/p><p><a href=\"mailto:contact@treasurebali.com\">contact@treasurebali.com<\/a><\/p>\t\t\t\t\t\t<\/div>\n\t\t\t\t<\/div>\n\t\t\t\t\t<\/div>\n\t\t\t\t<\/div>\n\t\t\t\t<\/div>","protected":false},"excerpt":{"rendered":"<p>Cookie Policy \u00a0 1. Introduction Welcome to Treasure Bali, operated by Nova Group Sp. z o.o. This Cookie Policy explains how we use cookies and similar technologies on our website. By using our website, you consent to our use of cookies as described in this policy. \u00a0 2. What Are Cookies? Cookies are small text [&hellip;]<\/p>","protected":false},"author":1,"featured_media":0,"parent":0,"menu_order":0,"comment_status":"closed","ping_status":"closed","template":"","meta":{"footnotes":""},"class_list":["post-2389","page","type-page","status-publish","hentry"],"_links":{"self":[{"href":"https:\/\/treasurebali.com\/fr\/wp-json\/wp\/v2\/pages\/2389","targetHints":{"allow":["GET"]}}],"collection":[{"href":"https:\/\/treasurebali.com\/fr\/wp-json\/wp\/v2\/pages"}],"about":[{"href":"https:\/\/treasurebali.com\/fr\/wp-json\/wp\/v2\/types\/page"}],"author":[{"embeddable":true,"href":"https:\/\/treasurebali.com\/fr\/wp-json\/wp\/v2\/users\/1"}],"replies":[{"embeddable":true,"href":"https:\/\/treasurebali.com\/fr\/wp-json\/wp\/v2\/comments?post=2389"}],"version-history":[{"count":4,"href":"https:\/\/treasurebali.com\/fr\/wp-json\/wp\/v2\/pages\/2389\/revisions"}],"predecessor-version":[{"id":2400,"href":"https:\/\/treasurebali.com\/fr\/wp-json\/wp\/v2\/pages\/2389\/revisions\/2400"}],"wp:attachment":[{"href":"https:\/\/treasurebali.com\/fr\/wp-json\/wp\/v2\/media?parent=2389"}],"curies":[{"name":"wp","href":"https:\/\/api.w.org\/{rel}","templated":true}]}}