{"id":39,"date":"2024-04-09T05:11:33","date_gmt":"2024-04-09T03:11:33","guid":{"rendered":"http:\/\/treasurebali.com\/?page_id=39"},"modified":"2024-04-11T06:59:14","modified_gmt":"2024-04-11T04:59:14","slug":"what-is-the-bali-tourist-tax-how-to-easily-pay-it-with-treasure-bali","status":"publish","type":"page","link":"https:\/\/treasurebali.com\/fr\/quest-ce-que-la-taxe-touristique-de-bali-comment-la-payer-facilement-avec-treasure-bali\/","title":{"rendered":"What is the Bali Tourist Tax &#038; How to Easily Pay It with Treasure Bali"},"content":{"rendered":"<div data-elementor-type=\"wp-page\" data-elementor-id=\"39\" class=\"elementor elementor-39\" data-elementor-post-type=\"page\">\n\t\t\t\t<div class=\"elementor-element elementor-element-4f26519 e-flex e-con-boxed e-con e-parent\" data-id=\"4f26519\" data-element_type=\"container\" data-settings=\"{&quot;background_background&quot;:&quot;classic&quot;}\">\n\t\t\t\t\t<div class=\"e-con-inner\">\n\t\t\t\t<div class=\"elementor-element elementor-element-b84797b elementor-widget elementor-widget-heading\" data-id=\"b84797b\" data-element_type=\"widget\" data-widget_type=\"heading.default\">\n\t\t\t\t<div class=\"elementor-widget-container\">\n\t\t\t<h1 class=\"elementor-heading-title elementor-size-default\">Taxe de s\u00e9jour \u00e0 Bali<\/h1>\t\t<\/div>\n\t\t\t\t<\/div>\n\t\t\t\t<div class=\"elementor-element elementor-element-ac2cb59 elementor-widget elementor-widget-heading\" data-id=\"ac2cb59\" data-element_type=\"widget\" data-widget_type=\"heading.default\">\n\t\t\t\t<div class=\"elementor-widget-container\">\n\t\t\t<h2 class=\"elementor-heading-title elementor-size-default\">Guide de paiement facile pour les voyageurs internationaux<\/h2>\t\t<\/div>\n\t\t\t\t<\/div>\n\t\t\t\t\t<\/div>\n\t\t\t\t<\/div>\n\t\t<div class=\"elementor-element elementor-element-577bc2e e-flex e-con-boxed e-con e-parent\" data-id=\"577bc2e\" data-element_type=\"container\">\n\t\t\t\t\t<div class=\"e-con-inner\">\n\t\t\t\t<div class=\"elementor-element elementor-element-ab824a4 elementor-widget elementor-widget-text-editor\" data-id=\"ab824a4\" data-element_type=\"widget\" data-widget_type=\"text-editor.default\">\n\t\t\t\t<div class=\"elementor-widget-container\">\n\t\t\t\t\t\t\t<p>Bienvenue sur Treasure Bali, votre guide et assistant ultime pour naviguer facilement dans la taxe touristique de Bali. Alors que Bali enchante les visiteurs par ses paysages \u00e0 couper le souffle et sa riche culture, comprendre et payer la taxe de s\u00e9jour est une \u00e9tape que chaque voyageur doit franchir pour contribuer \u00e0 la durabilit\u00e9 de l'\u00eele. Voici tout ce que vous devez savoir sur la taxe de s\u00e9jour \u00e0 Bali et sur la mani\u00e8re dont Treasure Bali rend le processus de paiement transparent et pratique.<\/p>\t\t\t\t\t\t<\/div>\n\t\t\t\t<\/div>\n\t\t\t\t<div class=\"elementor-element elementor-element-e973d65 elementor-widget elementor-widget-heading\" data-id=\"e973d65\" data-element_type=\"widget\" data-widget_type=\"heading.default\">\n\t\t\t\t<div class=\"elementor-widget-container\">\n\t\t\t<h3 class=\"elementor-heading-title elementor-size-default\">Qu'est-ce que la taxe touristique de Bali ?<\/h3>\t\t<\/div>\n\t\t\t\t<\/div>\n\t\t\t\t<div class=\"elementor-element elementor-element-ad3ec25 elementor-widget elementor-widget-text-editor\" data-id=\"ad3ec25\" data-element_type=\"widget\" data-widget_type=\"text-editor.default\">\n\t\t\t\t<div class=\"elementor-widget-container\">\n\t\t\t\t\t\t\t<p>La taxe touristique de Bali est une taxe impos\u00e9e par le gouvernement provincial de Bali aux visiteurs internationaux. Cette initiative s'inscrit dans le cadre de l'engagement de Bali \u00e0 pr\u00e9server sa beaut\u00e9 naturelle et son patrimoine culturel. La taxe collect\u00e9e est affect\u00e9e \u00e0 la pr\u00e9servation de l'environnement et \u00e0 des projets culturels qui garantissent que Bali reste un paradis pour les g\u00e9n\u00e9rations futures.<\/p>\t\t\t\t\t\t<\/div>\n\t\t\t\t<\/div>\n\t\t\t\t<div class=\"elementor-element elementor-element-e858427 elementor-widget elementor-widget-heading\" data-id=\"e858427\" data-element_type=\"widget\" data-widget_type=\"heading.default\">\n\t\t\t\t<div class=\"elementor-widget-container\">\n\t\t\t<h3 class=\"elementor-heading-title elementor-size-default\">Qui doit payer ?<\/h3>\t\t<\/div>\n\t\t\t\t<\/div>\n\t\t\t\t<div class=\"elementor-element elementor-element-c48f2c1 elementor-widget elementor-widget-text-editor\" data-id=\"c48f2c1\" data-element_type=\"widget\" data-widget_type=\"text-editor.default\">\n\t\t\t\t<div class=\"elementor-widget-container\">\n\t\t\t\t\t\t\t<p>Tous les touristes internationaux qui se rendent \u00e0 Bali doivent payer la taxe de s\u00e9jour, avec des exemptions pour les enfants de moins de 2 ans, les r\u00e9sidents de longue dur\u00e9e et les personnes voyageant pour des raisons sp\u00e9cifiques li\u00e9es au gouvernement.<\/p>\t\t\t\t\t\t<\/div>\n\t\t\t\t<\/div>\n\t\t\t\t<div class=\"elementor-element elementor-element-6bd3741 elementor-widget elementor-widget-heading\" data-id=\"6bd3741\" data-element_type=\"widget\" data-widget_type=\"heading.default\">\n\t\t\t\t<div class=\"elementor-widget-container\">\n\t\t\t<h3 class=\"elementor-heading-title elementor-size-default\">Quel est le montant de la taxe ?<\/h3>\t\t<\/div>\n\t\t\t\t<\/div>\n\t\t\t\t<div class=\"elementor-element elementor-element-1453ba7 elementor-widget elementor-widget-text-editor\" data-id=\"1453ba7\" data-element_type=\"widget\" data-widget_type=\"text-editor.default\">\n\t\t\t\t<div class=\"elementor-widget-container\">\n\t\t\t\t\t\t\t<p>Le montant total de la taxe touristique de Bali, y compris les frais de traitement et les frais de service, est fix\u00e9 \u00e0 350 000 IDR. Cela \u00e9quivaut \u00e0 environ 20 EUR ou 22 USD, ce qui en fait une contribution abordable mais efficace aux efforts de conservation et de pr\u00e9servation culturelle de l'\u00eele. Avec Treasure Bali, le processus de paiement est non seulement transparent mais aussi simple, ce qui garantit que votre contribution soutient directement les initiatives de durabilit\u00e9 de Bali.<\/p>\t\t\t\t\t\t<\/div>\n\t\t\t\t<\/div>\n\t\t\t\t<div class=\"elementor-element elementor-element-f572c60 elementor-widget elementor-widget-heading\" data-id=\"f572c60\" data-element_type=\"widget\" data-widget_type=\"heading.default\">\n\t\t\t\t<div class=\"elementor-widget-container\">\n\t\t\t<h3 class=\"elementor-heading-title elementor-size-default\">Paiement facile avec Treasure Bali<\/h3>\t\t<\/div>\n\t\t\t\t<\/div>\n\t\t\t\t<div class=\"elementor-element elementor-element-2733b7a elementor-widget elementor-widget-text-editor\" data-id=\"2733b7a\" data-element_type=\"widget\" data-widget_type=\"text-editor.default\">\n\t\t\t\t<div class=\"elementor-widget-container\">\n\t\t\t\t\t\t\t<p>Avec Treasure Bali, le paiement de la taxe de s\u00e9jour est plus facile que jamais. Voici pourquoi vous devriez nous choisir pour une exp\u00e9rience sans tracas :<\/p><ul><li><strong>Int\u00e9gration directe<\/strong>: Notre plateforme est directement int\u00e9gr\u00e9e aux passerelles de paiement officielles, ce qui garantit que votre paiement va directement aux projets de conservation concern\u00e9s.<\/li><li><strong>Confirmation instantan\u00e9e<\/strong>: Recevez une confirmation imm\u00e9diate de votre paiement ainsi qu'un re\u00e7u num\u00e9rique que vous pouvez sauvegarder sur votre appareil ou imprimer.<\/li><li><strong>Soutien et assistance<\/strong>: Vous rencontrez un probl\u00e8me ? Notre \u00e9quipe d'assistance est l\u00e0 pour vous aider \u00e0 chaque \u00e9tape et vous garantir une exp\u00e9rience sans probl\u00e8me.<\/li><\/ul>\t\t\t\t\t\t<\/div>\n\t\t\t\t<\/div>\n\t\t\t\t<div class=\"elementor-element elementor-element-097903b elementor-widget elementor-widget-heading\" data-id=\"097903b\" data-element_type=\"widget\" data-widget_type=\"heading.default\">\n\t\t\t\t<div class=\"elementor-widget-container\">\n\t\t\t<h3 class=\"elementor-heading-title elementor-size-default\">Comment payer la taxe de s\u00e9jour \u00e0 Bali avec Treasure Bali<\/h3>\t\t<\/div>\n\t\t\t\t<\/div>\n\t\t\t\t<div class=\"elementor-element elementor-element-d18c1a8 elementor-widget elementor-widget-text-editor\" data-id=\"d18c1a8\" data-element_type=\"widget\" data-widget_type=\"text-editor.default\">\n\t\t\t\t<div class=\"elementor-widget-container\">\n\t\t\t\t\t\t\t<ul><li>Visitez notre page d\u00e9di\u00e9e \u00e0 la taxe de s\u00e9jour.<\/li><li>Saisissez les d\u00e9tails de votre voyage.<\/li><li>Effectuez le paiement en utilisant notre passerelle s\u00e9curis\u00e9e.<\/li><li>Recevez votre confirmation instantan\u00e9e et votre re\u00e7u num\u00e9rique.<\/li><\/ul>\t\t\t\t\t\t<\/div>\n\t\t\t\t<\/div>\n\t\t\t\t<div class=\"elementor-element elementor-element-c5f1b97 elementor-widget elementor-widget-heading\" data-id=\"c5f1b97\" data-element_type=\"widget\" data-widget_type=\"heading.default\">\n\t\t\t\t<div class=\"elementor-widget-container\">\n\t\t\t<h3 class=\"elementor-heading-title elementor-size-default\">FAQ<\/h3>\t\t<\/div>\n\t\t\t\t<\/div>\n\t\t\t\t<div class=\"elementor-element elementor-element-c3b90c9 elementor-widget elementor-widget-accordion\" data-id=\"c3b90c9\" data-element_type=\"widget\" data-widget_type=\"accordion.default\">\n\t\t\t\t<div class=\"elementor-widget-container\">\n\t\t\t\t\t<div class=\"elementor-accordion\">\n\t\t\t\t\t\t\t<div class=\"elementor-accordion-item\">\n\t\t\t\t\t<div id=\"elementor-tab-title-2051\" class=\"elementor-tab-title\" data-tab=\"1\" role=\"button\" aria-controls=\"elementor-tab-content-2051\" aria-expanded=\"false\">\n\t\t\t\t\t\t\t\t\t\t\t\t\t<span class=\"elementor-accordion-icon elementor-accordion-icon-left\" aria-hidden=\"true\">\n\t\t\t\t\t\t\t\t\t\t\t\t\t\t\t<span class=\"elementor-accordion-icon-closed\"><svg class=\"e-font-icon-svg e-fas-plus\" viewbox=\"0 0 448 512\" xmlns=\"http:\/\/www.w3.org\/2000\/svg\"><path d=\"M416 208H272V64c0-17.67-14.33-32-32-32h-32c-17.67 0-32 14.33-32 32v144H32c-17.67 0-32 14.33-32 32v32c0 17.67 14.33 32 32 32h144v144c0 17.67 14.33 32 32 32h32c17.67 0 32-14.33 32-32V304h144c17.67 0 32-14.33 32-32v-32c0-17.67-14.33-32-32-32z\"><\/path><\/svg><\/span>\n\t\t\t\t\t\t\t\t<span class=\"elementor-accordion-icon-opened\"><svg class=\"e-font-icon-svg e-fas-minus\" viewbox=\"0 0 448 512\" xmlns=\"http:\/\/www.w3.org\/2000\/svg\"><path d=\"M416 208H32c-17.67 0-32 14.33-32 32v32c0 17.67 14.33 32 32 32h384c17.67 0 32-14.33 32-32v-32c0-17.67-14.33-32-32-32z\"><\/path><\/svg><\/span>\n\t\t\t\t\t\t\t\t\t\t\t\t\t\t<\/span>\n\t\t\t\t\t\t\t\t\t\t\t\t<a class=\"elementor-accordion-title\" tabindex=\"0\">Puis-je payer la taxe \u00e0 mon arriv\u00e9e \u00e0 Bali ?<\/a>\n\t\t\t\t\t<\/div>\n\t\t\t\t\t<div id=\"elementor-tab-content-2051\" class=\"elementor-tab-content elementor-clearfix\" data-tab=\"1\" role=\"region\" aria-labelledby=\"elementor-tab-title-2051\"><p>Bien que le paiement \u00e0 l'arriv\u00e9e soit possible, nous recommandons d'utiliser Treasure Bali pour un paiement rapide, s\u00e9curis\u00e9 et sans probl\u00e8me avant votre voyage.<\/p><\/div>\n\t\t\t\t<\/div>\n\t\t\t\t\t\t\t<div class=\"elementor-accordion-item\">\n\t\t\t\t\t<div id=\"elementor-tab-title-2052\" class=\"elementor-tab-title\" data-tab=\"2\" role=\"button\" aria-controls=\"elementor-tab-content-2052\" aria-expanded=\"false\">\n\t\t\t\t\t\t\t\t\t\t\t\t\t<span class=\"elementor-accordion-icon elementor-accordion-icon-left\" aria-hidden=\"true\">\n\t\t\t\t\t\t\t\t\t\t\t\t\t\t\t<span class=\"elementor-accordion-icon-closed\"><svg class=\"e-font-icon-svg e-fas-plus\" viewbox=\"0 0 448 512\" xmlns=\"http:\/\/www.w3.org\/2000\/svg\"><path d=\"M416 208H272V64c0-17.67-14.33-32-32-32h-32c-17.67 0-32 14.33-32 32v144H32c-17.67 0-32 14.33-32 32v32c0 17.67 14.33 32 32 32h144v144c0 17.67 14.33 32 32 32h32c17.67 0 32-14.33 32-32V304h144c17.67 0 32-14.33 32-32v-32c0-17.67-14.33-32-32-32z\"><\/path><\/svg><\/span>\n\t\t\t\t\t\t\t\t<span class=\"elementor-accordion-icon-opened\"><svg class=\"e-font-icon-svg e-fas-minus\" viewbox=\"0 0 448 512\" xmlns=\"http:\/\/www.w3.org\/2000\/svg\"><path d=\"M416 208H32c-17.67 0-32 14.33-32 32v32c0 17.67 14.33 32 32 32h384c17.67 0 32-14.33 32-32v-32c0-17.67-14.33-32-32-32z\"><\/path><\/svg><\/span>\n\t\t\t\t\t\t\t\t\t\t\t\t\t\t<\/span>\n\t\t\t\t\t\t\t\t\t\t\t\t<a class=\"elementor-accordion-title\" tabindex=\"0\">Que se passe-t-il si je ne paie pas la taxe de s\u00e9jour ?<\/a>\n\t\t\t\t\t<\/div>\n\t\t\t\t\t<div id=\"elementor-tab-content-2052\" class=\"elementor-tab-content elementor-clearfix\" data-tab=\"2\" role=\"region\" aria-labelledby=\"elementor-tab-title-2052\"><p>Le paiement de la taxe de s\u00e9jour est obligatoire pour tous les touristes. Le non-respect de cette obligation peut entra\u00eener des retards ou des complications pendant votre s\u00e9jour.<\/p><\/div>\n\t\t\t\t<\/div>\n\t\t\t\t\t\t\t<div class=\"elementor-accordion-item\">\n\t\t\t\t\t<div id=\"elementor-tab-title-2053\" class=\"elementor-tab-title\" data-tab=\"3\" role=\"button\" aria-controls=\"elementor-tab-content-2053\" aria-expanded=\"false\">\n\t\t\t\t\t\t\t\t\t\t\t\t\t<span class=\"elementor-accordion-icon elementor-accordion-icon-left\" aria-hidden=\"true\">\n\t\t\t\t\t\t\t\t\t\t\t\t\t\t\t<span class=\"elementor-accordion-icon-closed\"><svg class=\"e-font-icon-svg e-fas-plus\" viewbox=\"0 0 448 512\" xmlns=\"http:\/\/www.w3.org\/2000\/svg\"><path d=\"M416 208H272V64c0-17.67-14.33-32-32-32h-32c-17.67 0-32 14.33-32 32v144H32c-17.67 0-32 14.33-32 32v32c0 17.67 14.33 32 32 32h144v144c0 17.67 14.33 32 32 32h32c17.67 0 32-14.33 32-32V304h144c17.67 0 32-14.33 32-32v-32c0-17.67-14.33-32-32-32z\"><\/path><\/svg><\/span>\n\t\t\t\t\t\t\t\t<span class=\"elementor-accordion-icon-opened\"><svg class=\"e-font-icon-svg e-fas-minus\" viewbox=\"0 0 448 512\" xmlns=\"http:\/\/www.w3.org\/2000\/svg\"><path d=\"M416 208H32c-17.67 0-32 14.33-32 32v32c0 17.67 14.33 32 32 32h384c17.67 0 32-14.33 32-32v-32c0-17.67-14.33-32-32-32z\"><\/path><\/svg><\/span>\n\t\t\t\t\t\t\t\t\t\t\t\t\t\t<\/span>\n\t\t\t\t\t\t\t\t\t\t\t\t<a class=\"elementor-accordion-title\" tabindex=\"0\">La taxe de s\u00e9jour est-elle remboursable ?<\/a>\n\t\t\t\t\t<\/div>\n\t\t\t\t\t<div id=\"elementor-tab-content-2053\" class=\"elementor-tab-content elementor-clearfix\" data-tab=\"3\" role=\"region\" aria-labelledby=\"elementor-tab-title-2053\"><p>La taxe de s\u00e9jour n'est pas remboursable, car elle contribue directement aux efforts de conservation et \u00e0 l'am\u00e9lioration des installations touristiques \u00e0 Bali.<\/p><\/div>\n\t\t\t\t<\/div>\n\t\t\t\t\t\t\t\t<\/div>\n\t\t\t\t<\/div>\n\t\t\t\t<\/div>\n\t\t\t\t<div class=\"elementor-element elementor-element-d1d64b3 elementor-widget elementor-widget-heading\" data-id=\"d1d64b3\" data-element_type=\"widget\" data-widget_type=\"heading.default\">\n\t\t\t\t<div class=\"elementor-widget-container\">\n\t\t\t<h3 class=\"elementor-heading-title elementor-size-default\">Treasure Bali : Votre partenaire pour un voyage responsable<\/h3>\t\t<\/div>\n\t\t\t\t<\/div>\n\t\t\t\t<div class=\"elementor-element elementor-element-596c48b elementor-widget elementor-widget-text-editor\" data-id=\"596c48b\" data-element_type=\"widget\" data-widget_type=\"text-editor.default\">\n\t\t\t\t<div class=\"elementor-widget-container\">\n\t\t\t\t\t\t\t<p>Chez Treasure Bali, nous nous engageons \u00e0 rendre votre visite \u00e0 Bali non seulement m\u00e9morable, mais aussi responsable. En facilitant le paiement de la taxe de s\u00e9jour \u00e0 Bali, nous veillons \u00e0 ce que votre visite contribue \u00e0 la durabilit\u00e9 et \u00e0 la beaut\u00e9 de l'\u00eele. Explorez Bali en toute s\u00e9r\u00e9nit\u00e9, en sachant que vous contribuez \u00e0 rendre l'\u00eele plus verte et plus dynamique pour les g\u00e9n\u00e9rations \u00e0 venir.<\/p>\t\t\t\t\t\t<\/div>\n\t\t\t\t<\/div>\n\t\t\t\t<div class=\"elementor-element elementor-element-fd68862 elementor-widget elementor-widget-text-editor\" data-id=\"fd68862\" data-element_type=\"widget\" data-widget_type=\"text-editor.default\">\n\t\t\t\t<div class=\"elementor-widget-container\">\n\t\t\t\t\t\t\t<p>Treasure Bali Application en tant que mise en \u0153uvre du r\u00e8glement r\u00e9gional num\u00e9ro 6 de 2023 sur la taxe touristique internationale pour la protection de la culture et de l'environnement naturel de Bali <br \/><a href=\"https:\/\/drive.google.com\/file\/d\/1ILR3pDXAD-rjmEf3XAb2V3hRb5Fjzswq\/view?usp=sharing\" target=\"_blank\" rel=\"noopener\">T\u00e9l\u00e9charger le document de r\u00e8glement ici.<\/a><\/p>\t\t\t\t\t\t<\/div>\n\t\t\t\t<\/div>\n\t\t\t\t\t<\/div>\n\t\t\t\t<\/div>\n\t\t\t\t<\/div>","protected":false},"excerpt":{"rendered":"<p>Learn about Bali&#8217;s Tourist Tax and pay easily with Treasure Bali. Get all set for your trip with our quick guide and contribute to Bali\u2019s preservation.<\/p>","protected":false},"author":1,"featured_media":0,"parent":0,"menu_order":0,"comment_status":"closed","ping_status":"closed","template":"","meta":{"footnotes":""},"class_list":["post-39","page","type-page","status-publish","hentry"],"_links":{"self":[{"href":"https:\/\/treasurebali.com\/fr\/wp-json\/wp\/v2\/pages\/39","targetHints":{"allow":["GET"]}}],"collection":[{"href":"https:\/\/treasurebali.com\/fr\/wp-json\/wp\/v2\/pages"}],"about":[{"href":"https:\/\/treasurebali.com\/fr\/wp-json\/wp\/v2\/types\/page"}],"author":[{"embeddable":true,"href":"https:\/\/treasurebali.com\/fr\/wp-json\/wp\/v2\/users\/1"}],"replies":[{"embeddable":true,"href":"https:\/\/treasurebali.com\/fr\/wp-json\/wp\/v2\/comments?post=39"}],"version-history":[{"count":10,"href":"https:\/\/treasurebali.com\/fr\/wp-json\/wp\/v2\/pages\/39\/revisions"}],"predecessor-version":[{"id":52,"href":"https:\/\/treasurebali.com\/fr\/wp-json\/wp\/v2\/pages\/39\/revisions\/52"}],"wp:attachment":[{"href":"https:\/\/treasurebali.com\/fr\/wp-json\/wp\/v2\/media?parent=39"}],"curies":[{"name":"wp","href":"https:\/\/api.w.org\/{rel}","templated":true}]}}