{"id":96,"date":"2024-04-12T15:48:33","date_gmt":"2024-04-12T13:48:33","guid":{"rendered":"http:\/\/treasurebali.com\/?page_id=96"},"modified":"2024-04-13T12:21:19","modified_gmt":"2024-04-13T10:21:19","slug":"blog","status":"publish","type":"page","link":"https:\/\/treasurebali.com\/fr\/blog\/","title":{"rendered":"Blog"},"content":{"rendered":"<div data-elementor-type=\"wp-page\" data-elementor-id=\"96\" class=\"elementor elementor-96\" data-elementor-post-type=\"page\">\n\t\t\t\t<div class=\"elementor-element elementor-element-48582610 e-con-full e-flex e-con e-parent\" data-id=\"48582610\" data-element_type=\"container\" data-settings=\"{&quot;background_background&quot;:&quot;classic&quot;}\">\n\t\t\t\t<div class=\"elementor-element elementor-element-1ffe0a00 elementor-widget elementor-widget-heading\" data-id=\"1ffe0a00\" data-element_type=\"widget\" data-widget_type=\"heading.default\">\n\t\t\t\t<div class=\"elementor-widget-container\">\n\t\t\t<h1 class=\"elementor-heading-title elementor-size-default\">Nouvelles et mises \u00e0 jour<\/h1>\t\t<\/div>\n\t\t\t\t<\/div>\n\t\t\t\t<div class=\"elementor-element elementor-element-72309d0c elementor-widget__width-inherit elementor-widget elementor-widget-text-editor\" data-id=\"72309d0c\" data-element_type=\"widget\" data-widget_type=\"text-editor.default\">\n\t\t\t\t<div class=\"elementor-widget-container\">\n\t\t\t\t\t\t\t<p>Restez inform\u00e9 gr\u00e2ce aux derni\u00e8res mises \u00e0 jour et aux commentaires de Treasure Bali. Tout ce que vous devez savoir pour votre prochain voyage se trouve ici.<\/p>\t\t\t\t\t\t<\/div>\n\t\t\t\t<\/div>\n\t\t\t\t<\/div>\n\t\t<div class=\"elementor-element elementor-element-11e59975 e-flex e-con-boxed e-con e-parent\" data-id=\"11e59975\" data-element_type=\"container\">\n\t\t\t\t\t<div class=\"e-con-inner\">\n\t\t\t\t<div class=\"elementor-element elementor-element-479108d1 elementor-posts__hover-none elementor-grid-3 elementor-grid-tablet-2 elementor-grid-mobile-1 elementor-posts--thumbnail-top elementor-widget elementor-widget-posts\" data-id=\"479108d1\" data-element_type=\"widget\" data-settings=\"{&quot;cards_row_gap&quot;:{&quot;unit&quot;:&quot;px&quot;,&quot;size&quot;:80,&quot;sizes&quot;:[]},&quot;cards_row_gap_tablet&quot;:{&quot;unit&quot;:&quot;px&quot;,&quot;size&quot;:71,&quot;sizes&quot;:[]},&quot;cards_row_gap_mobile&quot;:{&quot;unit&quot;:&quot;px&quot;,&quot;size&quot;:30,&quot;sizes&quot;:[]},&quot;cards_columns&quot;:&quot;3&quot;,&quot;cards_columns_tablet&quot;:&quot;2&quot;,&quot;cards_columns_mobile&quot;:&quot;1&quot;}\" data-widget_type=\"posts.cards\">\n\t\t\t\t<div class=\"elementor-widget-container\">\n\t\t\t\t\t<div class=\"elementor-posts-container elementor-posts elementor-posts--skin-cards elementor-grid\">\n\t\t\t\t<article class=\"elementor-post elementor-grid-item post-372 post type-post status-publish format-standard has-post-thumbnail hentry category-bali-travel-guides tag-bali-scooters tag-bali-sim-card tag-bali-tax tag-bali-tourist-levy tag-bali-tourist-tax tag-bali-travel tag-bali-travel-guide\">\n\t\t\t<div class=\"elementor-post__card\">\n\t\t\t\t<a class=\"elementor-post__thumbnail__link\" href=\"https:\/\/treasurebali.com\/fr\/blog\/6-choses-a-savoir-avant-de-visiter-bali\/\" tabindex=\"-1\" ><div class=\"elementor-post__thumbnail\"><img fetchpriority=\"high\" decoding=\"async\" width=\"1600\" height=\"1066\" src=\"https:\/\/treasurebali.com\/wp-content\/uploads\/2024\/05\/Tegenungan-Waterfall-in-Bali-Popular-and-Scenic-Waterfall-Near-Ubud-Treasure-Bali.webp\" class=\"attachment-full size-full wp-image-373\" alt=\"Chute d&#039;eau de Tegenungan \u00e0 Bali - Chute d&#039;eau populaire et panoramique pr\u00e8s d&#039;Ubud - Treasure Bali\" srcset=\"https:\/\/treasurebali.com\/wp-content\/uploads\/2024\/05\/Tegenungan-Waterfall-in-Bali-Popular-and-Scenic-Waterfall-Near-Ubud-Treasure-Bali.webp 1600w, https:\/\/treasurebali.com\/wp-content\/uploads\/2024\/05\/Tegenungan-Waterfall-in-Bali-Popular-and-Scenic-Waterfall-Near-Ubud-Treasure-Bali-600x400.webp 600w, https:\/\/treasurebali.com\/wp-content\/uploads\/2024\/05\/Tegenungan-Waterfall-in-Bali-Popular-and-Scenic-Waterfall-Near-Ubud-Treasure-Bali-300x200.jpg 300w, https:\/\/treasurebali.com\/wp-content\/uploads\/2024\/05\/Tegenungan-Waterfall-in-Bali-Popular-and-Scenic-Waterfall-Near-Ubud-Treasure-Bali-1024x682.jpg 1024w, https:\/\/treasurebali.com\/wp-content\/uploads\/2024\/05\/Tegenungan-Waterfall-in-Bali-Popular-and-Scenic-Waterfall-Near-Ubud-Treasure-Bali-768x512.jpg 768w, https:\/\/treasurebali.com\/wp-content\/uploads\/2024\/05\/Tegenungan-Waterfall-in-Bali-Popular-and-Scenic-Waterfall-Near-Ubud-Treasure-Bali-1536x1023.jpg 1536w, https:\/\/treasurebali.com\/wp-content\/uploads\/2024\/05\/Tegenungan-Waterfall-in-Bali-Popular-and-Scenic-Waterfall-Near-Ubud-Treasure-Bali-18x12.jpg 18w\" sizes=\"(max-width: 1600px) 100vw, 1600px\" \/><\/div><\/a>\n\t\t\t\t<div class=\"elementor-post__text\">\n\t\t\t\t<h4 class=\"elementor-post__title\">\n\t\t\t<a href=\"https:\/\/treasurebali.com\/fr\/blog\/6-choses-a-savoir-avant-de-visiter-bali\/\" >\n\t\t\t\t6 choses \u00e0 savoir avant de visiter Bali\t\t\t<\/a>\n\t\t<\/h4>\n\t\t\t\t<div class=\"elementor-post__excerpt\">\n\t\t\t<p>Vous pr\u00e9voyez un voyage \u00e0 Bali, l'\u00eele enchanteresse des dieux ? De ses plages sereines \u00e0 ses festivit\u00e9s culturelles vibrantes, Bali promet une exp\u00e9rience de voyage inoubliable. Pour que votre visite soit aussi agr\u00e9able que possible, il y a quelques points importants \u00e0 conna\u00eetre avant de poser le pied sur ses rivages pittoresques.<\/p>\n\t\t<\/div>\n\t\t\n\t\t<a class=\"elementor-post__read-more\" href=\"https:\/\/treasurebali.com\/fr\/blog\/6-choses-a-savoir-avant-de-visiter-bali\/\" aria-label=\"Read more about 6 Things to Know Before Visiting\u00a0Bali\" tabindex=\"-1\" >\n\t\t\tLire la suite\t\t<\/a>\n\n\t\t\t\t<\/div>\n\t\t\t\t\t<\/div>\n\t\t<\/article>\n\t\t\t\t<article class=\"elementor-post elementor-grid-item post-200 post type-post status-publish format-standard has-post-thumbnail hentry category-bali-travel-guides tag-bali-beach tag-bali-tourism tag-bali-travel tag-bali-travel-guide tag-bali-travel-list\">\n\t\t\t<div class=\"elementor-post__card\">\n\t\t\t\t<a class=\"elementor-post__thumbnail__link\" href=\"https:\/\/treasurebali.com\/fr\/blog\/decouvrir-lenchantement-de-bali-7-bonnes-raisons-de-visiter-bali\/\" tabindex=\"-1\" ><div class=\"elementor-post__thumbnail\"><img decoding=\"async\" width=\"958\" height=\"638\" src=\"https:\/\/treasurebali.com\/wp-content\/uploads\/2024\/04\/pura-ulun-danu-bratan-temple-in-Bali.jpg.webp\" class=\"attachment-full size-full wp-image-205\" alt=\"temple pura ulun danu bratan \u00e0 Bali\" srcset=\"https:\/\/treasurebali.com\/wp-content\/uploads\/2024\/04\/pura-ulun-danu-bratan-temple-in-Bali.jpg.webp 958w, https:\/\/treasurebali.com\/wp-content\/uploads\/2024\/04\/pura-ulun-danu-bratan-temple-in-Bali.jpg-600x400.webp 600w, https:\/\/treasurebali.com\/wp-content\/uploads\/2024\/04\/pura-ulun-danu-bratan-temple-in-Bali.jpg-300x200.webp 300w, https:\/\/treasurebali.com\/wp-content\/uploads\/2024\/04\/pura-ulun-danu-bratan-temple-in-Bali.jpg-768x511.webp 768w, https:\/\/treasurebali.com\/wp-content\/uploads\/2024\/04\/pura-ulun-danu-bratan-temple-in-Bali.jpg-18x12.webp 18w\" sizes=\"(max-width: 958px) 100vw, 958px\" \/><\/div><\/a>\n\t\t\t\t<div class=\"elementor-post__text\">\n\t\t\t\t<h4 class=\"elementor-post__title\">\n\t\t\t<a href=\"https:\/\/treasurebali.com\/fr\/blog\/decouvrir-lenchantement-de-bali-7-bonnes-raisons-de-visiter-bali\/\" >\n\t\t\t\tD\u00e9couvrez l'enchantement de Bali : Les 7 meilleures raisons de visiter\t\t\t<\/a>\n\t\t<\/h4>\n\t\t\t\t<div class=\"elementor-post__excerpt\">\n\t\t\t<p>Bali, la c\u00e9l\u00e8bre \u00eele des Dieux, est une destination de r\u00eave dans le vaste archipel indon\u00e9sien. Connue pour ses paysages luxuriants, sa culture vibrante et son hospitalit\u00e9 chaleureuse, Bali offre une \u00e9vasion \u00e0 nulle autre pareille. <\/p>\n\t\t<\/div>\n\t\t\n\t\t<a class=\"elementor-post__read-more\" href=\"https:\/\/treasurebali.com\/fr\/blog\/decouvrir-lenchantement-de-bali-7-bonnes-raisons-de-visiter-bali\/\" aria-label=\"Read more about Discover the Enchantment of Bali: Top 7 Reasons to Visit\" tabindex=\"-1\" >\n\t\t\tLire la suite\t\t<\/a>\n\n\t\t\t\t<\/div>\n\t\t\t\t\t<\/div>\n\t\t<\/article>\n\t\t\t\t<article class=\"elementor-post elementor-grid-item post-149 post type-post status-publish format-standard has-post-thumbnail hentry category-bali-tourist-levy tag-bali-tax tag-bali-tourist-levy tag-bali-tourist-tax\">\n\t\t\t<div class=\"elementor-post__card\">\n\t\t\t\t<a class=\"elementor-post__thumbnail__link\" href=\"https:\/\/treasurebali.com\/fr\/blog\/le-renforcement-de-la-surveillance-a-uluwatu-met-en-evidence-lengagement-en-faveur-de-la-protection-de-la-culture-et-de-lenvironnement\/\" tabindex=\"-1\" ><div class=\"elementor-post__thumbnail\"><img decoding=\"async\" width=\"1920\" height=\"1280\" src=\"https:\/\/treasurebali.com\/wp-content\/uploads\/2024\/04\/Treasure-Bali-Nusa-Penida-scaled.webp\" class=\"attachment-full size-full wp-image-151\" alt=\"Treasure Bali - Nusa Penida\" srcset=\"https:\/\/treasurebali.com\/wp-content\/uploads\/2024\/04\/Treasure-Bali-Nusa-Penida-scaled.webp 1920w, https:\/\/treasurebali.com\/wp-content\/uploads\/2024\/04\/Treasure-Bali-Nusa-Penida-scaled-600x400.webp 600w, https:\/\/treasurebali.com\/wp-content\/uploads\/2024\/04\/Treasure-Bali-Nusa-Penida-300x200.webp 300w, https:\/\/treasurebali.com\/wp-content\/uploads\/2024\/04\/Treasure-Bali-Nusa-Penida-1024x683.webp 1024w, https:\/\/treasurebali.com\/wp-content\/uploads\/2024\/04\/Treasure-Bali-Nusa-Penida-768x512.webp 768w, https:\/\/treasurebali.com\/wp-content\/uploads\/2024\/04\/Treasure-Bali-Nusa-Penida-1536x1024.webp 1536w\" sizes=\"(max-width: 1920px) 100vw, 1920px\" \/><\/div><\/a>\n\t\t\t\t<div class=\"elementor-post__text\">\n\t\t\t\t<h4 class=\"elementor-post__title\">\n\t\t\t<a href=\"https:\/\/treasurebali.com\/fr\/blog\/le-renforcement-de-la-surveillance-a-uluwatu-met-en-evidence-lengagement-en-faveur-de-la-protection-de-la-culture-et-de-lenvironnement\/\" >\n\t\t\t\tLe renforcement de la surveillance \u00e0 Uluwatu souligne l'engagement en faveur de la protection de la culture et de l'environnement\t\t\t<\/a>\n\t\t<\/h4>\n\t\t\t\t<div class=\"elementor-post__excerpt\">\n\t\t\t<p>L'Office du tourisme du gouvernement de Bali a entrepris une op\u00e9ration de contr\u00f4le cibl\u00e9e dans la destination touristique embl\u00e9matique d'Uluwatu \u00e0 Badung, ce qui constitue une \u00e9tape importante dans l'application de la nouvelle taxe sur les touristes \u00e9trangers. Cette initiative, men\u00e9e mardi apr\u00e8s-midi, s'inscrit dans le cadre du r\u00e8glement provincial num\u00e9ro 6 de Bali.<\/p>\n\t\t<\/div>\n\t\t\n\t\t<a class=\"elementor-post__read-more\" href=\"https:\/\/treasurebali.com\/fr\/blog\/le-renforcement-de-la-surveillance-a-uluwatu-met-en-evidence-lengagement-en-faveur-de-la-protection-de-la-culture-et-de-lenvironnement\/\" aria-label=\"Read more about Enhanced Oversight at Uluwatu Highlights Commitment to Cultural and Environmental Protection\" tabindex=\"-1\" >\n\t\t\tLire la suite\t\t<\/a>\n\n\t\t\t\t<\/div>\n\t\t\t\t\t<\/div>\n\t\t<\/article>\n\t\t\t\t<article class=\"elementor-post elementor-grid-item post-143 post type-post status-publish format-standard has-post-thumbnail hentry category-bali-tourist-levy tag-bali-tax tag-bali-tourist-levy tag-bali-tourist-tax\">\n\t\t\t<div class=\"elementor-post__card\">\n\t\t\t\t<a class=\"elementor-post__thumbnail__link\" href=\"https:\/\/treasurebali.com\/fr\/blog\/bali-met-en-place-des-controles-complets-pour-les-bons-de-taxe-touristique-2\/\" tabindex=\"-1\" ><div class=\"elementor-post__thumbnail\"><img loading=\"lazy\" decoding=\"async\" width=\"1920\" height=\"1290\" src=\"https:\/\/treasurebali.com\/wp-content\/uploads\/2024\/04\/Bali-Police-Creates-Special-Force-Team-To-Track-Protocol-Violators-scaled-1.webp\" class=\"attachment-full size-full wp-image-106\" alt=\"Bali met en place des contr\u00f4les exhaustifs pour les bons de taxe touristique\" srcset=\"https:\/\/treasurebali.com\/wp-content\/uploads\/2024\/04\/Bali-Police-Creates-Special-Force-Team-To-Track-Protocol-Violators-scaled-1.webp 1920w, https:\/\/treasurebali.com\/wp-content\/uploads\/2024\/04\/Bali-Police-Creates-Special-Force-Team-To-Track-Protocol-Violators-scaled-1-600x403.webp 600w, https:\/\/treasurebali.com\/wp-content\/uploads\/2024\/04\/Bali-Police-Creates-Special-Force-Team-To-Track-Protocol-Violators-scaled-1-300x202.webp 300w, https:\/\/treasurebali.com\/wp-content\/uploads\/2024\/04\/Bali-Police-Creates-Special-Force-Team-To-Track-Protocol-Violators-scaled-1-1024x688.webp 1024w, https:\/\/treasurebali.com\/wp-content\/uploads\/2024\/04\/Bali-Police-Creates-Special-Force-Team-To-Track-Protocol-Violators-scaled-1-768x516.webp 768w, https:\/\/treasurebali.com\/wp-content\/uploads\/2024\/04\/Bali-Police-Creates-Special-Force-Team-To-Track-Protocol-Violators-scaled-1-1536x1032.webp 1536w\" sizes=\"(max-width: 1920px) 100vw, 1920px\" \/><\/div><\/a>\n\t\t\t\t<div class=\"elementor-post__text\">\n\t\t\t\t<h4 class=\"elementor-post__title\">\n\t\t\t<a href=\"https:\/\/treasurebali.com\/fr\/blog\/bali-met-en-place-des-controles-complets-pour-les-bons-de-taxe-touristique-2\/\" >\n\t\t\t\tBali met en place des contr\u00f4les exhaustifs pour les bons de taxe touristique\t\t\t<\/a>\n\t\t<\/h4>\n\t\t\t\t<div class=\"elementor-post__excerpt\">\n\t\t\t<p>L'Office du tourisme de Bali a annonc\u00e9 une extension de l'application du syst\u00e8me de bons pour la taxe touristique. Initialement concentr\u00e9s sur les points d'entr\u00e9e de Bali, notamment les a\u00e9roports et les ports maritimes, les contr\u00f4les s'\u00e9tendront d\u00e9sormais \u00e0 diverses destinations touristiques de l'\u00eele, conform\u00e9ment \u00e0 la r\u00e9glementation r\u00e9gionale et \u00e0 celle du gouverneur.<\/p>\n\t\t<\/div>\n\t\t\n\t\t<a class=\"elementor-post__read-more\" href=\"https:\/\/treasurebali.com\/fr\/blog\/bali-met-en-place-des-controles-complets-pour-les-bons-de-taxe-touristique-2\/\" aria-label=\"Read more about Bali Implements Comprehensive Checks for Tourist Levy Vouchers\" tabindex=\"-1\" >\n\t\t\tLire la suite\t\t<\/a>\n\n\t\t\t\t<\/div>\n\t\t\t\t\t<\/div>\n\t\t<\/article>\n\t\t\t\t<article class=\"elementor-post elementor-grid-item post-127 post type-post status-publish format-standard has-post-thumbnail hentry category-bali-tourist-levy tag-bali-tax tag-bali-tourist-levy tag-bali-tourist-tax\">\n\t\t\t<div class=\"elementor-post__card\">\n\t\t\t\t<a class=\"elementor-post__thumbnail__link\" href=\"https:\/\/treasurebali.com\/fr\/blog\/bali-renforce-la-sensibilisation-a-la-taxe-sur-le-tourisme-par-des-inspections-sur-place-dans-des-destinations-cles\/\" tabindex=\"-1\" ><div class=\"elementor-post__thumbnail\"><img loading=\"lazy\" decoding=\"async\" width=\"1500\" height=\"1000\" src=\"https:\/\/treasurebali.com\/wp-content\/uploads\/2024\/04\/Treasure-Bali-Temple-Gate.webp\" class=\"attachment-full size-full wp-image-128\" alt=\"Treasure Bali - Porte du Temple\" srcset=\"https:\/\/treasurebali.com\/wp-content\/uploads\/2024\/04\/Treasure-Bali-Temple-Gate.webp 1500w, https:\/\/treasurebali.com\/wp-content\/uploads\/2024\/04\/Treasure-Bali-Temple-Gate-600x400.webp 600w, https:\/\/treasurebali.com\/wp-content\/uploads\/2024\/04\/Treasure-Bali-Temple-Gate-300x200.webp 300w\" sizes=\"(max-width: 1500px) 100vw, 1500px\" \/><\/div><\/a>\n\t\t\t\t<div class=\"elementor-post__text\">\n\t\t\t\t<h4 class=\"elementor-post__title\">\n\t\t\t<a href=\"https:\/\/treasurebali.com\/fr\/blog\/bali-renforce-la-sensibilisation-a-la-taxe-sur-le-tourisme-par-des-inspections-sur-place-dans-des-destinations-cles\/\" >\n\t\t\t\tBali sensibilise les touristes \u00e0 la taxe sur la valeur ajout\u00e9e en proc\u00e9dant \u00e0 des inspections sur place dans des destinations cl\u00e9s\t\t\t<\/a>\n\t\t<\/h4>\n\t\t\t\t<div class=\"elementor-post__excerpt\">\n\t\t\t<p>Depuis l'instauration de la taxe sur les touristes \u00e9trangers le 14 f\u00e9vrier 2024, le gouvernement provincial de Bali a fait preuve de diligence pour assurer le respect du r\u00e8glement du gouvernement provincial de Bali num\u00e9ro 6 de 2023.<\/p>\n\t\t<\/div>\n\t\t\n\t\t<a class=\"elementor-post__read-more\" href=\"https:\/\/treasurebali.com\/fr\/blog\/bali-renforce-la-sensibilisation-a-la-taxe-sur-le-tourisme-par-des-inspections-sur-place-dans-des-destinations-cles\/\" aria-label=\"Read more about Bali Boosts Awareness of Tourist Levy with On-Site Inspections at Key Destinations\" tabindex=\"-1\" >\n\t\t\tLire la suite\t\t<\/a>\n\n\t\t\t\t<\/div>\n\t\t\t\t\t<\/div>\n\t\t<\/article>\n\t\t\t\t<\/div>\n\t\t\n\t\t\t\t<\/div>\n\t\t\t\t<\/div>\n\t\t\t\t\t<\/div>\n\t\t\t\t<\/div>\n\t\t<div class=\"elementor-element elementor-element-4a96c9bd e-flex e-con-boxed e-con e-parent\" data-id=\"4a96c9bd\" data-element_type=\"container\">\n\t\t\t\t\t<div class=\"e-con-inner\">\n\t\t<div class=\"elementor-element elementor-element-7aac7b6e e-flex e-con-boxed e-con e-child\" data-id=\"7aac7b6e\" data-element_type=\"container\" data-settings=\"{&quot;background_background&quot;:&quot;classic&quot;}\">\n\t\t\t\t\t<div class=\"e-con-inner\">\n\t\t\t\t<div class=\"elementor-element elementor-element-58e3ae88 elementor-widget elementor-widget-heading\" data-id=\"58e3ae88\" data-element_type=\"widget\" data-widget_type=\"heading.default\">\n\t\t\t\t<div class=\"elementor-widget-container\">\n\t\t\t<h2 class=\"elementor-heading-title elementor-size-default\">Inscrivez-vous \u00e0 notre lettre d'information\npour rester inform\u00e9<\/h2>\t\t<\/div>\n\t\t\t\t<\/div>\n\t\t\t\t<div class=\"elementor-element elementor-element-1d7609a7 elementor-button-align-stretch elementor-widget elementor-widget-form\" data-id=\"1d7609a7\" data-element_type=\"widget\" data-settings=\"{&quot;step_next_label&quot;:&quot;Next&quot;,&quot;step_previous_label&quot;:&quot;Previous&quot;,&quot;button_width&quot;:&quot;40&quot;,&quot;button_width_tablet&quot;:&quot;40&quot;,&quot;step_type&quot;:&quot;number_text&quot;,&quot;step_icon_shape&quot;:&quot;circle&quot;}\" data-widget_type=\"form.default\">\n\t\t\t\t<div class=\"elementor-widget-container\">\n\t\t\t\t\t<form class=\"elementor-form\" method=\"post\" name=\"Newsletter Form\" action=\"\">\n\t\t\t<input type=\"hidden\" name=\"post_id\" value=\"96\"\/>\n\t\t\t<input type=\"hidden\" name=\"form_id\" value=\"1d7609a7\"\/>\n\t\t\t<input type=\"hidden\" name=\"referer_title\" value=\"\" \/>\n\n\t\t\t\n\t\t\t<div class=\"elementor-form-fields-wrapper elementor-labels-\">\n\t\t\t\t\t\t\t\t<div class=\"elementor-field-type-email elementor-field-group elementor-column elementor-field-group-email elementor-col-60 elementor-md-60 elementor-field-required\">\n\t\t\t\t\t\t\t\t\t\t\t\t<label for=\"form-field-email\" class=\"elementor-field-label elementor-screen-only\">\n\t\t\t\t\t\t\t\tVotre email\t\t\t\t\t\t\t<\/label>\n\t\t\t\t\t\t\t\t\t\t\t\t\t\t<input size=\"1\" type=\"email\" name=\"form_fields[email]\" id=\"form-field-email\" class=\"elementor-field elementor-size-md  elementor-field-textual\" placeholder=\"Votre email\" required=\"required\" aria-required=\"true\">\n\t\t\t\t\t\t\t\t\t\t\t<\/div>\n\t\t\t\t\t\t\t\t<div class=\"elementor-field-group elementor-column elementor-field-type-submit elementor-col-40 e-form__buttons elementor-md-40\">\n\t\t\t\t\t<button class=\"elementor-button elementor-size-md\" type=\"submit\">\n\t\t\t\t\t\t<span class=\"elementor-button-content-wrapper\">\n\t\t\t\t\t\t\t\t\t\t\t\t\t\t\t\t\t\t\t\t\t\t<span class=\"elementor-button-text\">souscrire<\/span>\n\t\t\t\t\t\t\t\t\t\t\t\t\t<\/span>\n\t\t\t\t\t<\/button>\n\t\t\t\t<\/div>\n\t\t\t<\/div>\n\t\t<input type=\"hidden\" name=\"trp-form-language\" value=\"fr\"\/><\/form>\n\t\t\t\t<\/div>\n\t\t\t\t<\/div>\n\t\t\t\t\t<\/div>\n\t\t\t\t<\/div>\n\t\t\t\t\t<\/div>\n\t\t\t\t<\/div>\n\t\t\t\t<\/div>","protected":false},"excerpt":{"rendered":"<p>Restez inform\u00e9 gr\u00e2ce aux derni\u00e8res mises \u00e0 jour et aux analyses de Treasure Bali.<\/p>","protected":false},"author":1,"featured_media":41,"parent":0,"menu_order":0,"comment_status":"closed","ping_status":"closed","template":"","meta":{"footnotes":""},"class_list":["post-96","page","type-page","status-publish","has-post-thumbnail","hentry"],"_links":{"self":[{"href":"https:\/\/treasurebali.com\/fr\/wp-json\/wp\/v2\/pages\/96","targetHints":{"allow":["GET"]}}],"collection":[{"href":"https:\/\/treasurebali.com\/fr\/wp-json\/wp\/v2\/pages"}],"about":[{"href":"https:\/\/treasurebali.com\/fr\/wp-json\/wp\/v2\/types\/page"}],"author":[{"embeddable":true,"href":"https:\/\/treasurebali.com\/fr\/wp-json\/wp\/v2\/users\/1"}],"replies":[{"embeddable":true,"href":"https:\/\/treasurebali.com\/fr\/wp-json\/wp\/v2\/comments?post=96"}],"version-history":[{"count":7,"href":"https:\/\/treasurebali.com\/fr\/wp-json\/wp\/v2\/pages\/96\/revisions"}],"predecessor-version":[{"id":180,"href":"https:\/\/treasurebali.com\/fr\/wp-json\/wp\/v2\/pages\/96\/revisions\/180"}],"wp:featuredmedia":[{"embeddable":true,"href":"https:\/\/treasurebali.com\/fr\/wp-json\/wp\/v2\/media\/41"}],"wp:attachment":[{"href":"https:\/\/treasurebali.com\/fr\/wp-json\/wp\/v2\/media?parent=96"}],"curies":[{"name":"wp","href":"https:\/\/api.w.org\/{rel}","templated":true}]}}