{"id":39,"date":"2024-04-09T05:11:33","date_gmt":"2024-04-09T03:11:33","guid":{"rendered":"http:\/\/treasurebali.com\/?page_id=39"},"modified":"2024-04-11T06:59:14","modified_gmt":"2024-04-11T04:59:14","slug":"what-is-the-bali-tourist-tax-how-to-easily-pay-it-with-treasure-bali","status":"publish","type":"page","link":"https:\/\/treasurebali.com\/it\/cose-la-tassa-di-soggiorno-a-bali-come-pagarla-facilmente-con-treasure-bali\/","title":{"rendered":"What is the Bali Tourist Tax &#038; How to Easily Pay It with Treasure Bali"},"content":{"rendered":"<div data-elementor-type=\"wp-page\" data-elementor-id=\"39\" class=\"elementor elementor-39\" data-elementor-post-type=\"page\">\n\t\t\t\t<div class=\"elementor-element elementor-element-4f26519 e-flex e-con-boxed e-con e-parent\" data-id=\"4f26519\" data-element_type=\"container\" data-settings=\"{&quot;background_background&quot;:&quot;classic&quot;}\">\n\t\t\t\t\t<div class=\"e-con-inner\">\n\t\t\t\t<div class=\"elementor-element elementor-element-b84797b elementor-widget elementor-widget-heading\" data-id=\"b84797b\" data-element_type=\"widget\" data-widget_type=\"heading.default\">\n\t\t\t\t<div class=\"elementor-widget-container\">\n\t\t\t<h1 class=\"elementor-heading-title elementor-size-default\">Tassa di soggiorno a Bali<\/h1>\t\t<\/div>\n\t\t\t\t<\/div>\n\t\t\t\t<div class=\"elementor-element elementor-element-ac2cb59 elementor-widget elementor-widget-heading\" data-id=\"ac2cb59\" data-element_type=\"widget\" data-widget_type=\"heading.default\">\n\t\t\t\t<div class=\"elementor-widget-container\">\n\t\t\t<h2 class=\"elementor-heading-title elementor-size-default\">Guida al pagamento facile per i viaggiatori internazionali<\/h2>\t\t<\/div>\n\t\t\t\t<\/div>\n\t\t\t\t\t<\/div>\n\t\t\t\t<\/div>\n\t\t<div class=\"elementor-element elementor-element-577bc2e e-flex e-con-boxed e-con e-parent\" data-id=\"577bc2e\" data-element_type=\"container\">\n\t\t\t\t\t<div class=\"e-con-inner\">\n\t\t\t\t<div class=\"elementor-element elementor-element-ab824a4 elementor-widget elementor-widget-text-editor\" data-id=\"ab824a4\" data-element_type=\"widget\" data-widget_type=\"text-editor.default\">\n\t\t\t\t<div class=\"elementor-widget-container\">\n\t\t\t\t\t\t\t<p>Benvenuti su Treasure Bali, la vostra guida e assistente definitiva per navigare con facilit\u00e0 nella tassa di soggiorno di Bali. Mentre Bali incanta i visitatori con i suoi paesaggi mozzafiato e la sua ricca cultura, comprendere e pagare la tassa di soggiorno \u00e8 un passo che ogni viaggiatore dovrebbe fare per contribuire alla sostenibilit\u00e0 dell'isola. Ecco tutto quello che c'\u00e8 da sapere sulla tassa di soggiorno di Bali e come Treasure Bali rende il processo di pagamento semplice e comodo.<\/p>\t\t\t\t\t\t<\/div>\n\t\t\t\t<\/div>\n\t\t\t\t<div class=\"elementor-element elementor-element-e973d65 elementor-widget elementor-widget-heading\" data-id=\"e973d65\" data-element_type=\"widget\" data-widget_type=\"heading.default\">\n\t\t\t\t<div class=\"elementor-widget-container\">\n\t\t\t<h3 class=\"elementor-heading-title elementor-size-default\">Che cos'\u00e8 la tassa di soggiorno di Bali?<\/h3>\t\t<\/div>\n\t\t\t\t<\/div>\n\t\t\t\t<div class=\"elementor-element elementor-element-ad3ec25 elementor-widget elementor-widget-text-editor\" data-id=\"ad3ec25\" data-element_type=\"widget\" data-widget_type=\"text-editor.default\">\n\t\t\t\t<div class=\"elementor-widget-container\">\n\t\t\t\t\t\t\t<p>La tassa di soggiorno di Bali \u00e8 un'imposta imposta dal governo provinciale di Bali sui visitatori internazionali. Questa iniziativa fa parte dell'impegno di Bali a preservare le sue bellezze naturali e il suo patrimonio culturale. La tassa raccolta \u00e8 destinata alla conservazione dell'ambiente e a progetti culturali che garantiscono che Bali rimanga un paradiso per le generazioni future.<\/p>\t\t\t\t\t\t<\/div>\n\t\t\t\t<\/div>\n\t\t\t\t<div class=\"elementor-element elementor-element-e858427 elementor-widget elementor-widget-heading\" data-id=\"e858427\" data-element_type=\"widget\" data-widget_type=\"heading.default\">\n\t\t\t\t<div class=\"elementor-widget-container\">\n\t\t\t<h3 class=\"elementor-heading-title elementor-size-default\">Chi deve pagare?<\/h3>\t\t<\/div>\n\t\t\t\t<\/div>\n\t\t\t\t<div class=\"elementor-element elementor-element-c48f2c1 elementor-widget elementor-widget-text-editor\" data-id=\"c48f2c1\" data-element_type=\"widget\" data-widget_type=\"text-editor.default\">\n\t\t\t\t<div class=\"elementor-widget-container\">\n\t\t\t\t\t\t\t<p>Tutti i turisti internazionali che visitano Bali sono tenuti a pagare la tassa di soggiorno, con esenzioni per i bambini di et\u00e0 inferiore ai 2 anni, i residenti di lungo periodo e gli individui che viaggiano per scopi specifici legati al governo.<\/p>\t\t\t\t\t\t<\/div>\n\t\t\t\t<\/div>\n\t\t\t\t<div class=\"elementor-element elementor-element-6bd3741 elementor-widget elementor-widget-heading\" data-id=\"6bd3741\" data-element_type=\"widget\" data-widget_type=\"heading.default\">\n\t\t\t\t<div class=\"elementor-widget-container\">\n\t\t\t<h3 class=\"elementor-heading-title elementor-size-default\">A quanto ammonta l'imposta?<\/h3>\t\t<\/div>\n\t\t\t\t<\/div>\n\t\t\t\t<div class=\"elementor-element elementor-element-1453ba7 elementor-widget elementor-widget-text-editor\" data-id=\"1453ba7\" data-element_type=\"widget\" data-widget_type=\"text-editor.default\">\n\t\t\t\t<div class=\"elementor-widget-container\">\n\t\t\t\t\t\t\t<p>Il costo totale della tassa di soggiorno a Bali, comprese le spese di elaborazione e di servizio, \u00e8 fissato a 350.000 IDR. Ci\u00f2 equivale a circa 20 euro o 22 dollari USA, il che lo rende un contributo accessibile ma di grande impatto per gli sforzi di conservazione e di salvaguardia culturale dell'isola. Con Treasure Bali, il processo di pagamento non \u00e8 solo trasparente ma anche semplice, garantendo che il vostro contributo sostenga direttamente le iniziative di sostenibilit\u00e0 di Bali.<\/p>\t\t\t\t\t\t<\/div>\n\t\t\t\t<\/div>\n\t\t\t\t<div class=\"elementor-element elementor-element-f572c60 elementor-widget elementor-widget-heading\" data-id=\"f572c60\" data-element_type=\"widget\" data-widget_type=\"heading.default\">\n\t\t\t\t<div class=\"elementor-widget-container\">\n\t\t\t<h3 class=\"elementor-heading-title elementor-size-default\">Pagamento facile con Treasure Bali<\/h3>\t\t<\/div>\n\t\t\t\t<\/div>\n\t\t\t\t<div class=\"elementor-element elementor-element-2733b7a elementor-widget elementor-widget-text-editor\" data-id=\"2733b7a\" data-element_type=\"widget\" data-widget_type=\"text-editor.default\">\n\t\t\t\t<div class=\"elementor-widget-container\">\n\t\t\t\t\t\t\t<p>Con Treasure Bali, pagare la tassa di soggiorno \u00e8 pi\u00f9 facile che mai. Ecco perch\u00e9 dovreste scegliere noi per un'esperienza senza problemi:<\/p><ul><li><strong>Integrazione diretta<\/strong>: La nostra piattaforma \u00e8 direttamente integrata con i gateway di pagamento ufficiali, per garantire che il vostro pagamento vada direttamente ai progetti di conservazione previsti.<\/li><li><strong>Conferma immediata<\/strong>: Ricevete una conferma immediata del pagamento e una ricevuta digitale che potete salvare sul vostro dispositivo o stampare.<\/li><li><strong>Supporto e assistenza<\/strong>: Incontrate un problema? Il nostro team di supporto dedicato \u00e8 qui per aiutarvi in ogni fase del processo, assicurandovi un'esperienza senza problemi.<\/li><\/ul>\t\t\t\t\t\t<\/div>\n\t\t\t\t<\/div>\n\t\t\t\t<div class=\"elementor-element elementor-element-097903b elementor-widget elementor-widget-heading\" data-id=\"097903b\" data-element_type=\"widget\" data-widget_type=\"heading.default\">\n\t\t\t\t<div class=\"elementor-widget-container\">\n\t\t\t<h3 class=\"elementor-heading-title elementor-size-default\">Come pagare la tassa di soggiorno a Bali con Treasure Bali<\/h3>\t\t<\/div>\n\t\t\t\t<\/div>\n\t\t\t\t<div class=\"elementor-element elementor-element-d18c1a8 elementor-widget elementor-widget-text-editor\" data-id=\"d18c1a8\" data-element_type=\"widget\" data-widget_type=\"text-editor.default\">\n\t\t\t\t<div class=\"elementor-widget-container\">\n\t\t\t\t\t\t\t<ul><li>Visitate la nostra pagina dedicata alla tassa di soggiorno.<\/li><li>Inserire i dettagli del viaggio.<\/li><li>Completate il pagamento utilizzando il nostro gateway sicuro.<\/li><li>Ricevete una conferma immediata e una ricevuta digitale.<\/li><\/ul>\t\t\t\t\t\t<\/div>\n\t\t\t\t<\/div>\n\t\t\t\t<div class=\"elementor-element elementor-element-c5f1b97 elementor-widget elementor-widget-heading\" data-id=\"c5f1b97\" data-element_type=\"widget\" data-widget_type=\"heading.default\">\n\t\t\t\t<div class=\"elementor-widget-container\">\n\t\t\t<h3 class=\"elementor-heading-title elementor-size-default\">FAQ<\/h3>\t\t<\/div>\n\t\t\t\t<\/div>\n\t\t\t\t<div class=\"elementor-element elementor-element-c3b90c9 elementor-widget elementor-widget-accordion\" data-id=\"c3b90c9\" data-element_type=\"widget\" data-widget_type=\"accordion.default\">\n\t\t\t\t<div class=\"elementor-widget-container\">\n\t\t\t\t\t<div class=\"elementor-accordion\">\n\t\t\t\t\t\t\t<div class=\"elementor-accordion-item\">\n\t\t\t\t\t<div id=\"elementor-tab-title-2051\" class=\"elementor-tab-title\" data-tab=\"1\" role=\"button\" aria-controls=\"elementor-tab-content-2051\" aria-expanded=\"false\">\n\t\t\t\t\t\t\t\t\t\t\t\t\t<span class=\"elementor-accordion-icon elementor-accordion-icon-left\" aria-hidden=\"true\">\n\t\t\t\t\t\t\t\t\t\t\t\t\t\t\t<span class=\"elementor-accordion-icon-closed\"><svg class=\"e-font-icon-svg e-fas-plus\" viewbox=\"0 0 448 512\" xmlns=\"http:\/\/www.w3.org\/2000\/svg\"><path d=\"M416 208H272V64c0-17.67-14.33-32-32-32h-32c-17.67 0-32 14.33-32 32v144H32c-17.67 0-32 14.33-32 32v32c0 17.67 14.33 32 32 32h144v144c0 17.67 14.33 32 32 32h32c17.67 0 32-14.33 32-32V304h144c17.67 0 32-14.33 32-32v-32c0-17.67-14.33-32-32-32z\"><\/path><\/svg><\/span>\n\t\t\t\t\t\t\t\t<span class=\"elementor-accordion-icon-opened\"><svg class=\"e-font-icon-svg e-fas-minus\" viewbox=\"0 0 448 512\" xmlns=\"http:\/\/www.w3.org\/2000\/svg\"><path d=\"M416 208H32c-17.67 0-32 14.33-32 32v32c0 17.67 14.33 32 32 32h384c17.67 0 32-14.33 32-32v-32c0-17.67-14.33-32-32-32z\"><\/path><\/svg><\/span>\n\t\t\t\t\t\t\t\t\t\t\t\t\t\t<\/span>\n\t\t\t\t\t\t\t\t\t\t\t\t<a class=\"elementor-accordion-title\" tabindex=\"0\">Posso pagare la tassa all'arrivo a Bali?<\/a>\n\t\t\t\t\t<\/div>\n\t\t\t\t\t<div id=\"elementor-tab-content-2051\" class=\"elementor-tab-content elementor-clearfix\" data-tab=\"1\" role=\"region\" aria-labelledby=\"elementor-tab-title-2051\"><p>Anche se il pagamento all'arrivo \u00e8 possibile, consigliamo di utilizzare Treasure Bali per un pagamento rapido, sicuro e senza problemi prima del viaggio.<\/p><\/div>\n\t\t\t\t<\/div>\n\t\t\t\t\t\t\t<div class=\"elementor-accordion-item\">\n\t\t\t\t\t<div id=\"elementor-tab-title-2052\" class=\"elementor-tab-title\" data-tab=\"2\" role=\"button\" aria-controls=\"elementor-tab-content-2052\" aria-expanded=\"false\">\n\t\t\t\t\t\t\t\t\t\t\t\t\t<span class=\"elementor-accordion-icon elementor-accordion-icon-left\" aria-hidden=\"true\">\n\t\t\t\t\t\t\t\t\t\t\t\t\t\t\t<span class=\"elementor-accordion-icon-closed\"><svg class=\"e-font-icon-svg e-fas-plus\" viewbox=\"0 0 448 512\" xmlns=\"http:\/\/www.w3.org\/2000\/svg\"><path d=\"M416 208H272V64c0-17.67-14.33-32-32-32h-32c-17.67 0-32 14.33-32 32v144H32c-17.67 0-32 14.33-32 32v32c0 17.67 14.33 32 32 32h144v144c0 17.67 14.33 32 32 32h32c17.67 0 32-14.33 32-32V304h144c17.67 0 32-14.33 32-32v-32c0-17.67-14.33-32-32-32z\"><\/path><\/svg><\/span>\n\t\t\t\t\t\t\t\t<span class=\"elementor-accordion-icon-opened\"><svg class=\"e-font-icon-svg e-fas-minus\" viewbox=\"0 0 448 512\" xmlns=\"http:\/\/www.w3.org\/2000\/svg\"><path d=\"M416 208H32c-17.67 0-32 14.33-32 32v32c0 17.67 14.33 32 32 32h384c17.67 0 32-14.33 32-32v-32c0-17.67-14.33-32-32-32z\"><\/path><\/svg><\/span>\n\t\t\t\t\t\t\t\t\t\t\t\t\t\t<\/span>\n\t\t\t\t\t\t\t\t\t\t\t\t<a class=\"elementor-accordion-title\" tabindex=\"0\">Cosa succede se non pago la tassa di soggiorno?<\/a>\n\t\t\t\t\t<\/div>\n\t\t\t\t\t<div id=\"elementor-tab-content-2052\" class=\"elementor-tab-content elementor-clearfix\" data-tab=\"2\" role=\"region\" aria-labelledby=\"elementor-tab-title-2052\"><p>Il pagamento della tassa di soggiorno \u00e8 obbligatorio per tutti i turisti. Il mancato rispetto di tale obbligo pu\u00f2 comportare ritardi o complicazioni durante il soggiorno.<\/p><\/div>\n\t\t\t\t<\/div>\n\t\t\t\t\t\t\t<div class=\"elementor-accordion-item\">\n\t\t\t\t\t<div id=\"elementor-tab-title-2053\" class=\"elementor-tab-title\" data-tab=\"3\" role=\"button\" aria-controls=\"elementor-tab-content-2053\" aria-expanded=\"false\">\n\t\t\t\t\t\t\t\t\t\t\t\t\t<span class=\"elementor-accordion-icon elementor-accordion-icon-left\" aria-hidden=\"true\">\n\t\t\t\t\t\t\t\t\t\t\t\t\t\t\t<span class=\"elementor-accordion-icon-closed\"><svg class=\"e-font-icon-svg e-fas-plus\" viewbox=\"0 0 448 512\" xmlns=\"http:\/\/www.w3.org\/2000\/svg\"><path d=\"M416 208H272V64c0-17.67-14.33-32-32-32h-32c-17.67 0-32 14.33-32 32v144H32c-17.67 0-32 14.33-32 32v32c0 17.67 14.33 32 32 32h144v144c0 17.67 14.33 32 32 32h32c17.67 0 32-14.33 32-32V304h144c17.67 0 32-14.33 32-32v-32c0-17.67-14.33-32-32-32z\"><\/path><\/svg><\/span>\n\t\t\t\t\t\t\t\t<span class=\"elementor-accordion-icon-opened\"><svg class=\"e-font-icon-svg e-fas-minus\" viewbox=\"0 0 448 512\" xmlns=\"http:\/\/www.w3.org\/2000\/svg\"><path d=\"M416 208H32c-17.67 0-32 14.33-32 32v32c0 17.67 14.33 32 32 32h384c17.67 0 32-14.33 32-32v-32c0-17.67-14.33-32-32-32z\"><\/path><\/svg><\/span>\n\t\t\t\t\t\t\t\t\t\t\t\t\t\t<\/span>\n\t\t\t\t\t\t\t\t\t\t\t\t<a class=\"elementor-accordion-title\" tabindex=\"0\">La tassa di soggiorno \u00e8 rimborsabile?<\/a>\n\t\t\t\t\t<\/div>\n\t\t\t\t\t<div id=\"elementor-tab-content-2053\" class=\"elementor-tab-content elementor-clearfix\" data-tab=\"3\" role=\"region\" aria-labelledby=\"elementor-tab-title-2053\"><p>La tassa di soggiorno non \u00e8 rimborsabile, in quanto contribuisce direttamente agli sforzi di conservazione e al miglioramento delle strutture turistiche di Bali.<\/p><\/div>\n\t\t\t\t<\/div>\n\t\t\t\t\t\t\t\t<\/div>\n\t\t\t\t<\/div>\n\t\t\t\t<\/div>\n\t\t\t\t<div class=\"elementor-element elementor-element-d1d64b3 elementor-widget elementor-widget-heading\" data-id=\"d1d64b3\" data-element_type=\"widget\" data-widget_type=\"heading.default\">\n\t\t\t\t<div class=\"elementor-widget-container\">\n\t\t\t<h3 class=\"elementor-heading-title elementor-size-default\">Treasure Bali: il vostro partner per i viaggi responsabili<\/h3>\t\t<\/div>\n\t\t\t\t<\/div>\n\t\t\t\t<div class=\"elementor-element elementor-element-596c48b elementor-widget elementor-widget-text-editor\" data-id=\"596c48b\" data-element_type=\"widget\" data-widget_type=\"text-editor.default\">\n\t\t\t\t<div class=\"elementor-widget-container\">\n\t\t\t\t\t\t\t<p>Noi di Treasure Bali ci impegniamo a rendere la vostra visita a Bali non solo memorabile ma anche responsabile. Facilitando il pagamento della tassa di soggiorno a Bali, aiutiamo a garantire che la vostra visita contribuisca alla sostenibilit\u00e0 e alla bellezza dell'isola. Esplorate Bali in tutta tranquillit\u00e0, sapendo che state sostenendo una Bali pi\u00f9 verde e vibrante per le generazioni a venire.<\/p>\t\t\t\t\t\t<\/div>\n\t\t\t\t<\/div>\n\t\t\t\t<div class=\"elementor-element elementor-element-fd68862 elementor-widget elementor-widget-text-editor\" data-id=\"fd68862\" data-element_type=\"widget\" data-widget_type=\"text-editor.default\">\n\t\t\t\t<div class=\"elementor-widget-container\">\n\t\t\t\t\t\t\t<p>Treasure Bali Applicazione del regolamento regionale n. 6 del 2023 sul prelievo turistico internazionale per la tutela della cultura e dell'ambiente naturale di Bali <br \/><a href=\"https:\/\/drive.google.com\/file\/d\/1ILR3pDXAD-rjmEf3XAb2V3hRb5Fjzswq\/view?usp=sharing\" target=\"_blank\" rel=\"noopener\">Scarica qui il documento del regolamento.<\/a><\/p>\t\t\t\t\t\t<\/div>\n\t\t\t\t<\/div>\n\t\t\t\t\t<\/div>\n\t\t\t\t<\/div>\n\t\t\t\t<\/div>","protected":false},"excerpt":{"rendered":"<p>Learn about Bali&#8217;s Tourist Tax and pay easily with Treasure Bali. Get all set for your trip with our quick guide and contribute to Bali\u2019s preservation.<\/p>","protected":false},"author":1,"featured_media":0,"parent":0,"menu_order":0,"comment_status":"closed","ping_status":"closed","template":"","meta":{"footnotes":""},"class_list":["post-39","page","type-page","status-publish","hentry"],"_links":{"self":[{"href":"https:\/\/treasurebali.com\/it\/wp-json\/wp\/v2\/pages\/39","targetHints":{"allow":["GET"]}}],"collection":[{"href":"https:\/\/treasurebali.com\/it\/wp-json\/wp\/v2\/pages"}],"about":[{"href":"https:\/\/treasurebali.com\/it\/wp-json\/wp\/v2\/types\/page"}],"author":[{"embeddable":true,"href":"https:\/\/treasurebali.com\/it\/wp-json\/wp\/v2\/users\/1"}],"replies":[{"embeddable":true,"href":"https:\/\/treasurebali.com\/it\/wp-json\/wp\/v2\/comments?post=39"}],"version-history":[{"count":10,"href":"https:\/\/treasurebali.com\/it\/wp-json\/wp\/v2\/pages\/39\/revisions"}],"predecessor-version":[{"id":52,"href":"https:\/\/treasurebali.com\/it\/wp-json\/wp\/v2\/pages\/39\/revisions\/52"}],"wp:attachment":[{"href":"https:\/\/treasurebali.com\/it\/wp-json\/wp\/v2\/media?parent=39"}],"curies":[{"name":"wp","href":"https:\/\/api.w.org\/{rel}","templated":true}]}}