{"id":113,"date":"2024-04-12T17:02:16","date_gmt":"2024-04-12T15:02:16","guid":{"rendered":"http:\/\/treasurebali.com\/?page_id=113"},"modified":"2024-09-03T19:57:08","modified_gmt":"2024-09-03T17:57:08","slug":"about-us","status":"publish","type":"page","link":"https:\/\/treasurebali.com\/pl\/o-nas\/","title":{"rendered":"O nas"},"content":{"rendered":"<div data-elementor-type=\"wp-page\" data-elementor-id=\"113\" class=\"elementor elementor-113\" data-elementor-post-type=\"page\">\n\t\t\t\t<div class=\"elementor-element elementor-element-38a580f7 e-flex e-con-boxed e-con e-parent\" data-id=\"38a580f7\" data-element_type=\"container\" data-settings=\"{&quot;background_background&quot;:&quot;classic&quot;}\">\n\t\t\t\t\t<div class=\"e-con-inner\">\n\t\t\t\t\t<\/div>\n\t\t\t\t<\/div>\n\t\t<div class=\"elementor-element elementor-element-6885ffad e-flex e-con-boxed e-con e-parent\" data-id=\"6885ffad\" data-element_type=\"container\" data-settings=\"{&quot;background_background&quot;:&quot;classic&quot;}\">\n\t\t\t\t\t<div class=\"e-con-inner\">\n\t\t\t\t<div class=\"elementor-element elementor-element-1f90cb0 elementor-widget elementor-widget-heading\" data-id=\"1f90cb0\" data-element_type=\"widget\" data-widget_type=\"heading.default\">\n\t\t\t\t<div class=\"elementor-widget-container\">\n\t\t\t<h1 class=\"elementor-heading-title elementor-size-default\">O nas<\/h1>\t\t<\/div>\n\t\t\t\t<\/div>\n\t\t\t\t<div class=\"elementor-element elementor-element-6bbe83af elementor-widget elementor-widget-heading\" data-id=\"6bbe83af\" data-element_type=\"widget\" data-widget_type=\"heading.default\">\n\t\t\t\t<div class=\"elementor-widget-container\">\n\t\t\t<h2 class=\"elementor-heading-title elementor-size-default\">Razem dla Bali: Zjednoczeni na rzecz zr\u00f3wnowa\u017conego jutra<\/h2>\t\t<\/div>\n\t\t\t\t<\/div>\n\t\t\t\t\t<\/div>\n\t\t\t\t<\/div>\n\t\t<div class=\"elementor-element elementor-element-21f082b4 e-flex e-con-boxed e-con e-parent\" data-id=\"21f082b4\" data-element_type=\"container\">\n\t\t\t\t\t<div class=\"e-con-inner\">\n\t\t\t\t<div class=\"elementor-element elementor-element-1d287daf elementor-widget elementor-widget-text-editor\" data-id=\"1d287daf\" data-element_type=\"widget\" data-widget_type=\"text-editor.default\">\n\t\t\t\t<div class=\"elementor-widget-container\">\n\t\t\t\t\t\t\t<p>Treasure Bali to twoja brama do czaruj\u0105cej wyspy Bali, uciele\u015bniaj\u0105ca zasady inicjatywy \"Love Bali\" prowadzonej przez rz\u0105d prowincji Bali. Nasza misja jest harmonijnie dostosowana do kompleksowego planu rozwoju, koncentruj\u0105c si\u0119 na zachowaniu naturalnego pi\u0119kna, bogatej kultury i \u017cywych tradycji Bali.<\/p><p><strong>Nasze zaanga\u017cowanie w ochron\u0119 \u015brodowiska<\/strong><\/p><p>U\u0142atwiamy pobieranie op\u0142at od mi\u0119dzynarodowych turyst\u00f3w, co jest strategicznym \u015brodkiem maj\u0105cym na celu wspieranie ochrony kulturowych i naturalnych skarb\u00f3w Bali. Fundusze te maj\u0105 kluczowe znaczenie dla naszych ci\u0105g\u0142ych wysi\u0142k\u00f3w na rzecz piel\u0119gnowania dziedzictwa wyspy, zapewniaj\u0105c, \u017ce Bali pozostanie sanktuarium dla jego nieod\u0142\u0105cznych warto\u015bci.<\/p><p><strong>Innowacyjne wysi\u0142ki i poprawa jako\u015bci<\/strong><\/p><p>Treasure Bali jest liderem w promowaniu i wdra\u017caniu post\u0119powych innowacji i wysi\u0142k\u00f3w w zakresie ochrony \u015brodowiska, ochrony kultury i rewitalizacji. Naszym celem jest poprawa jako\u015bci, bezpiecze\u0144stwa i komfortu ka\u017cdego odwiedzaj\u0105cego poprzez rozw\u00f3j zintegrowanej infrastruktury l\u0105dowej, morskiej i powietrznej.<\/p><p><strong>Szkielet regulacyjny<\/strong><\/p><p>Nasze dzia\u0142ania i op\u0142ata turystyczna s\u0105 zakotwiczone w lokalnych przepisach, w szczeg\u00f3lno\u015bci:<\/p><p>-Regionalne rozporz\u0105dzenie prowincji Bali nr 6 z 2023 r. w sprawie op\u0142aty dla mi\u0119dzynarodowych turyst\u00f3w za ochron\u0119 balijskiej kultury i \u015brodowiska naturalnego.<\/p><p>-Rozporz\u0105dzenie gubernatora Bali nr 36 z 2023 r. w sprawie procedur uiszczania op\u0142aty turystycznej.<\/p><p><strong>Bali: Centrum \u015bwiatowej cywilizacji<\/strong><\/p><p>Uznawana na ca\u0142ym \u015bwiecie za \"Ostatni Raj\", \"Wysp\u0119 Bog\u00f3w\", \"Wysp\u0119 Tysi\u0105ca \u015awi\u0105ty\u0144\", \"Poranek \u015awiata\", \"Rajsk\u0105 Wysp\u0119\" i \"Wysp\u0119 Mi\u0142o\u015bci\", Bali jest \u015bwiadectwem jej globalnego znaczenia kulturowego i dziedzictwa - prawdziwego Centrum \u015awiatowej Cywilizacji (Padma Bhuwana).<\/p><p><strong>U\u0142atwienie przyjazdu<\/strong><\/p><p>Aby zapewni\u0107 p\u0142ynne przej\u015bcie do pi\u0119kna i spokoju Bali, Treasure Bali zaleca wszystkim mi\u0119dzynarodowym turystom dokonanie p\u0142atno\u015bci online przed przyjazdem. Ten proaktywny krok wspiera nasze wsp\u00f3lne wysi\u0142ki na rzecz ochrony dziedzictwa kulturowego i \u015brodowiskowego Bali, czyni\u0105c ka\u017cd\u0105 wizyt\u0119 znacz\u0105c\u0105 i odpowiedzialn\u0105.<\/p>\t\t\t\t\t\t<\/div>\n\t\t\t\t<\/div>\n\t\t\t\t\t<\/div>\n\t\t\t\t<\/div>\n\t\t<div class=\"elementor-element elementor-element-5eb3e73c e-flex e-con-boxed e-con e-parent\" data-id=\"5eb3e73c\" data-element_type=\"container\">\n\t\t\t\t\t<div class=\"e-con-inner\">\n\t\t\t\t<div class=\"elementor-element elementor-element-57c6e94d elementor-widget elementor-widget-spacer\" data-id=\"57c6e94d\" data-element_type=\"widget\" data-widget_type=\"spacer.default\">\n\t\t\t\t<div class=\"elementor-widget-container\">\n\t\t\t\t\t<div class=\"elementor-spacer\">\n\t\t\t<div class=\"elementor-spacer-inner\"><\/div>\n\t\t<\/div>\n\t\t\t\t<\/div>\n\t\t\t\t<\/div>\n\t\t\t\t\t<\/div>\n\t\t\t\t<\/div>\n\t\t\t\t<\/div>","protected":false},"excerpt":{"rendered":"<p>Treasure Bali to brama do czaruj\u0105cej wyspy Bali, kt\u00f3ra uciele\u015bnia zasady inicjatywy \"Love Bali\" prowadzonej przez rz\u0105d prowincji Bali.<\/p>","protected":false},"author":1,"featured_media":119,"parent":0,"menu_order":0,"comment_status":"closed","ping_status":"closed","template":"","meta":{"footnotes":""},"class_list":["post-113","page","type-page","status-publish","has-post-thumbnail","hentry"],"_links":{"self":[{"href":"https:\/\/treasurebali.com\/pl\/wp-json\/wp\/v2\/pages\/113","targetHints":{"allow":["GET"]}}],"collection":[{"href":"https:\/\/treasurebali.com\/pl\/wp-json\/wp\/v2\/pages"}],"about":[{"href":"https:\/\/treasurebali.com\/pl\/wp-json\/wp\/v2\/types\/page"}],"author":[{"embeddable":true,"href":"https:\/\/treasurebali.com\/pl\/wp-json\/wp\/v2\/users\/1"}],"replies":[{"embeddable":true,"href":"https:\/\/treasurebali.com\/pl\/wp-json\/wp\/v2\/comments?post=113"}],"version-history":[{"count":13,"href":"https:\/\/treasurebali.com\/pl\/wp-json\/wp\/v2\/pages\/113\/revisions"}],"predecessor-version":[{"id":2505,"href":"https:\/\/treasurebali.com\/pl\/wp-json\/wp\/v2\/pages\/113\/revisions\/2505"}],"wp:featuredmedia":[{"embeddable":true,"href":"https:\/\/treasurebali.com\/pl\/wp-json\/wp\/v2\/media\/119"}],"wp:attachment":[{"href":"https:\/\/treasurebali.com\/pl\/wp-json\/wp\/v2\/media?parent=113"}],"curies":[{"name":"wp","href":"https:\/\/api.w.org\/{rel}","templated":true}]}}