{"id":159,"date":"2024-04-13T11:36:29","date_gmt":"2024-04-13T09:36:29","guid":{"rendered":"http:\/\/treasurebali.com\/?page_id=159"},"modified":"2024-08-23T13:02:10","modified_gmt":"2024-08-23T11:02:10","slug":"privacy-policy","status":"publish","type":"page","link":"https:\/\/treasurebali.com\/pl\/polityka-prywatnosci\/","title":{"rendered":"Polityka prywatno\u015bci"},"content":{"rendered":"<div data-elementor-type=\"wp-page\" data-elementor-id=\"159\" class=\"elementor elementor-159\" data-elementor-post-type=\"page\">\n\t\t\t\t<div class=\"elementor-element elementor-element-0af53de e-flex e-con-boxed e-con e-parent\" data-id=\"0af53de\" data-element_type=\"container\">\n\t\t\t\t\t<div class=\"e-con-inner\">\n\t\t\t\t<div class=\"elementor-element elementor-element-8efb6d4 elementor-widget elementor-widget-text-editor\" data-id=\"8efb6d4\" data-element_type=\"widget\" data-widget_type=\"text-editor.default\">\n\t\t\t\t<div class=\"elementor-widget-container\">\n\t\t\t\t\t\t\t<h1>Polityka prywatno\u015bci<\/h1><p>\u00a0<\/p><p><strong>Wprowadzenie<\/strong><\/p><p>Niniejsza Polityka prywatno\u015bci okre\u015bla nasze zobowi\u0105zanie do ochrony prywatno\u015bci u\u017cytkownik\u00f3w. Okre\u015bla ona szczeg\u00f3\u0142owo, w jaki spos\u00f3b Nova Group Sp. z o.o. gromadzi, przechowuje, wykorzystuje i zabezpiecza dane osobowe u\u017cytkownika podczas interakcji z nasz\u0105 witryn\u0105 internetow\u0105 w celu przetwarzania p\u0142atno\u015bci z tytu\u0142u op\u0142at turystycznych. Zrozumienie tych praktyk ma kluczowe znaczenie, dlatego prosimy o dok\u0142adne zapoznanie si\u0119 z niniejsz\u0105 polityk\u0105.<\/p><p>\u00a0<\/p><p><b>Podstawa prawna przetwarzania danych<\/b><\/p><p>Zgodnie z art. 13 ust. 1 Rozporz\u0105dzenia Parlamentu Europejskiego i Rady (UE) 2016\/679 z dnia 27 kwietnia 2016 r. w sprawie ochrony os\u00f3b fizycznych w zwi\u0105zku z przetwarzaniem danych osobowych i w sprawie swobodnego przep\u0142ywu takich danych oraz uchylenia dyrektywy 95\/46\/WE (og\u00f3lne rozporz\u0105dzenie o ochronie danych), zwanego dalej \"RODO\", informujemy, \u017ce wszystkie dane osobowe s\u0105 przetwarzane zgodnie z przepisami tego rozporz\u0105dzenia. Szczeg\u00f3\u0142owe sposoby przetwarzania danych zosta\u0142y opisane w niniejszej Polityce prywatno\u015bci, <a href=\"https:\/\/treasurebali.com\/pl\/polityka-cookies\/\">Polityce plik\u00f3w cookie<\/a> i na naszej <a href=\"https:\/\/treasurebali.com\/pl\/ogolne-rozporzadzenie-o-ochronie-danych\/\">stronie Rozporz\u0105dzenia o Ochronie Danych Osobowych<\/a>.<\/p><p>\u00a0<\/p><p><strong>Gromadzenie danych osobowych<\/strong><\/p><p>Gromadzimy dane osobowe niezb\u0119dne do przetwarzania p\u0142atno\u015bci z tytu\u0142u op\u0142aty turystycznej na rzecz Bali, w tym:<\/p><ul><li>Nazwa rozliczeniowa i pe\u0142ne imi\u0119 i nazwisko widniej\u0105ce w paszporcie podr\u00f3\u017cnego.<\/li><li>Numer paszportu i data przybycia na Bali.<\/li><\/ul><p>Informacje te s\u0105 gromadzone bezpo\u015brednio podczas procesu p\u0142atno\u015bci i nie s\u0105 wykorzystywane do tworzenia konta ani \u017cadnych innych cel\u00f3w niezwi\u0105zanych z op\u0142at\u0105.<\/p><p>\u00a0<\/p><p><strong>Administrator danych<\/strong><\/p><p>Administratorem danych odpowiedzialnym za dane osobowe u\u017cytkownika jest:<\/p><p>Nova Group Sp. z o.o.<\/p><p>\u017burawia 6\/12 lok. 745, 00-503 Warszawa, Polska<\/p><p>IDENTYFIKATOR PODATKOWY: PL7011215529<\/p><p>REGON: 529224431<\/p><p>W przypadku jakichkolwiek w\u0105tpliwo\u015bci lub pyta\u0144 dotycz\u0105cych danych u\u017cytkownika mo\u017cna skontaktowa\u0107 si\u0119 z nami pod adresem <a href=\"mailto:contact@treasurebali.com\">contact@treasurebali.com.<\/a><\/p><p>\u00a0<\/p><p><strong>Wykorzystanie danych osobowych<\/strong><\/p><p>Twoje dane osobowe maj\u0105 kluczowe znaczenie dla przetwarzania p\u0142atno\u015bci z tytu\u0142u op\u0142at i zapewnienia zgodno\u015bci z lokalnymi przepisami. Oto jak je wykorzystujemy:<\/p><ul><li>Efektywne przetwarzanie i zarz\u0105dzanie op\u0142atami turystycznymi.<\/li><li>Dostarczenie niezb\u0119dnej dokumentacji i u\u0142atwienie wjazdu na Bali.<\/li><li>Przestrzeganie wymog\u00f3w prawnych i odpowiadanie na zapytania rz\u0105dowe.<\/li><\/ul><p>\u00a0<\/p><p><strong>Pliki cookie<\/strong><\/p><p>U\u017cywamy plik\u00f3w cookie, aby poprawi\u0107 komfort korzystania z naszej witryny. Pliki cookie pomagaj\u0105 nam zrozumie\u0107 preferencje u\u017cytkownika i ulepsza\u0107 nasze us\u0142ugi. Preferencjami dotycz\u0105cymi plik\u00f3w cookie mo\u017cna zarz\u0105dza\u0107 w ustawieniach przegl\u0105darki. Wi\u0119cej informacji mo\u017cna znale\u017a\u0107 na stronie <a href=\"https:\/\/treasurebali.com\/pl\/polityka-cookies\/\">Polityka dotycz\u0105ca plik\u00f3w cookie<\/a>.<\/p><p>\u00a0<\/p><p><strong>Prawa u\u017cytkownika<\/strong><\/p><p>U\u017cytkownik ma prawo dost\u0119pu do swoich danych osobowych, ich poprawiania lub usuni\u0119cia. U\u017cytkownik mo\u017ce r\u00f3wnie\u017c sprzeciwi\u0107 si\u0119 przetwarzaniu jego danych lub je ograniczy\u0107. Aby skorzysta\u0107 z tych praw, prosimy o kontakt pod adresem <a href=\"mailto:contact@treasurebali.com\">contact@treasurebali.com<\/a>. W przypadku w\u0105tpliwo\u015bci dotycz\u0105cych sposobu, w jaki post\u0119pujemy z danymi u\u017cytkownika, u\u017cytkownik ma prawo z\u0142o\u017cy\u0107 skarg\u0119 do organu nadzorczego.<\/p><p>\u00a0<\/p><p><strong>Udost\u0119pnianie i ujawnianie informacji<\/strong><\/p><p>Udost\u0119pniamy dane osobowe u\u017cytkownika rz\u0105dowi prowincji Bali w celu wydania vouchera na op\u0142at\u0119 turystyczn\u0105. Udost\u0119pnianie to jest konieczne w celu zapewnienia zgodno\u015bci z lokalnymi wymogami prawnymi:<\/p><ul><li>Dane u\u017cytkownika s\u0105 udost\u0119pniane bezpo\u015brednio organom rz\u0105dowym w ramach procesu uiszczania op\u0142at.<\/li><li>Nie sprzedajemy, nie wynajmujemy ani w \u017caden inny spos\u00f3b nie ujawniamy danych u\u017cytkownika stronom trzecim w celach marketingowych.<\/li><\/ul><p>\u00a0<\/p><p><strong>Przechowywanie informacji<\/strong><\/p><p>Przechowujemy dane osobowe u\u017cytkownika tylko tak d\u0142ugo, jak jest to konieczne do realizacji okre\u015blonych cel\u00f3w, dla kt\u00f3rych zosta\u0142y zebrane, lub tak d\u0142ugo, jak jest to wymagane przez prawo, w zale\u017cno\u015bci od tego, kt\u00f3ry z tych okres\u00f3w jest d\u0142u\u017cszy.<\/p><p>\u00a0<\/p><p><strong>Bezpiecze\u0144stwo<\/strong><\/p><p>Bezpiecze\u0144stwo danych osobowych u\u017cytkownik\u00f3w jest dla nas priorytetem, ale zdajemy sobie spraw\u0119, \u017ce \u017caden system internetowy nie jest bezpieczny. Wdra\u017camy solidne \u015brodki bezpiecze\u0144stwa, aby zapobiec nieautoryzowanemu dost\u0119powi i naruszeniom danych.<\/p><p>\u00a0<\/p><p><strong>Zmiany w niniejszej Polityce prywatno\u015bci<\/strong><\/p><p>Mo\u017cemy okresowo aktualizowa\u0107 niniejsze zasady w celu odzwierciedlenia zmian w naszych praktykach lub wymogach regulacyjnych. O istotnych zmianach b\u0119dziemy informowa\u0107 za po\u015brednictwem naszej strony internetowej lub bezpo\u015brednio poczt\u0105 elektroniczn\u0105.<\/p><p>\u00a0<\/p><p><strong>Potwierdzenie i umowa<\/strong><\/p><p>Korzystaj\u0105c z naszej witryny internetowej i us\u0142ug, u\u017cytkownik wyra\u017ca zgod\u0119 na praktyki opisane w niniejszych zasadach. Cenimy zaufanie u\u017cytkownik\u00f3w i traktujemy ich dane z najwy\u017csz\u0105 staranno\u015bci\u0105 i szacunkiem.<\/p><p>\u00a0<\/p><p><strong>Informacje kontaktowe<\/strong><\/p><p>W przypadku jakichkolwiek pyta\u0144 lub w\u0105tpliwo\u015bci zwi\u0105zanych z prywatno\u015bci\u0105 prosimy o kontakt z nami za po\u015brednictwem strony <a href=\"https:\/\/treasurebali.com\/pl\/skontaktuj-sie-z-nami\/\">opcje kontaktu dost\u0119pne na naszej stronie internetowej<\/a>.<\/p>\t\t\t\t\t\t<\/div>\n\t\t\t\t<\/div>\n\t\t\t\t\t<\/div>\n\t\t\t\t<\/div>\n\t\t\t\t<\/div>","protected":false},"excerpt":{"rendered":"<p>Niniejsza Polityka prywatno\u015bci okre\u015bla, w jaki spos\u00f3b Treasure Bali, w ramach naszego zobowi\u0105zania do ochrony prywatno\u015bci u\u017cytkownik\u00f3w, gromadzi, przechowuje, wykorzystuje, przetwarza i zabezpiecza dane osobowe u\u017cytkownik\u00f3w w kontek\u015bcie naszych us\u0142ug internetowych dotycz\u0105cych op\u0142at turystycznych.<\/p>","protected":false},"author":1,"featured_media":0,"parent":0,"menu_order":0,"comment_status":"closed","ping_status":"closed","template":"","meta":{"footnotes":""},"class_list":["post-159","page","type-page","status-publish","hentry"],"_links":{"self":[{"href":"https:\/\/treasurebali.com\/pl\/wp-json\/wp\/v2\/pages\/159","targetHints":{"allow":["GET"]}}],"collection":[{"href":"https:\/\/treasurebali.com\/pl\/wp-json\/wp\/v2\/pages"}],"about":[{"href":"https:\/\/treasurebali.com\/pl\/wp-json\/wp\/v2\/types\/page"}],"author":[{"embeddable":true,"href":"https:\/\/treasurebali.com\/pl\/wp-json\/wp\/v2\/users\/1"}],"replies":[{"embeddable":true,"href":"https:\/\/treasurebali.com\/pl\/wp-json\/wp\/v2\/comments?post=159"}],"version-history":[{"count":13,"href":"https:\/\/treasurebali.com\/pl\/wp-json\/wp\/v2\/pages\/159\/revisions"}],"predecessor-version":[{"id":2481,"href":"https:\/\/treasurebali.com\/pl\/wp-json\/wp\/v2\/pages\/159\/revisions\/2481"}],"wp:attachment":[{"href":"https:\/\/treasurebali.com\/pl\/wp-json\/wp\/v2\/media?parent=159"}],"curies":[{"name":"wp","href":"https:\/\/api.w.org\/{rel}","templated":true}]}}