{"id":167,"date":"2024-04-13T12:03:50","date_gmt":"2024-04-13T10:03:50","guid":{"rendered":"http:\/\/treasurebali.com\/?page_id=167"},"modified":"2024-08-23T03:33:22","modified_gmt":"2024-08-23T01:33:22","slug":"terms-conditions","status":"publish","type":"page","link":"https:\/\/treasurebali.com\/pl\/warunki\/","title":{"rendered":"Regulamin"},"content":{"rendered":"<div data-elementor-type=\"wp-page\" data-elementor-id=\"167\" class=\"elementor elementor-167\" data-elementor-post-type=\"page\">\n\t\t\t\t<div class=\"elementor-element elementor-element-20a34135 e-flex e-con-boxed e-con e-parent\" data-id=\"20a34135\" data-element_type=\"container\">\n\t\t\t\t\t<div class=\"e-con-inner\">\n\t\t\t\t<div class=\"elementor-element elementor-element-681b56de elementor-widget elementor-widget-text-editor\" data-id=\"681b56de\" data-element_type=\"widget\" data-widget_type=\"text-editor.default\">\n\t\t\t\t<div class=\"elementor-widget-container\">\n\t\t\t\t\t\t\t<h1>Regulamin<\/h1><h2>\u00a0<\/h2><h2>Wprowadzenie<\/h2><p>Niniejsze Og\u00f3lne Warunki stanowi\u0105 umow\u0119 mi\u0119dzy u\u017cytkownikiem b\u0119d\u0105cym turyst\u0105 zagranicznym (\"U\u017cytkownik\") a Treasure Bali (\"My\"). Niniejsza umowa, w tym nasza Polityka prywatno\u015bci, okre\u015bla prawa i obowi\u0105zki u\u017cytkownika, wyszczeg\u00f3lnia nasze praktyki w zakresie danych i opisuje \u015bwiadczone przez nas us\u0142ugi. Zach\u0119camy do uwa\u017cnego zapoznania si\u0119 z tymi warunkami, aby upewni\u0107 si\u0119, \u017ce w pe\u0142ni rozumiesz swoje prawa i nasze obowi\u0105zki.<\/p><p>Nasza platforma zosta\u0142a zaprojektowana w celu uproszczenia przestrzegania przepis\u00f3w turystycznych rz\u0105du prowincji Bali, zapewniaj\u0105c p\u0142ynne rozpocz\u0119cie wizyty. Uzyskuj\u0105c dost\u0119p do naszej witryny internetowej i korzystaj\u0105c z niej, u\u017cytkownik potwierdza, \u017ce przeczyta\u0142, zrozumia\u0142 i zaakceptowa\u0142 niniejsze warunki. Je\u015bli nie wyra\u017casz zgody, prosimy o powstrzymanie si\u0119 od korzystania z naszych us\u0142ug. W przypadku jakichkolwiek pyta\u0144 prosimy o kontakt za po\u015brednictwem metod wymienionych na naszej stronie internetowej.<\/p><p>Jako niezale\u017cny dostawca us\u0142ug w zakresie op\u0142at turystycznych, Treasure Bali specjalizuje si\u0119 w sprawnym przetwarzaniu i uiszczaniu op\u0142at turystycznych wymaganych od wszystkich zagranicznych turyst\u00f3w odwiedzaj\u0105cych Bali. Naszym celem jest u\u0142atwienie tych niezb\u0119dnych procedur szybko i dok\u0142adnie, pozwalaj\u0105c ci skupi\u0107 si\u0119 na cieszeniu si\u0119 podr\u00f3\u017c\u0105.<\/p><h2>\u00a0<\/h2><h2>Korzystanie z witryny internetowej<\/h2><p>Korzystaj\u0105c ze strony internetowej Treasure Bali w celu uiszczenia op\u0142aty turystycznej, u\u017cytkownik akceptuje niniejszy Regulamin i nasz\u0105 Polityk\u0119 prywatno\u015bci. Prosimy o uwa\u017cne zapoznanie si\u0119 z tymi dokumentami przed dokonaniem p\u0142atno\u015bci.<\/p><h2>\u00a0<\/h2><h2>Podstawa prawna<\/h2><p>Rz\u0105d prowincji Bali wprowadzi\u0142 op\u0142at\u0119 dla zagranicznych turyst\u00f3w, aby wspiera\u0107 zachowanie bogatych zwyczaj\u00f3w, tradycji, sztuki i lokalnej m\u0105dro\u015bci Bali. Op\u0142ata ta obowi\u0105zuje od 14 lutego 2024 r. i jest regulowana przez nast\u0119puj\u0105ce ramy prawne:<\/p><ul><li><strong>Ustawa nr 15 z 2023 r.<\/strong>: W odniesieniu do prowincji Bali, kt\u00f3ra ustanawia uprawnienia do nak\u0142adania op\u0142at na zagranicznych turyst\u00f3w.<\/li><li><strong>Rozporz\u0105dzenie regionalne prowincji Bali nr 6 z 2023 r.<\/strong>: W sprawie op\u0142aty dla zagranicznych turyst\u00f3w na rzecz ochrony balijskiej kultury i \u015brodowiska naturalnego. Rozporz\u0105dzenie to szczeg\u00f3\u0142owo okre\u015bla cel op\u0142aty i konkretne obszary, w kt\u00f3rych fundusze b\u0119d\u0105 wykorzystywane.<\/li><li><strong>Rozporz\u0105dzenie gubernatora Bali nr 2 z 2024 r.<\/strong>: Okre\u015blenie procedur uiszczania op\u0142aty za turyst\u0119 zagranicznego. Rozporz\u0105dzenie to okre\u015bla spos\u00f3b pobierania op\u0142aty, dopuszczalne metody p\u0142atno\u015bci oraz obowi\u0105zki dostawc\u00f3w us\u0142ug p\u0142atniczych, takich jak Treasure Bali.<\/li><\/ul><p>Jako dostawca us\u0142ug p\u0142atno\u015bci op\u0142at turystycznych dok\u0142adamy wszelkich stara\u0144, aby wszystkie transakcje by\u0142y zgodne z tymi przepisami, u\u0142atwiaj\u0105c zagranicznym turystom sprawny i zgodny z prawem proces p\u0142atno\u015bci. Zdecydowanie zaleca si\u0119 dokonanie p\u0142atno\u015bci przed wyjazdem na Bali, aby zapewni\u0107 zgodno\u015b\u0107 z lokalnymi wymogami prawnymi i przyczyni\u0107 si\u0119 do zr\u00f3wnowa\u017conego rozwoju dziedzictwa kulturowego i przyrodniczego Bali.<\/p><h2>\u00a0<\/h2><h2>Informacje dotycz\u0105ce p\u0142atno\u015bci<\/h2><p>Aby dokona\u0107 p\u0142atno\u015bci na naszej stronie internetowej, nale\u017cy poda\u0107 pe\u0142ne imi\u0119 i nazwisko, numer paszportu i dat\u0119 przybycia na Bali bezpo\u015brednio przy kasie. Informacje te s\u0105 wykorzystywane wy\u0142\u0105cznie do przetwarzania p\u0142atno\u015bci i przestrzegania wymog\u00f3w prawnych.<\/p><h2>\u00a0<\/h2><h2>Procedura p\u0142atno\u015bci<\/h2><ul><li>P\u0142atno\u015bci nale\u017cy dokonywa\u0107 za pomoc\u0105 kart kredytowych lub debetowych. Akceptujemy karty Visa, Visa Electron, Mastercard, MasterCard Electronic, Maestro.<\/li><li>P\u0142atno\u015bci mo\u017cna dokonywa\u0107 we wszystkich g\u0142\u00f3wnych walutach, w tym mi\u0119dzy innymi w EUR, USD, IDR. Waluta jest automatycznie wybierana na podstawie lokalizacji u\u017cytkownika, aby upro\u015bci\u0107 transakcj\u0119.<\/li><li>Wszystkie p\u0142atno\u015bci s\u0105 przetwarzane bezpiecznie i zgodnie z mi\u0119dzynarodowymi standardami p\u0142atno\u015bci.<\/li><\/ul><h2>\u00a0<\/h2><h2>Bezpiecze\u0144stwo p\u0142atno\u015bci<\/h2><p>Dostawc\u0105 us\u0142ug p\u0142atno\u015bci online dla p\u0142atno\u015bci kart\u0105 jest Autopay S.A.<\/p><p>Naszym celem jest zapewnienie najwy\u017cszego poziomu bezpiecze\u0144stwa wszystkich transakcji przetwarzanych za po\u015brednictwem naszej strony internetowej. W ramach tego zobowi\u0105zania korzystamy z us\u0142ug jednego z wiod\u0105cych procesor\u00f3w p\u0142atno\u015bci w bran\u017cy, kt\u00f3ry obs\u0142uguje wszystkie dzia\u0142ania zwi\u0105zane z p\u0142atno\u015bciami. Nasz procesor przestrzega najbardziej rygorystycznych poziom\u00f3w certyfikacji dost\u0119pnych w bran\u017cy p\u0142atno\u015bci.<\/p><p>Nasz procesor posiada certyfikat PCI Service Provider Level 1, najwy\u017cszy poziom certyfikacji oferowany przez Payment Card Industry Data Security Standard (PCI DSS). Standard ten wymaga szerokiego zestawu kontroli bezpiecze\u0144stwa, z kt\u00f3rych korzysta nasz procesor, aby zapewni\u0107 ochron\u0119 informacji o p\u0142atno\u015bciach. Kontrole te obejmuj\u0105 szyfrowanie danych podczas transmisji i przechowywania, bezpieczne konfiguracje sieci i rygorystyczne kontrole dost\u0119pu do wra\u017cliwych danych.<\/p><p>Dane dotycz\u0105ce p\u0142atno\u015bci nigdy nie s\u0105 przechowywane na naszych serwerach. Zamiast tego s\u0105 one bezpo\u015brednio przetwarzane i zabezpieczane przez nasz procesor p\u0142atno\u015bci, kt\u00f3ry stosuje najnowocze\u015bniejsze \u015brodki bezpiecze\u0144stwa w celu ochrony informacji przed nieautoryzowanym dost\u0119pem i oszustwami. Ponadto ca\u0142e przetwarzanie transakcji odbywa si\u0119 za po\u015brednictwem bezpiecznych po\u0142\u0105cze\u0144 HTTPS z wykorzystaniem nowoczesnych protoko\u0142\u00f3w TLS, zapewniaj\u0105c bezpieczne szyfrowanie danych u\u017cytkownika podczas przesy\u0142ania ich do naszego procesora p\u0142atno\u015bci.<\/p><h2>\u00a0<\/h2><h2>Op\u0142ata<\/h2><p>Op\u0142ata turystyczna jest obowi\u0105zkowym wymogiem dla wszystkich zagranicznych turyst\u00f3w odwiedzaj\u0105cych Bali, ustanowionym w celu wspierania utrzymania i poprawy walor\u00f3w kulturowych i \u015brodowiskowych regionu. Zdecydowanie zaleca si\u0119 dokonanie tej p\u0142atno\u015bci przed przyjazdem, aby zapewni\u0107 sprawny wjazd na Bali. P\u0142atno\u015bci dokonywane za po\u015brednictwem naszej strony internetowej s\u0105 bezpieczne, ostateczne i nie podlegaj\u0105 zwrotowi.<\/p><p>Po pomy\u015blnym zako\u0144czeniu p\u0142atno\u015bci otrzymasz natychmiastowe potwierdzenie transakcji na naszej stronie internetowej. W ci\u0105gu 24 godzin od dokonania p\u0142atno\u015bci zostanie wys\u0142ana druga wiadomo\u015b\u0107 e-mail zawieraj\u0105ca kod QR. Ten kod QR s\u0142u\u017cy jako dow\u00f3d uiszczenia op\u0142aty i jest wymagany po przyje\u017adzie. Wystarczy okaza\u0107 kod QR urz\u0119dnikowi celnemu na urz\u0105dzeniu mobilnym na mi\u0119dzynarodowym lotnisku na Bali. Dla Twojej wygody nie ma potrzeby drukowania kodu QR, chocia\u017c mo\u017cesz to zrobi\u0107, je\u015bli wolisz mie\u0107 fizyczn\u0105 kopi\u0119.<\/p><p>Nale\u017cy pami\u0119ta\u0107, \u017ce kupony op\u0142at zostan\u0105 wys\u0142ane poczt\u0105 elektroniczn\u0105 bezpo\u015brednio od rz\u0105du prowincji Bali na nast\u0119puj\u0105cy adres: lovebali@noreply.baliprov.go.id. Upewnij si\u0119, \u017ce sprawdzi\u0142e\u015b folder spam\/\u015bmieci na wypadek, gdyby wiadomo\u015b\u0107 e-mail zosta\u0142a przefiltrowana przez dostawc\u0119 us\u0142ug poczty e-mail.<\/p><p>\u0141\u0105czna zap\u0142acona cena, wy\u015bwietlona podczas zakupu, zostanie r\u00f3wnie\u017c przedstawiona w wiadomo\u015bci e-mail z potwierdzeniem zakupu wys\u0142anej do u\u017cytkownika natychmiast po dokonaniu zakupu. Nale\u017cy jednak pami\u0119ta\u0107, \u017ce cena podana na samym voucherze b\u0119dzie si\u0119 r\u00f3\u017cni\u0107. Cena vouchera na op\u0142at\u0119 obejmuje jedynie koszt op\u0142aty na\u0142o\u017conej przez rz\u0105d prowincji oraz op\u0142at\u0119 za us\u0142ug\u0119. Kwota ta nie uwzgl\u0119dnia op\u0142at za us\u0142ugi naszej platformy, kt\u00f3re pokrywaj\u0105 podstawowe koszty operacyjne, takie jak przewalutowanie, przetwarzanie transakcji, utrzymanie naszej wielowalutowej platformy i zapewnienie wieloj\u0119zycznej obs\u0142ugi klienta.<\/p><p>Bardzo wa\u017cne jest, aby wszystkie informacje podane podczas procesu p\u0142atno\u015bci by\u0142y dok\u0142adne i kompletne, poniewa\u017c zostan\u0105 one wykorzystane do wygenerowania dokumentacji wjazdowej. Upewnij si\u0119, \u017ce Twoje imi\u0119 i nazwisko, numer paszportu i data przyjazdu zosta\u0142y wprowadzone poprawnie. Je\u015bli wyst\u0105pi\u0105 jakiekolwiek problemy podczas procesu p\u0142atno\u015bci lub nie otrzymasz wiadomo\u015bci e-mail z potwierdzeniem zgodnie z opisem, skontaktuj si\u0119 z naszym dzia\u0142em obs\u0142ugi klienta w celu uzyskania pomocy.<\/p><p>Uprzejmie prosimy o niedokonywanie zakupu op\u0142aty turystycznej na Bali dla tego samego nazwiska i daty przyjazdu na innej stronie internetowej po dokonaniu zakupu za po\u015brednictwem naszej platformy. Takie post\u0119powanie zak\u0142\u00f3ca nasz\u0105 zdolno\u015b\u0107 do skutecznego przetwarzania wniosku o op\u0142at\u0119 turystyczn\u0105, poniewa\u017c system rz\u0105dowy blokuje duplikaty wniosk\u00f3w.<\/p><p>Pami\u0119taj, \u017ce je\u015bli zdecydujesz si\u0119 ponownie zakupi\u0107 op\u0142at\u0119 turystyczn\u0105 na innej stronie internetowej, Twoja op\u0142ata turystyczna nie b\u0119dzie ju\u017c przetwarzana za po\u015brednictwem naszej platformy i nie b\u0119dziesz uprawniony do otrzymania od nas zwrotu pieni\u0119dzy. Wszystkie transakcje dokonane za po\u015brednictwem naszej platformy s\u0105 ostateczne.<\/p><h2>\u00a0<\/h2><h2>Prawo do odst\u0105pienia od umowy<\/h2><p>Ze wzgl\u0119du na charakter naszej us\u0142ugi, kt\u00f3ra obejmuje natychmiastowe dostarczenie tre\u015bci cyfrowych (u\u0142atwienie op\u0142aty turystycznej na Bali), prawo do odst\u0105pienia od umowy nie ma zastosowania po rozpocz\u0119ciu \u015bwiadczenia us\u0142ugi. Kupuj\u0105c nasz\u0105 us\u0142ug\u0119, u\u017cytkownik wyra\u017ca zgod\u0119 na natychmiastowe rozpocz\u0119cie \u015bwiadczenia us\u0142ugi i potwierdza, \u017ce zrzeka si\u0119 wszelkich praw do odst\u0105pienia od umowy lub \u017c\u0105dania zwrotu pieni\u0119dzy po rozpocz\u0119ciu procesu \u015bwiadczenia us\u0142ugi.<\/p><p>Wszystkie transakcje dokonane za po\u015brednictwem naszej platformy s\u0105 ostateczne i nie podlegaj\u0105 zwrotowi. Obejmuje to sytuacje, w kt\u00f3rych:<\/p><ul><li>U\u017cytkownik nie poda wymaganych informacji (np. numeru paszportu) niezb\u0119dnych do realizacji us\u0142ugi.<\/li><li>Wprowadzona data przyjazdu przekracza 60 dni w przysz\u0142o\u015bci - w takich przypadkach vouchery zostan\u0105 wydane 40-50 dni przed planowan\u0105 dat\u0105 przyjazdu.<\/li><li>Op\u0142ata turystyczna Bali zosta\u0142a ju\u017c zakupiona za po\u015brednictwem innej platformy, co skutkuje duplikatami wniosk\u00f3w, kt\u00f3re nie mog\u0105 zosta\u0107 przetworzone.<\/li><\/ul><p>Dokonuj\u0105c zakupu, u\u017cytkownik wyra\u017anie wyra\u017ca zgod\u0119 na warunki okre\u015blone w niniejszym dokumencie, rozumiej\u0105c, \u017ce us\u0142uga jest \u015bwiadczona natychmiast i nie mo\u017ce zosta\u0107 anulowana ani zwr\u00f3cona po rozpocz\u0119ciu procesu \u015bwiadczenia us\u0142ugi.<\/p><p>\u00a0<\/p><h2>Data przyjazdu Zgodno\u015b\u0107<\/h2><p>Je\u015bli data przyjazdu podana przez klienta jest p\u00f3\u017aniejsza ni\u017c 14 dni w przesz\u0142o\u015bci, otrzyma on kupon op\u0142aty turystycznej z dat\u0105 przyjazdu 14 dni w przesz\u0142o\u015bci, poniewa\u017c jest to maksymalna data w przesz\u0142o\u015bci dozwolona przez system rz\u0105du prowincji Bali. Ponadto, je\u015bli podana data przyjazdu przekracza 60 dni w przysz\u0142o\u015bci, klient otrzyma kupon op\u0142aty turystycznej w ci\u0105gu 40-50 dni przed dat\u0105 przyjazdu, aby zapewni\u0107 zgodno\u015b\u0107 z maksymaln\u0105 dat\u0105 w przysz\u0142o\u015bci dozwolon\u0105 przez system rz\u0105dowy Bali. Je\u015bli klient wprowadzi dat\u0119 przyjazdu ponad rok wcze\u015bniej, jego op\u0142ata turystyczna zostanie wydana z bie\u017c\u0105c\u0105 dat\u0105.<\/p><h2>\u00a0<\/h2><h2>Wymagane informacje Zgodno\u015b\u0107<\/h2><p>Je\u015bli klient nie poda numeru paszportu, kt\u00f3ry jest obowi\u0105zkowy dla rz\u0105du prowincji Bali do wystawienia op\u0142aty turystycznej, skontaktujemy si\u0119 z klientem za po\u015brednictwem poczty elektronicznej, aby poprosi\u0107 o te brakuj\u0105ce informacje. Je\u015bli klient nie poda wymaganego numeru paszportu w ci\u0105gu 48 godzin, voucher nie zostanie wydany. Poniewa\u017c wszystkie transakcje s\u0105 ostateczne i bezzwrotne, w takich przypadkach nie przys\u0142uguje zwrot pieni\u0119dzy.<\/p><h2>\u00a0<\/h2><h2>Tre\u015b\u0107 i odpowiedzialno\u015b\u0107<\/h2><p>Staramy si\u0119 dostarcza\u0107 dok\u0142adne i aktualne informacje na naszej stronie internetowej, aby skutecznie pomaga\u0107 u\u017cytkownikom. Obejmuje to szczeg\u00f3\u0142y dotycz\u0105ce naszych us\u0142ug, procedur p\u0142atno\u015bci i wszelkich niezb\u0119dnych informacji regulacyjnych zwi\u0105zanych z wizyt\u0105 na Bali. Pomimo naszych stara\u0144, aby zapewni\u0107 wiarygodno\u015b\u0107 prezentowanych informacji, mog\u0105 wyst\u0105pi\u0107 zmiany kurs\u00f3w walut, aktualizacje przepis\u00f3w lub b\u0142\u0119dy typograficzne, prowadz\u0105ce do niezamierzonych nie\u015bcis\u0142o\u015bci.<\/p><p>Nale\u017cy pami\u0119ta\u0107, \u017ce nie ponosimy odpowiedzialno\u015bci za nie\u015bcis\u0142o\u015bci, kt\u00f3re mog\u0105 wynika\u0107 z takich zmian lub b\u0142\u0119d\u00f3w. Zach\u0119camy u\u017cytkownik\u00f3w do weryfikowania krytycznych informacji, zw\u0142aszcza dotycz\u0105cych p\u0142atno\u015bci i wymog\u00f3w prawnych, w przypadku zauwa\u017cenia rozbie\u017cno\u015bci. Wa\u017cne jest r\u00f3wnie\u017c, aby sprawdzi\u0107 najnowsze informacje w pobli\u017cu daty podr\u00f3\u017cy, poniewa\u017c kursy wymiany walut i lokalne przepisy mog\u0105 ulec zmianie.<\/p><p>Ponadto nie ponosimy odpowiedzialno\u015bci za straty lub szkody wynikaj\u0105ce z awarii metody p\u0142atno\u015bci lub nie\u015bcis\u0142o\u015bci w informacjach podanych przez u\u017cytkownika podczas procesu p\u0142atno\u015bci. Obowi\u0105zkiem ka\u017cdego u\u017cytkownika jest upewnienie si\u0119, \u017ce wszystkie dane osobowe, takie jak pe\u0142ne imi\u0119 i nazwisko, numer paszportu i data przyjazdu, zosta\u0142y wprowadzone poprawnie. W przypadku b\u0142\u0119du w podanych informacjach, nie mo\u017cemy zagwarantowa\u0107 usuni\u0119cia takich b\u0142\u0119d\u00f3w bez potencjalnych op\u00f3\u017anie\u0144 lub komplikacji. W przypadku jakichkolwiek problem\u00f3w z p\u0142atno\u015bci\u0105 nale\u017cy niezw\u0142ocznie skontaktowa\u0107 si\u0119 z naszym dzia\u0142em obs\u0142ugi klienta w celu uzyskania pomocy. Zobowi\u0105zujemy si\u0119 do zapewnienia wsparcia w celu szybkiego rozwi\u0105zania takich problem\u00f3w, ale konieczne jest, aby u\u017cytkownicy podawali dok\u0142adne i kompletne informacje na pocz\u0105tku, aby unikn\u0105\u0107 komplikacji.<\/p><h2>\u00a0<\/h2><h2>Przerwy i si\u0142a wy\u017csza<\/h2><p>Nasze us\u0142ugi s\u0105 zaprojektowane tak, aby dzia\u0142a\u0142y sprawnie, ale mog\u0105 na nie wp\u0142ywa\u0107 zdarzenia pozostaj\u0105ce poza nasz\u0105 kontrol\u0105, powszechnie okre\u015blane jako zdarzenia si\u0142y wy\u017cszej. Zdarzenia te obejmuj\u0105 mi\u0119dzy innymi kl\u0119ski \u017cywio\u0142owe, takie jak trz\u0119sienia ziemi, huragany lub powodzie; powa\u017cne sytuacje zagro\u017cenia zdrowia publicznego, takie jak pandemie; dzia\u0142ania wojenne lub terrorystyczne; oraz powa\u017cne dzia\u0142ania rz\u0105dowe, w tym nowe przepisy lub zmiany regulacyjne, kt\u00f3re maj\u0105 wp\u0142yw na nasz\u0105 dzia\u0142alno\u015b\u0107.<\/p><p>W przypadku wyst\u0105pienia takich zdarze\u0144 si\u0142y wy\u017cszej staramy si\u0119 utrzyma\u0107 ci\u0105g\u0142o\u015b\u0107 us\u0142ug w jak najwi\u0119kszym stopniu, ale mog\u0105 wyst\u0105pi\u0107 zak\u0142\u00f3cenia. W tym czasie nie ponosimy odpowiedzialno\u015bci za jakiekolwiek op\u00f3\u017anienia, awarie lub zak\u0142\u00f3cenia w \u015bwiadczeniu naszych us\u0142ug. Obejmuje to wszelkie op\u00f3\u017anienia w przetwarzaniu p\u0142atno\u015bci lub dostarczaniu niezb\u0119dnej dokumentacji, takiej jak kody QR do podr\u00f3\u017cy.<\/p><p>Rozumiemy niedogodno\u015bci, kt\u00f3re mog\u0105 by\u0107 spowodowane i zobowi\u0105zujemy si\u0119 do terminowego informowania o wszelkich zak\u0142\u00f3ceniach. Nasz zesp\u00f3\u0142 dok\u0142ada wszelkich stara\u0144, aby wznowi\u0107 normalne dzia\u0142anie tak szybko i bezpiecznie, jak to mo\u017cliwe, gdy tylko warunki si\u0119 ustabilizuj\u0105. Zapewniamy r\u00f3wnie\u017c wskaz\u00f3wki i wsparcie dotkni\u0119tym u\u017cytkownikom, pomagaj\u0105c im radzi\u0107 sobie z wszelkimi wyzwaniami zwi\u0105zanymi z tymi zak\u0142\u00f3ceniami. Bardzo doceniamy cierpliwo\u015b\u0107 i zrozumienie podczas takich wydarze\u0144.<\/p><h2>\u00a0<\/h2><h2>Umowa prawna<\/h2><p>Dokonuj\u0105c p\u0142atno\u015bci za po\u015brednictwem strony internetowej Treasure Bali, obs\u0142ugiwanej przez\u00a0<span style=\"text-align: var(--text-align); font-size: 1rem;\">NOVA Group Sp. z o.o.<\/span><span style=\"text-align: var(--text-align); font-size: 1rem;\">U\u017cytkownik przyjmuje do wiadomo\u015bci i akceptuje niniejszy Regulamin, tym samym zawieraj\u0105c z nami prawnie wi\u0105\u017c\u0105c\u0105 umow\u0119. Niniejsza umowa potwierdza zrozumienie i akceptacj\u0119 wszystkich naszych warunk\u00f3w operacyjnych, warunk\u00f3w p\u0142atno\u015bci i warunk\u00f3w \u015bwiadczenia us\u0142ug, kt\u00f3re zosta\u0142y szczeg\u00f3\u0142owo opisane w naszych warunkach. Obejmuje ona wszystkie interakcje i transakcje, kt\u00f3re u\u017cytkownik mo\u017ce podejmowa\u0107 na naszej stronie internetowej oraz wynikaj\u0105ce z nich obowi\u0105zki i prawa.<\/span><\/p><p>Niniejsza umowa jest uznawana za wa\u017cn\u0105 i wykonaln\u0105 w formacie cyfrowym, co oznacza, \u017ce u\u017cytkownik zgadza si\u0119 nie kwestionowa\u0107 jej wa\u017cno\u015bci, wykonalno\u015bci ani dopuszczalno\u015bci w post\u0119powaniu s\u0105dowym w oparciu o jej elektroniczny charakter. Takie umowy cyfrowe s\u0105 prawnie wi\u0105\u017c\u0105ce zgodnie z obowi\u0105zuj\u0105cymi przepisami dotycz\u0105cymi transakcji elektronicznych, zapewniaj\u0105c im takie same skutki prawne jak ich papierowe odpowiedniki. Ponadto u\u017cytkownik przyjmuje do wiadomo\u015bci, \u017ce podpisy elektroniczne lub potwierdzenia, w stosownych przypadkach, podlegaj\u0105 tym samym standardom prawnym i s\u0105 egzekwowalne, jak gdyby by\u0142y dokumentami podpisanymi atramentem.<\/p><p>Zach\u0119camy do dok\u0142adnego zapoznania si\u0119 ze wszystkimi warunkami przed dokonaniem jakiejkolwiek p\u0142atno\u015bci, poniewa\u017c takie dzia\u0142anie oznacza zgod\u0119 u\u017cytkownika na prawne zwi\u0105zanie si\u0119 tymi warunkami. Je\u015bli u\u017cytkownik nie zgadza si\u0119 z jak\u0105kolwiek cz\u0119\u015bci\u0105 przedstawionych warunk\u00f3w, ma prawo powstrzyma\u0107 si\u0119 od kontynuowania jakiejkolwiek transakcji. Przyst\u0119puj\u0105c do transakcji, u\u017cytkownik zrzeka si\u0119 wszelkich praw do kwestionowania postanowie\u0144 proceduralnych i merytorycznych okre\u015blonych w niniejszej umowie.<\/p><h2>\u00a0<\/h2><h2>Modyfikacje<\/h2><p>Od czasu do czasu mo\u017cemy aktualizowa\u0107 niniejszy Regulamin, aby odzwierciedli\u0107 zmiany w naszych us\u0142ugach lub wymaganiach prawnych. Dalsze korzystanie z naszej witryny po wprowadzeniu takich zmian b\u0119dzie oznacza\u0107 zgod\u0119 u\u017cytkownika na zaktualizowane Warunki.<\/p><h2>\u00a0<\/h2><h2>Informacje o firmie<\/h2><p>Treasure Bali jest obs\u0142ugiwany przez NOVA Group Sp. z o.o. Poni\u017cej znajduj\u0105 si\u0119 dane naszej firmy:<\/p><p>NOVA Group Sp. z o.o.<\/p><p>Adres: \u017burawia 6\/12 lok. 745, 00-503 Warszawa, Polska<\/p><p>IDENTYFIKATOR PODATKOWY: PL7011215529<\/p><p>REGON: 529224431<\/p><h2>\u00a0<\/h2><h2>Kontakt<\/h2><p>W przypadku jakichkolwiek pyta\u0144 lub w\u0105tpliwo\u015bci dotycz\u0105cych niniejszego Regulaminu lub naszych us\u0142ug, prosimy o <a href=\"https:\/\/treasurebali.com\/pl\/skontaktuj-sie-z-nami\/\">skontaktuj si\u0119 z nami<\/a> za po\u015brednictwem metod podanych na naszej stronie internetowej.<\/p><p>Niniejsze Warunki maj\u0105 na celu zapewnienie jasno\u015bci i wzajemnego zrozumienia mi\u0119dzy Treasure Bali a naszymi u\u017cytkownikami, u\u0142atwiaj\u0105c p\u0142ynn\u0105 transakcj\u0119 i zgodno\u015b\u0107 z wymogami op\u0142aty turystycznej na Bali.<\/p>\t\t\t\t\t\t<\/div>\n\t\t\t\t<\/div>\n\t\t\t\t\t<\/div>\n\t\t\t\t<\/div>\n\t\t\t\t<\/div>","protected":false},"excerpt":{"rendered":"<p>These General Terms and Conditions form an agreement between you, the user as a foreign tourist (&#8220;User&#8221;), and Treasure Bali (&#8220;Us&#8221;), an independent tourist levy payment service provider.<\/p>","protected":false},"author":1,"featured_media":0,"parent":0,"menu_order":0,"comment_status":"closed","ping_status":"closed","template":"","meta":{"footnotes":""},"class_list":["post-167","page","type-page","status-publish","hentry"],"_links":{"self":[{"href":"https:\/\/treasurebali.com\/pl\/wp-json\/wp\/v2\/pages\/167","targetHints":{"allow":["GET"]}}],"collection":[{"href":"https:\/\/treasurebali.com\/pl\/wp-json\/wp\/v2\/pages"}],"about":[{"href":"https:\/\/treasurebali.com\/pl\/wp-json\/wp\/v2\/types\/page"}],"author":[{"embeddable":true,"href":"https:\/\/treasurebali.com\/pl\/wp-json\/wp\/v2\/users\/1"}],"replies":[{"embeddable":true,"href":"https:\/\/treasurebali.com\/pl\/wp-json\/wp\/v2\/comments?post=167"}],"version-history":[{"count":64,"href":"https:\/\/treasurebali.com\/pl\/wp-json\/wp\/v2\/pages\/167\/revisions"}],"predecessor-version":[{"id":2467,"href":"https:\/\/treasurebali.com\/pl\/wp-json\/wp\/v2\/pages\/167\/revisions\/2467"}],"wp:attachment":[{"href":"https:\/\/treasurebali.com\/pl\/wp-json\/wp\/v2\/media?parent=167"}],"curies":[{"name":"wp","href":"https:\/\/api.w.org\/{rel}","templated":true}]}}