{"id":2389,"date":"2024-08-05T17:19:27","date_gmt":"2024-08-05T15:19:27","guid":{"rendered":"https:\/\/treasurebali.com\/?page_id=2389"},"modified":"2024-08-05T17:25:22","modified_gmt":"2024-08-05T15:25:22","slug":"cookie-policy","status":"publish","type":"page","link":"https:\/\/treasurebali.com\/pl\/polityka-cookies\/","title":{"rendered":"Polityka dotycz\u0105ca plik\u00f3w cookie"},"content":{"rendered":"<div data-elementor-type=\"wp-page\" data-elementor-id=\"2389\" class=\"elementor elementor-2389\" data-elementor-post-type=\"page\">\n\t\t\t\t<div class=\"elementor-element elementor-element-3c0549ae e-flex e-con-boxed e-con e-parent\" data-id=\"3c0549ae\" data-element_type=\"container\">\n\t\t\t\t\t<div class=\"e-con-inner\">\n\t\t\t\t<div class=\"elementor-element elementor-element-24b1dc5 elementor-widget elementor-widget-text-editor\" data-id=\"24b1dc5\" data-element_type=\"widget\" data-widget_type=\"text-editor.default\">\n\t\t\t\t<div class=\"elementor-widget-container\">\n\t\t\t\t\t\t\t<h1>Polityka dotycz\u0105ca plik\u00f3w cookie<\/h1><p>\u00a0<\/p><p><strong>1<\/strong><strong>. Wprowadzenie<\/strong><\/p><p>Witamy w serwisie Treasure Bali, kt\u00f3rego operatorem jest Nova Group Sp. z o.o.<\/p><p>Niniejsza Polityka dotycz\u0105ca plik\u00f3w cookie wyja\u015bnia, w jaki spos\u00f3b u\u017cywamy plik\u00f3w cookie i podobnych technologii na naszej stronie internetowej. Korzystaj\u0105c z naszej witryny internetowej, u\u017cytkownik wyra\u017ca zgod\u0119 na korzystanie przez nas z plik\u00f3w cookie w spos\u00f3b opisany w niniejszej polityce.<\/p><p>\u00a0<\/p><p><strong>2. Czym s\u0105 pliki cookie?<\/strong><\/p><p>Pliki cookie to ma\u0142e pliki tekstowe, kt\u00f3re s\u0105 umieszczane na urz\u0105dzeniu u\u017cytkownika podczas odwiedzania strony internetowej. S\u0105 one powszechnie u\u017cywane w celu usprawnienia dzia\u0142ania witryn internetowych, a tak\u017ce w celu dostarczania informacji w\u0142a\u015bcicielom witryn. Pliki cookie mog\u0105 przechowywa\u0107 preferencje u\u017cytkownika i inne informacje.<\/p><p>\u00a0<\/p><p><strong>3. Rodzaje u\u017cywanych przez nas plik\u00f3w cookie<\/strong><\/p><p>U\u017cywamy nast\u0119puj\u0105cych rodzaj\u00f3w plik\u00f3w cookie:<\/p><ul><li><p><strong>Niezb\u0119dne pliki cookie<\/strong>: Te pliki cookie s\u0105 niezb\u0119dne do prawid\u0142owego dzia\u0142ania witryny. Umo\u017cliwiaj\u0105 one podstawowe funkcje, takie jak nawigacja po stronie i dost\u0119p do bezpiecznych obszar\u00f3w witryny. Bez tych plik\u00f3w cookie witryna nie mo\u017ce dzia\u0142a\u0107 prawid\u0142owo.<\/p><\/li><li><p><strong>Wydajne pliki cookie<\/strong>: Te pliki cookie gromadz\u0105 informacje o sposobie korzystania z naszej witryny internetowej, takie jak najcz\u0119\u015bciej odwiedzane strony i komunikaty o b\u0142\u0119dach na stronach internetowych. Te pliki cookie nie gromadz\u0105 informacji umo\u017cliwiaj\u0105cych identyfikacj\u0119 u\u017cytkownika. Wszystkie informacje gromadzone przez te pliki cookie s\u0105 zagregowane, a zatem anonimowe. S\u0105 one wykorzystywane wy\u0142\u0105cznie w celu poprawy dzia\u0142ania naszej strony internetowej.<\/p><\/li><li><p><strong>Funkcjonalne pliki cookie<\/strong>: Te pliki cookie umo\u017cliwiaj\u0105 naszej witrynie zapami\u0119tywanie wybor\u00f3w dokonywanych przez u\u017cytkownika (takich jak nazwa u\u017cytkownika, j\u0119zyk lub region, w kt\u00f3rym si\u0119 znajduje) i zapewniaj\u0105 ulepszone, bardziej spersonalizowane funkcje. Te pliki cookie mog\u0105 by\u0107 r\u00f3wnie\u017c u\u017cywane do zapami\u0119tywania zmian dokonanych przez u\u017cytkownika w rozmiarze tekstu, czcionkach i innych cz\u0119\u015bciach stron internetowych, kt\u00f3re mo\u017cna dostosowa\u0107. Mog\u0105 by\u0107 r\u00f3wnie\u017c wykorzystywane do \u015bwiadczenia us\u0142ug, o kt\u00f3re prosi\u0142 u\u017cytkownik, takich jak ogl\u0105danie film\u00f3w lub komentowanie na blogu. Informacje gromadzone przez te pliki cookie mog\u0105 by\u0107 anonimowe i nie mog\u0105 \u015bledzi\u0107 aktywno\u015bci u\u017cytkownika na innych stronach internetowych.<\/p><\/li><li><strong>Docelowe\/reklamowe pliki cookie:<\/strong> Te pliki cookie \u015bledz\u0105 aktywno\u015b\u0107 u\u017cytkownika podczas przegl\u0105dania r\u00f3\u017cnych witryn internetowych w celu utworzenia profilu jego zainteresowa\u0144. Informacje te s\u0105 wykorzystywane do dostarczania spersonalizowanych reklam, kt\u00f3re s\u0105 bardziej odpowiednie dla u\u017cytkownika. Pomagaj\u0105 r\u00f3wnie\u017c nam i naszym partnerom reklamowym mierzy\u0107 skuteczno\u015b\u0107 naszych kampanii reklamowych. Mo\u017cesz zarz\u0105dza\u0107 tymi plikami cookie lub zrezygnowa\u0107 z nich za pomoc\u0105 ustawie\u0144 przegl\u0105darki lub naszego narz\u0119dzia do wyra\u017cania zgody na pliki cookie.<\/li><\/ul><p>\u00a0<\/p><p><strong>4. Jak wykorzystujemy pliki cookie<\/strong><\/p><p>U\u017cywamy plik\u00f3w cookie, aby poprawi\u0107 komfort przegl\u0105dania poprzez:<\/p><ul><li>Zapami\u0119tywanie preferencji i ustawie\u0144.<\/li><li>Zrozumienie, w jaki spos\u00f3b u\u017cytkownik korzysta z naszej witryny, aby\u015bmy mogli wprowadza\u0107 ulepszenia.<\/li><li>Zapewnienie prawid\u0142owego i wydajnego dzia\u0142ania strony internetowej.<\/li><\/ul><p>\u00a0<\/p><p><strong>5. Zarz\u0105dzanie plikami cookie<\/strong><\/p><p>U\u017cytkownik ma mo\u017cliwo\u015b\u0107 zaakceptowania lub odrzucenia plik\u00f3w cookie poprzez zmian\u0119 ustawie\u0144 w przegl\u0105darce. Wi\u0119kszo\u015b\u0107 przegl\u0105darek internetowych automatycznie akceptuje pliki cookie, ale zazwyczaj mo\u017cna zmodyfikowa\u0107 ustawienia przegl\u0105darki, aby odrzuci\u0107 pliki cookie, je\u015bli wolisz. Nale\u017cy pami\u0119ta\u0107, \u017ce wy\u0142\u0105czenie plik\u00f3w cookie mo\u017ce wp\u0142yn\u0105\u0107 na funkcjonalno\u015b\u0107 naszej witryny i uniemo\u017cliwi\u0107 pe\u0142ne korzystanie z niej.<\/p><p><strong>Jak zarz\u0105dza\u0107 plikami cookie:<\/strong><\/p><ul><li><strong>W przegl\u0105darkach stacjonarnych:<\/strong> Mo\u017cesz zarz\u0105dza\u0107 plikami cookie, dostosowuj\u0105c ustawienia w przegl\u0105darce. Oto linki do zarz\u0105dzania plikami cookie w niekt\u00f3rych popularnych przegl\u0105darkach:<ul><li><a target=\"_new\" rel=\"noreferrer\">Google Chrome<\/a><\/li><li><a href=\"https:\/\/support.mozilla.org\/en-US\/kb\/enable-and-disable-cookies-website-preferences\" target=\"_new\" rel=\"noreferrer\">Mozilla Firefox<\/a><\/li><li><a href=\"https:\/\/support.microsoft.com\/en-us\/microsoft-edge\/delete-cookies-in-microsoft-edge-63947406-40ac-c3b8-57b9-2a946a29ae09\" target=\"_new\" rel=\"noreferrer\">Microsoft Edge<\/a><\/li><li><a href=\"https:\/\/support.apple.com\/guide\/safari\/manage-cookies-and-website-data-sfri11471\/mac\" target=\"_new\" rel=\"noreferrer\">Safari<\/a><\/li><\/ul><\/li><li><strong>Na urz\u0105dzeniach mobilnych:<\/strong> Proces zarz\u0105dzania plikami cookie mo\u017ce r\u00f3\u017cni\u0107 si\u0119 w zale\u017cno\u015bci od urz\u0105dzenia i przegl\u0105darki. Zazwyczaj mo\u017cna zarz\u0105dza\u0107 ustawieniami w ustawieniach przegl\u0105darki urz\u0105dzenia mobilnego.<\/li><\/ul><p>\u00a0<\/p><p><strong>6. Zgoda<\/strong><\/p><p>Korzystaj\u0105c z naszej strony internetowej, u\u017cytkownik wyra\u017ca zgod\u0119 na korzystanie z plik\u00f3w cookie w spos\u00f3b opisany w niniejszej polityce. U\u017cytkownik mo\u017ce wycofa\u0107 swoj\u0105 zgod\u0119 w dowolnym momencie, dostosowuj\u0105c ustawienia przegl\u0105darki lub usuwaj\u0105c pliki cookie w przegl\u0105darce.<\/p><p>\u00a0<\/p><p><strong>7. Zmiany niniejszej polityki dotycz\u0105cej plik\u00f3w cookie<\/strong><\/p><p>Mo\u017cemy okresowo aktualizowa\u0107 niniejsz\u0105 Polityk\u0119 dotycz\u0105c\u0105 plik\u00f3w cookie, aby odzwierciedli\u0107 zmiany w naszych praktykach lub z innych powod\u00f3w operacyjnych, prawnych lub regulacyjnych. Powiadomimy u\u017cytkownika o wszelkich istotnych zmianach, publikuj\u0105c nowe zasady na naszej stronie internetowej i aktualizuj\u0105c dat\u0119 \"Ostatnia aktualizacja\" na dole tej strony.<\/p><p>\u00a0<\/p><p><strong>8. Kontakt<\/strong><\/p><p>W przypadku jakichkolwiek pyta\u0144 lub w\u0105tpliwo\u015bci dotycz\u0105cych niniejszej Polityki dotycz\u0105cej plik\u00f3w cookie prosimy o kontakt pod adresem:<\/p><p>NOVA Group Sp. z o.o.<\/p><p>\u017burawia 6\/12 lok. 745, 00-503 Warszawa, Polska<\/p><p>IDENTYFIKATOR PODATKOWY: PL7011215529<\/p><p>REGON: 529224431<\/p><p><a href=\"mailto:contact@treasurebali.com\">contact@treasurebali.com<\/a><\/p>\t\t\t\t\t\t<\/div>\n\t\t\t\t<\/div>\n\t\t\t\t\t<\/div>\n\t\t\t\t<\/div>\n\t\t\t\t<\/div>","protected":false},"excerpt":{"rendered":"<p>Cookie Policy \u00a0 1. Introduction Welcome to Treasure Bali, operated by Nova Group Sp. z o.o. This Cookie Policy explains how we use cookies and similar technologies on our website. By using our website, you consent to our use of cookies as described in this policy. \u00a0 2. What Are Cookies? Cookies are small text [&hellip;]<\/p>","protected":false},"author":1,"featured_media":0,"parent":0,"menu_order":0,"comment_status":"closed","ping_status":"closed","template":"","meta":{"footnotes":""},"class_list":["post-2389","page","type-page","status-publish","hentry"],"_links":{"self":[{"href":"https:\/\/treasurebali.com\/pl\/wp-json\/wp\/v2\/pages\/2389","targetHints":{"allow":["GET"]}}],"collection":[{"href":"https:\/\/treasurebali.com\/pl\/wp-json\/wp\/v2\/pages"}],"about":[{"href":"https:\/\/treasurebali.com\/pl\/wp-json\/wp\/v2\/types\/page"}],"author":[{"embeddable":true,"href":"https:\/\/treasurebali.com\/pl\/wp-json\/wp\/v2\/users\/1"}],"replies":[{"embeddable":true,"href":"https:\/\/treasurebali.com\/pl\/wp-json\/wp\/v2\/comments?post=2389"}],"version-history":[{"count":4,"href":"https:\/\/treasurebali.com\/pl\/wp-json\/wp\/v2\/pages\/2389\/revisions"}],"predecessor-version":[{"id":2400,"href":"https:\/\/treasurebali.com\/pl\/wp-json\/wp\/v2\/pages\/2389\/revisions\/2400"}],"wp:attachment":[{"href":"https:\/\/treasurebali.com\/pl\/wp-json\/wp\/v2\/media?parent=2389"}],"curies":[{"name":"wp","href":"https:\/\/api.w.org\/{rel}","templated":true}]}}