{"id":113,"date":"2024-04-12T17:02:16","date_gmt":"2024-04-12T15:02:16","guid":{"rendered":"http:\/\/treasurebali.com\/?page_id=113"},"modified":"2024-09-03T19:57:08","modified_gmt":"2024-09-03T17:57:08","slug":"about-us","status":"publish","type":"page","link":"https:\/\/treasurebali.com\/pt\/sobre-nos\/","title":{"rendered":"Sobre n\u00f3s"},"content":{"rendered":"<div data-elementor-type=\"wp-page\" data-elementor-id=\"113\" class=\"elementor elementor-113\" data-elementor-post-type=\"page\">\n\t\t\t\t<div class=\"elementor-element elementor-element-38a580f7 e-flex e-con-boxed e-con e-parent\" data-id=\"38a580f7\" data-element_type=\"container\" data-settings=\"{&quot;background_background&quot;:&quot;classic&quot;}\">\n\t\t\t\t\t<div class=\"e-con-inner\">\n\t\t\t\t\t<\/div>\n\t\t\t\t<\/div>\n\t\t<div class=\"elementor-element elementor-element-6885ffad e-flex e-con-boxed e-con e-parent\" data-id=\"6885ffad\" data-element_type=\"container\" data-settings=\"{&quot;background_background&quot;:&quot;classic&quot;}\">\n\t\t\t\t\t<div class=\"e-con-inner\">\n\t\t\t\t<div class=\"elementor-element elementor-element-1f90cb0 elementor-widget elementor-widget-heading\" data-id=\"1f90cb0\" data-element_type=\"widget\" data-widget_type=\"heading.default\">\n\t\t\t\t<div class=\"elementor-widget-container\">\n\t\t\t<h1 class=\"elementor-heading-title elementor-size-default\">Sobre n\u00f3s<\/h1>\t\t<\/div>\n\t\t\t\t<\/div>\n\t\t\t\t<div class=\"elementor-element elementor-element-6bbe83af elementor-widget elementor-widget-heading\" data-id=\"6bbe83af\" data-element_type=\"widget\" data-widget_type=\"heading.default\">\n\t\t\t\t<div class=\"elementor-widget-container\">\n\t\t\t<h2 class=\"elementor-heading-title elementor-size-default\">Juntos por Bali: Unidos por um futuro sustent\u00e1vel<\/h2>\t\t<\/div>\n\t\t\t\t<\/div>\n\t\t\t\t\t<\/div>\n\t\t\t\t<\/div>\n\t\t<div class=\"elementor-element elementor-element-21f082b4 e-flex e-con-boxed e-con e-parent\" data-id=\"21f082b4\" data-element_type=\"container\">\n\t\t\t\t\t<div class=\"e-con-inner\">\n\t\t\t\t<div class=\"elementor-element elementor-element-1d287daf elementor-widget elementor-widget-text-editor\" data-id=\"1d287daf\" data-element_type=\"widget\" data-widget_type=\"text-editor.default\">\n\t\t\t\t<div class=\"elementor-widget-container\">\n\t\t\t\t\t\t\t<p>O Treasure Bali \u00e9 sua porta de entrada para a encantadora ilha de Bali, incorporando os princ\u00edpios da iniciativa \"Love Bali\", liderada pelo Governo da Prov\u00edncia de Bali. Nossa miss\u00e3o est\u00e1 harmoniosamente alinhada com o Plano de Desenvolvimento Abrangente, com foco na preserva\u00e7\u00e3o da beleza natural, da rica cultura e das vibrantes tradi\u00e7\u00f5es de Bali.<\/p><p><strong>Nosso compromisso com a preserva\u00e7\u00e3o<\/strong><\/p><p>Facilitamos a cobran\u00e7a de uma taxa dos turistas internacionais, uma medida estrat\u00e9gica destinada a apoiar a conserva\u00e7\u00e3o dos tesouros culturais e naturais de Bali. Esses fundos s\u00e3o fundamentais em nossos esfor\u00e7os cont\u00ednuos para cultivar o patrim\u00f4nio da ilha, garantindo que Bali continue sendo um santu\u00e1rio para seus valores intr\u00ednsecos.<\/p><p><strong>Esfor\u00e7os inovadores e aprimoramento da qualidade<\/strong><\/p><p>A Treasure Bali est\u00e1 na vanguarda da defesa e implementa\u00e7\u00e3o de inova\u00e7\u00f5es e esfor\u00e7os progressivos na preserva\u00e7\u00e3o ambiental, conserva\u00e7\u00e3o cultural e revitaliza\u00e7\u00e3o. N\u00f3s nos dedicamos a aprimorar a qualidade, a seguran\u00e7a e o conforto da experi\u00eancia de cada visitante por meio do desenvolvimento de infraestrutura integrada terrestre, mar\u00edtima e a\u00e9rea.<\/p><p><strong>Estrutura regulat\u00f3ria<\/strong><\/p><p>Nossas opera\u00e7\u00f5es e a taxa de turismo est\u00e3o ancoradas na legisla\u00e7\u00e3o local, especificamente:<\/p><p>-Regulamento Regional da Prov\u00edncia de Bali N\u00famero 6 de 2023 sobre a taxa para turistas internacionais para a prote\u00e7\u00e3o da cultura balinesa e do ambiente natural.<\/p><p>-Regulamento do governador de Bali n\u00ba 36 de 2023 referente aos procedimentos para pagamento da taxa de turismo.<\/p><p><strong>Bali: O centro da civiliza\u00e7\u00e3o mundial<\/strong><\/p><p>Reconhecida mundialmente como \"O \u00daltimo Para\u00edso\", \"A Ilha dos Deuses\", \"A Ilha dos Mil Templos\", \"A Manh\u00e3 do Mundo\", \"A Ilha do Para\u00edso\" e \"A Ilha do Amor\", Bali \u00e9 um testemunho de sua import\u00e2ncia cultural global e de seu patrim\u00f4nio - um verdadeiro Centro da Civiliza\u00e7\u00e3o Mundial (Padma Bhuwana).<\/p><p><strong>Facilite sua chegada<\/strong><\/p><p>Para garantir uma transi\u00e7\u00e3o perfeita para a beleza e a tranquilidade de Bali, o Treasure Bali recomenda que todos os turistas internacionais fa\u00e7am o pagamento da taxa on-line antes da chegada. Essa medida proativa apoia nosso esfor\u00e7o coletivo para proteger o legado cultural e ambiental de Bali, tornando cada visita significativa e respons\u00e1vel.<\/p>\t\t\t\t\t\t<\/div>\n\t\t\t\t<\/div>\n\t\t\t\t\t<\/div>\n\t\t\t\t<\/div>\n\t\t<div class=\"elementor-element elementor-element-5eb3e73c e-flex e-con-boxed e-con e-parent\" data-id=\"5eb3e73c\" data-element_type=\"container\">\n\t\t\t\t\t<div class=\"e-con-inner\">\n\t\t\t\t<div class=\"elementor-element elementor-element-57c6e94d elementor-widget elementor-widget-spacer\" data-id=\"57c6e94d\" data-element_type=\"widget\" data-widget_type=\"spacer.default\">\n\t\t\t\t<div class=\"elementor-widget-container\">\n\t\t\t\t\t<div class=\"elementor-spacer\">\n\t\t\t<div class=\"elementor-spacer-inner\"><\/div>\n\t\t<\/div>\n\t\t\t\t<\/div>\n\t\t\t\t<\/div>\n\t\t\t\t\t<\/div>\n\t\t\t\t<\/div>\n\t\t\t\t<\/div>","protected":false},"excerpt":{"rendered":"<p>O Treasure Bali \u00e9 sua porta de entrada para a encantadora ilha de Bali, incorporando os princ\u00edpios da iniciativa \"Love Bali\", liderada pelo governo da prov\u00edncia de Bali.<\/p>","protected":false},"author":1,"featured_media":119,"parent":0,"menu_order":0,"comment_status":"closed","ping_status":"closed","template":"","meta":{"footnotes":""},"class_list":["post-113","page","type-page","status-publish","has-post-thumbnail","hentry"],"_links":{"self":[{"href":"https:\/\/treasurebali.com\/pt\/wp-json\/wp\/v2\/pages\/113","targetHints":{"allow":["GET"]}}],"collection":[{"href":"https:\/\/treasurebali.com\/pt\/wp-json\/wp\/v2\/pages"}],"about":[{"href":"https:\/\/treasurebali.com\/pt\/wp-json\/wp\/v2\/types\/page"}],"author":[{"embeddable":true,"href":"https:\/\/treasurebali.com\/pt\/wp-json\/wp\/v2\/users\/1"}],"replies":[{"embeddable":true,"href":"https:\/\/treasurebali.com\/pt\/wp-json\/wp\/v2\/comments?post=113"}],"version-history":[{"count":13,"href":"https:\/\/treasurebali.com\/pt\/wp-json\/wp\/v2\/pages\/113\/revisions"}],"predecessor-version":[{"id":2505,"href":"https:\/\/treasurebali.com\/pt\/wp-json\/wp\/v2\/pages\/113\/revisions\/2505"}],"wp:featuredmedia":[{"embeddable":true,"href":"https:\/\/treasurebali.com\/pt\/wp-json\/wp\/v2\/media\/119"}],"wp:attachment":[{"href":"https:\/\/treasurebali.com\/pt\/wp-json\/wp\/v2\/media?parent=113"}],"curies":[{"name":"wp","href":"https:\/\/api.w.org\/{rel}","templated":true}]}}