{"id":159,"date":"2024-04-13T11:36:29","date_gmt":"2024-04-13T09:36:29","guid":{"rendered":"http:\/\/treasurebali.com\/?page_id=159"},"modified":"2024-08-23T13:02:10","modified_gmt":"2024-08-23T11:02:10","slug":"privacy-policy","status":"publish","type":"page","link":"https:\/\/treasurebali.com\/pt\/politica-de-privacidade\/","title":{"rendered":"Pol\u00edtica de privacidade"},"content":{"rendered":"<div data-elementor-type=\"wp-page\" data-elementor-id=\"159\" class=\"elementor elementor-159\" data-elementor-post-type=\"page\">\n\t\t\t\t<div class=\"elementor-element elementor-element-0af53de e-flex e-con-boxed e-con e-parent\" data-id=\"0af53de\" data-element_type=\"container\">\n\t\t\t\t\t<div class=\"e-con-inner\">\n\t\t\t\t<div class=\"elementor-element elementor-element-8efb6d4 elementor-widget elementor-widget-text-editor\" data-id=\"8efb6d4\" data-element_type=\"widget\" data-widget_type=\"text-editor.default\">\n\t\t\t\t<div class=\"elementor-widget-container\">\n\t\t\t\t\t\t\t<h1>Pol\u00edtica de privacidade<\/h1><p>\u00a0<\/p><p><strong>Introdu\u00e7\u00e3o<\/strong><\/p><p>Esta Pol\u00edtica de Privacidade descreve nosso compromisso com a prote\u00e7\u00e3o de sua privacidade. Ela detalha como o Nova Group Sp. z o.o. coleta, armazena, usa e protege suas informa\u00e7\u00f5es pessoais \u00e0 medida que voc\u00ea interage com nosso site para processar pagamentos de taxas tur\u00edsticas. \u00c9 fundamental entender essas pr\u00e1ticas, portanto, leia esta pol\u00edtica com aten\u00e7\u00e3o.<\/p><p>\u00a0<\/p><p><b>Base legal para o processamento de dados<\/b><\/p><p>De acordo com o Artigo 13(1) do Regulamento (UE) 2016\/679 do Parlamento Europeu e do Conselho, de 27 de abril de 2016, relativo \u00e0 prote\u00e7\u00e3o das pessoas f\u00edsicas no que diz respeito ao tratamento de dados pessoais e \u00e0 livre circula\u00e7\u00e3o desses dados e que revoga a Diretiva 95\/46\/CE (Regulamento Geral sobre a Prote\u00e7\u00e3o de Dados), doravante denominado \"GDPR\", informamos que todos os dados pessoais s\u00e3o processados em conformidade com as disposi\u00e7\u00f5es desse regulamento. Os m\u00e9todos detalhados de processamento de dados est\u00e3o descritos nesta pol\u00edtica de privacidade, <a href=\"https:\/\/treasurebali.com\/pt\/politica-de-cookies\/\">Pol\u00edtica de cookies<\/a> e em nosso <a href=\"https:\/\/treasurebali.com\/pt\/regulamento-geral-de-protecao-de-dados\/\">P\u00e1gina do Regulamento Geral de Prote\u00e7\u00e3o de Dados<\/a>.<\/p><p>\u00a0<\/p><p><strong>Coleta de informa\u00e7\u00f5es pessoais<\/strong><\/p><p>Coletamos as informa\u00e7\u00f5es pessoais necess\u00e1rias para processar seus pagamentos de taxas tur\u00edsticas para Bali, inclusive:<\/p><ul><li>Nome para cobran\u00e7a e nome completo conforme consta no passaporte do viajante.<\/li><li>N\u00famero do passaporte e data de chegada em Bali.<\/li><\/ul><p>Essas informa\u00e7\u00f5es s\u00e3o coletadas diretamente durante o processo de pagamento e n\u00e3o s\u00e3o usadas para a cria\u00e7\u00e3o de contas ou quaisquer outros fins n\u00e3o relacionados ao pagamento da taxa.<\/p><p>\u00a0<\/p><p><strong>Controlador de dados<\/strong><\/p><p>O controlador de dados respons\u00e1vel por seus dados pessoais \u00e9:<\/p><p>Nova Group Sp. z o.o.<\/p><p>\u017burawia 6\/12 lok. 745, 00-503 Warszawa, Pol\u00f4nia<\/p><p>ID DO IMPOSTO: PL7011215529<\/p><p>REGON: 529224431<\/p><p>Em caso de d\u00favidas ou perguntas sobre seus dados, entre em contato conosco em <a href=\"mailto:contact@treasurebali.com\">contact@treasurebali.com.<\/a><\/p><p>\u00a0<\/p><p><strong>Uso de informa\u00e7\u00f5es pessoais<\/strong><\/p><p>Suas informa\u00e7\u00f5es pessoais s\u00e3o cruciais para processar os pagamentos de impostos e garantir a conformidade com as regulamenta\u00e7\u00f5es locais. Veja como as usamos:<\/p><ul><li>Para processar e gerenciar seus pagamentos de taxas tur\u00edsticas de forma eficaz.<\/li><li>Fornecer a documenta\u00e7\u00e3o necess\u00e1ria e facilitar sua entrada em Bali.<\/li><li>Para cumprir requisitos legais e responder a consultas governamentais.<\/li><\/ul><p>\u00a0<\/p><p><strong>Cookies<\/strong><\/p><p>Usamos cookies para aprimorar sua experi\u00eancia em nosso site. Os cookies nos ajudam a entender suas prefer\u00eancias e a aprimorar nossos servi\u00e7os. Voc\u00ea pode gerenciar suas prefer\u00eancias de cookies por meio das configura\u00e7\u00f5es do navegador. Para obter mais detalhes, consulte nosso <a href=\"https:\/\/treasurebali.com\/pt\/politica-de-cookies\/\">Pol\u00edtica de cookies<\/a>.<\/p><p>\u00a0<\/p><p><strong>Seus direitos<\/strong><\/p><p>Como usu\u00e1rio, voc\u00ea tem o direito de acessar, corrigir ou excluir seus dados pessoais. Voc\u00ea tamb\u00e9m pode se opor ou restringir o processamento de seus dados. Para exercer esses direitos, entre em contato conosco em <a href=\"mailto:contact@treasurebali.com\">contact@treasurebali.com<\/a>. Se tiver d\u00favidas sobre como lidamos com seus dados, voc\u00ea tem o direito de apresentar uma reclama\u00e7\u00e3o a uma autoridade supervisora.<\/p><p>\u00a0<\/p><p><strong>Compartilhamento e divulga\u00e7\u00e3o de informa\u00e7\u00f5es<\/strong><\/p><p>Compartilhamos suas informa\u00e7\u00f5es pessoais com o Governo da Prov\u00edncia de Bali para emitir o voucher da taxa de turismo. Esse compartilhamento \u00e9 necess\u00e1rio para o cumprimento das exig\u00eancias legais locais:<\/p><ul><li>Seus dados s\u00e3o compartilhados diretamente com as autoridades governamentais como parte do processo de pagamento da taxa.<\/li><li>N\u00e3o vendemos, alugamos ou divulgamos suas informa\u00e7\u00f5es a terceiros para fins de marketing.<\/li><\/ul><p>\u00a0<\/p><p><strong>Reten\u00e7\u00e3o de informa\u00e7\u00f5es<\/strong><\/p><p>Retemos suas informa\u00e7\u00f5es pessoais somente pelo tempo necess\u00e1rio para cumprir as finalidades espec\u00edficas para as quais foram coletadas ou conforme exigido por lei, o que for mais longo.<\/p><p>\u00a0<\/p><p><strong>Seguran\u00e7a<\/strong><\/p><p>Priorizamos a seguran\u00e7a de suas informa\u00e7\u00f5es pessoais, mas reconhecemos que nenhum sistema baseado na Internet \u00e9 100% seguro. Implementamos medidas de seguran\u00e7a robustas para evitar acesso n\u00e3o autorizado e viola\u00e7\u00f5es de dados.<\/p><p>\u00a0<\/p><p><strong>Altera\u00e7\u00f5es a esta pol\u00edtica de privacidade<\/strong><\/p><p>Podemos atualizar esta pol\u00edtica periodicamente para refletir mudan\u00e7as em nossas pr\u00e1ticas ou requisitos regulat\u00f3rios. Altera\u00e7\u00f5es significativas ser\u00e3o comunicadas por meio de nosso site ou diretamente por e-mail.<\/p><p>\u00a0<\/p><p><strong>Reconhecimento e acordo<\/strong><\/p><p>Ao usar nosso site e nossos servi\u00e7os, voc\u00ea concorda com as pr\u00e1ticas descritas nesta pol\u00edtica. Valorizamos sua confian\u00e7a e tratamos suas informa\u00e7\u00f5es com o m\u00e1ximo de cuidado e respeito.<\/p><p>\u00a0<\/p><p><strong>Informa\u00e7\u00f5es de contato<\/strong><\/p><p>Em caso de d\u00favidas ou preocupa\u00e7\u00f5es relacionadas \u00e0 privacidade, entre em contato conosco usando o endere\u00e7o <a href=\"https:\/\/treasurebali.com\/pt\/entre-em-contato-conosco\/\">op\u00e7\u00f5es de contato dispon\u00edveis em nosso site<\/a>.<\/p>\t\t\t\t\t\t<\/div>\n\t\t\t\t<\/div>\n\t\t\t\t\t<\/div>\n\t\t\t\t<\/div>\n\t\t\t\t<\/div>","protected":false},"excerpt":{"rendered":"<p>Esta Pol\u00edtica de Privacidade descreve como a Treasure Bali, como parte de nosso compromisso de proteger sua privacidade, coleta, armazena, usa, processa e protege suas informa\u00e7\u00f5es pessoais no contexto dos servi\u00e7os de nosso site para pagamentos de taxas tur\u00edsticas.<\/p>","protected":false},"author":1,"featured_media":0,"parent":0,"menu_order":0,"comment_status":"closed","ping_status":"closed","template":"","meta":{"footnotes":""},"class_list":["post-159","page","type-page","status-publish","hentry"],"_links":{"self":[{"href":"https:\/\/treasurebali.com\/pt\/wp-json\/wp\/v2\/pages\/159","targetHints":{"allow":["GET"]}}],"collection":[{"href":"https:\/\/treasurebali.com\/pt\/wp-json\/wp\/v2\/pages"}],"about":[{"href":"https:\/\/treasurebali.com\/pt\/wp-json\/wp\/v2\/types\/page"}],"author":[{"embeddable":true,"href":"https:\/\/treasurebali.com\/pt\/wp-json\/wp\/v2\/users\/1"}],"replies":[{"embeddable":true,"href":"https:\/\/treasurebali.com\/pt\/wp-json\/wp\/v2\/comments?post=159"}],"version-history":[{"count":13,"href":"https:\/\/treasurebali.com\/pt\/wp-json\/wp\/v2\/pages\/159\/revisions"}],"predecessor-version":[{"id":2481,"href":"https:\/\/treasurebali.com\/pt\/wp-json\/wp\/v2\/pages\/159\/revisions\/2481"}],"wp:attachment":[{"href":"https:\/\/treasurebali.com\/pt\/wp-json\/wp\/v2\/media?parent=159"}],"curies":[{"name":"wp","href":"https:\/\/api.w.org\/{rel}","templated":true}]}}