{"id":2389,"date":"2024-08-05T17:19:27","date_gmt":"2024-08-05T15:19:27","guid":{"rendered":"https:\/\/treasurebali.com\/?page_id=2389"},"modified":"2024-08-05T17:25:22","modified_gmt":"2024-08-05T15:25:22","slug":"cookie-policy","status":"publish","type":"page","link":"https:\/\/treasurebali.com\/pt\/politica-de-cookies\/","title":{"rendered":"Pol\u00edtica de cookies"},"content":{"rendered":"<div data-elementor-type=\"wp-page\" data-elementor-id=\"2389\" class=\"elementor elementor-2389\" data-elementor-post-type=\"page\">\n\t\t\t\t<div class=\"elementor-element elementor-element-3c0549ae e-flex e-con-boxed e-con e-parent\" data-id=\"3c0549ae\" data-element_type=\"container\">\n\t\t\t\t\t<div class=\"e-con-inner\">\n\t\t\t\t<div class=\"elementor-element elementor-element-24b1dc5 elementor-widget elementor-widget-text-editor\" data-id=\"24b1dc5\" data-element_type=\"widget\" data-widget_type=\"text-editor.default\">\n\t\t\t\t<div class=\"elementor-widget-container\">\n\t\t\t\t\t\t\t<h1>Pol\u00edtica de cookies<\/h1><p>\u00a0<\/p><p><strong>1<\/strong><strong>. Introdu\u00e7\u00e3o<\/strong><\/p><p>Bem-vindo ao Treasure Bali, operado pelo Nova Group Sp. z o.o.<\/p><p>Esta Pol\u00edtica de Cookies explica como usamos cookies e tecnologias semelhantes em nosso site. Ao usar nosso site, voc\u00ea concorda com o uso de cookies conforme descrito nesta pol\u00edtica.<\/p><p>\u00a0<\/p><p><strong>2. O que s\u00e3o cookies?<\/strong><\/p><p>Cookies s\u00e3o pequenos arquivos de texto que s\u00e3o colocados no seu dispositivo quando voc\u00ea visita um site. Eles s\u00e3o comumente usados para fazer com que os sites funcionem ou funcionem com mais efici\u00eancia, bem como para fornecer informa\u00e7\u00f5es aos propriet\u00e1rios do site. Os cookies podem armazenar as prefer\u00eancias do usu\u00e1rio e outras informa\u00e7\u00f5es.<\/p><p>\u00a0<\/p><p><strong>3. Tipos de cookies que usamos<\/strong><\/p><p>Usamos os seguintes tipos de cookies:<\/p><ul><li><p><strong>Cookies essenciais<\/strong>: Esses cookies s\u00e3o necess\u00e1rios para que o site funcione corretamente. Eles permitem fun\u00e7\u00f5es b\u00e1sicas, como navega\u00e7\u00e3o na p\u00e1gina e acesso a \u00e1reas seguras do site. Sem esses cookies, o site n\u00e3o pode funcionar corretamente.<\/p><\/li><li><p><strong>Cookies de desempenho<\/strong>: Esses cookies coletam informa\u00e7\u00f5es sobre como voc\u00ea usa nosso site, como, por exemplo, quais p\u00e1ginas voc\u00ea visita com mais frequ\u00eancia e se recebe mensagens de erro de p\u00e1ginas da Web. Esses cookies n\u00e3o coletam informa\u00e7\u00f5es que o identifiquem. Todas as informa\u00e7\u00f5es coletadas por esses cookies s\u00e3o agregadas e, portanto, an\u00f4nimas. Elas s\u00e3o usadas somente para melhorar o funcionamento do nosso site.<\/p><\/li><li><p><strong>Cookies funcionais<\/strong>: Esses cookies permitem que nosso site se lembre das escolhas que voc\u00ea faz (como seu nome de usu\u00e1rio, idioma ou a regi\u00e3o em que se encontra) e forne\u00e7a recursos aprimorados e mais pessoais. Esses cookies tamb\u00e9m podem ser usados para lembrar as altera\u00e7\u00f5es que voc\u00ea fez no tamanho do texto, nas fontes e em outras partes das p\u00e1ginas da Web que podem ser personalizadas. Eles tamb\u00e9m podem ser usados para fornecer servi\u00e7os que voc\u00ea solicitou, como assistir a um v\u00eddeo ou comentar em um blog. As informa\u00e7\u00f5es que esses cookies coletam podem ser an\u00f4nimas e n\u00e3o podem rastrear sua atividade de navega\u00e7\u00e3o em outros sites.<\/p><\/li><li><strong>Cookies de segmenta\u00e7\u00e3o\/propaganda:<\/strong> Esses cookies rastreiam suas atividades de navega\u00e7\u00e3o em diferentes sites para criar um perfil de seus interesses. Essas informa\u00e7\u00f5es s\u00e3o usadas para fornecer an\u00fancios personalizados que s\u00e3o mais relevantes para voc\u00ea. Elas tamb\u00e9m ajudam a n\u00f3s e a nossos parceiros de publicidade a medir a efic\u00e1cia de nossas campanhas publicit\u00e1rias. Voc\u00ea pode gerenciar ou desativar esses cookies por meio das configura\u00e7\u00f5es do seu navegador ou da nossa ferramenta de consentimento de cookies.<\/li><\/ul><p>\u00a0<\/p><p><strong>4. Como usamos cookies<\/strong><\/p><p>Usamos cookies para aprimorar sua experi\u00eancia de navega\u00e7\u00e3o:<\/p><ul><li>Lembrar suas prefer\u00eancias e configura\u00e7\u00f5es.<\/li><li>Entender como voc\u00ea usa nosso site para que possamos fazer melhorias.<\/li><li>Garantir que o site funcione de forma correta e eficiente.<\/li><\/ul><p>\u00a0<\/p><p><strong>5. Gerenciamento de cookies<\/strong><\/p><p>Voc\u00ea pode aceitar ou recusar cookies modificando as configura\u00e7\u00f5es do seu navegador. A maioria dos navegadores da Web aceita cookies automaticamente, mas geralmente \u00e9 poss\u00edvel modificar a configura\u00e7\u00e3o do navegador para recusar cookies, se preferir. Esteja ciente de que a desativa\u00e7\u00e3o de cookies pode afetar a funcionalidade do nosso site e pode impedi-lo de aproveit\u00e1-lo ao m\u00e1ximo.<\/p><p><strong>Como gerenciar cookies:<\/strong><\/p><ul><li><strong>Em navegadores de desktop:<\/strong> Voc\u00ea pode gerenciar os cookies ajustando as configura\u00e7\u00f5es do seu navegador. Aqui est\u00e3o os links para gerenciar cookies em alguns navegadores populares:<ul><li><a target=\"_new\" rel=\"noreferrer\">Google Chrome<\/a><\/li><li><a href=\"https:\/\/support.mozilla.org\/en-US\/kb\/enable-and-disable-cookies-website-preferences\" target=\"_new\" rel=\"noreferrer\">Mozilla Firefox<\/a><\/li><li><a href=\"https:\/\/support.microsoft.com\/en-us\/microsoft-edge\/delete-cookies-in-microsoft-edge-63947406-40ac-c3b8-57b9-2a946a29ae09\" target=\"_new\" rel=\"noreferrer\">Microsoft Edge<\/a><\/li><li><a href=\"https:\/\/support.apple.com\/guide\/safari\/manage-cookies-and-website-data-sfri11471\/mac\" target=\"_new\" rel=\"noreferrer\">Saf\u00e1ri<\/a><\/li><\/ul><\/li><li><strong>Em dispositivos m\u00f3veis:<\/strong> O processo de gerenciamento de cookies pode diferir entre dispositivos e navegadores. Normalmente, \u00e9 poss\u00edvel gerenciar as configura\u00e7\u00f5es nas configura\u00e7\u00f5es do navegador do seu dispositivo m\u00f3vel.<\/li><\/ul><p>\u00a0<\/p><p><strong>6. Consentimento<\/strong><\/p><p>Ao usar nosso site, voc\u00ea concorda com o uso de cookies conforme descrito nesta pol\u00edtica. Voc\u00ea pode retirar seu consentimento a qualquer momento ajustando as configura\u00e7\u00f5es do seu navegador ou apagando os cookies do seu navegador.<\/p><p>\u00a0<\/p><p><strong>7. Altera\u00e7\u00f5es a esta pol\u00edtica de cookies<\/strong><\/p><p>Podemos atualizar esta Pol\u00edtica de Cookies periodicamente para refletir altera\u00e7\u00f5es em nossas pr\u00e1ticas ou por outros motivos operacionais, legais ou regulamentares. N\u00f3s o notificaremos sobre quaisquer altera\u00e7\u00f5es significativas publicando a nova pol\u00edtica em nosso site e atualizando a data da \"\u00daltima atualiza\u00e7\u00e3o\" na parte inferior desta p\u00e1gina.<\/p><p>\u00a0<\/p><p><strong>8. Entre em contato conosco<\/strong><\/p><p>Se tiver alguma d\u00favida ou preocupa\u00e7\u00e3o sobre esta Pol\u00edtica de Cookies, entre em contato conosco pelo e-mail<\/p><p>NOVA Group Sp. z o.o.<\/p><p>\u017burawia 6\/12 lok. 745, 00-503 Warszawa, Pol\u00f4nia<\/p><p>ID DO IMPOSTO: PL7011215529<\/p><p>REGON: 529224431<\/p><p><a href=\"mailto:contact@treasurebali.com\">contact@treasurebali.com<\/a><\/p>\t\t\t\t\t\t<\/div>\n\t\t\t\t<\/div>\n\t\t\t\t\t<\/div>\n\t\t\t\t<\/div>\n\t\t\t\t<\/div>","protected":false},"excerpt":{"rendered":"<p>Cookie Policy \u00a0 1. Introduction Welcome to Treasure Bali, operated by Nova Group Sp. z o.o. This Cookie Policy explains how we use cookies and similar technologies on our website. By using our website, you consent to our use of cookies as described in this policy. \u00a0 2. What Are Cookies? Cookies are small text [&hellip;]<\/p>","protected":false},"author":1,"featured_media":0,"parent":0,"menu_order":0,"comment_status":"closed","ping_status":"closed","template":"","meta":{"footnotes":""},"class_list":["post-2389","page","type-page","status-publish","hentry"],"_links":{"self":[{"href":"https:\/\/treasurebali.com\/pt\/wp-json\/wp\/v2\/pages\/2389","targetHints":{"allow":["GET"]}}],"collection":[{"href":"https:\/\/treasurebali.com\/pt\/wp-json\/wp\/v2\/pages"}],"about":[{"href":"https:\/\/treasurebali.com\/pt\/wp-json\/wp\/v2\/types\/page"}],"author":[{"embeddable":true,"href":"https:\/\/treasurebali.com\/pt\/wp-json\/wp\/v2\/users\/1"}],"replies":[{"embeddable":true,"href":"https:\/\/treasurebali.com\/pt\/wp-json\/wp\/v2\/comments?post=2389"}],"version-history":[{"count":4,"href":"https:\/\/treasurebali.com\/pt\/wp-json\/wp\/v2\/pages\/2389\/revisions"}],"predecessor-version":[{"id":2400,"href":"https:\/\/treasurebali.com\/pt\/wp-json\/wp\/v2\/pages\/2389\/revisions\/2400"}],"wp:attachment":[{"href":"https:\/\/treasurebali.com\/pt\/wp-json\/wp\/v2\/media?parent=2389"}],"curies":[{"name":"wp","href":"https:\/\/api.w.org\/{rel}","templated":true}]}}