{"id":39,"date":"2024-04-09T05:11:33","date_gmt":"2024-04-09T03:11:33","guid":{"rendered":"http:\/\/treasurebali.com\/?page_id=39"},"modified":"2024-04-11T06:59:14","modified_gmt":"2024-04-11T04:59:14","slug":"what-is-the-bali-tourist-tax-how-to-easily-pay-it-with-treasure-bali","status":"publish","type":"page","link":"https:\/\/treasurebali.com\/pt\/o-que-e-o-imposto-turistico-de-bali-como-paga-lo-facilmente-com-o-treasure-bali\/","title":{"rendered":"What is the Bali Tourist Tax &#038; How to Easily Pay It with Treasure Bali"},"content":{"rendered":"<div data-elementor-type=\"wp-page\" data-elementor-id=\"39\" class=\"elementor elementor-39\" data-elementor-post-type=\"page\">\n\t\t\t\t<div class=\"elementor-element elementor-element-4f26519 e-flex e-con-boxed e-con e-parent\" data-id=\"4f26519\" data-element_type=\"container\" data-settings=\"{&quot;background_background&quot;:&quot;classic&quot;}\">\n\t\t\t\t\t<div class=\"e-con-inner\">\n\t\t\t\t<div class=\"elementor-element elementor-element-b84797b elementor-widget elementor-widget-heading\" data-id=\"b84797b\" data-element_type=\"widget\" data-widget_type=\"heading.default\">\n\t\t\t\t<div class=\"elementor-widget-container\">\n\t\t\t<h1 class=\"elementor-heading-title elementor-size-default\">Taxa de turismo em Bali<\/h1>\t\t<\/div>\n\t\t\t\t<\/div>\n\t\t\t\t<div class=\"elementor-element elementor-element-ac2cb59 elementor-widget elementor-widget-heading\" data-id=\"ac2cb59\" data-element_type=\"widget\" data-widget_type=\"heading.default\">\n\t\t\t\t<div class=\"elementor-widget-container\">\n\t\t\t<h2 class=\"elementor-heading-title elementor-size-default\">Guia de pagamento f\u00e1cil para viajantes internacionais<\/h2>\t\t<\/div>\n\t\t\t\t<\/div>\n\t\t\t\t\t<\/div>\n\t\t\t\t<\/div>\n\t\t<div class=\"elementor-element elementor-element-577bc2e e-flex e-con-boxed e-con e-parent\" data-id=\"577bc2e\" data-element_type=\"container\">\n\t\t\t\t\t<div class=\"e-con-inner\">\n\t\t\t\t<div class=\"elementor-element elementor-element-ab824a4 elementor-widget elementor-widget-text-editor\" data-id=\"ab824a4\" data-element_type=\"widget\" data-widget_type=\"text-editor.default\">\n\t\t\t\t<div class=\"elementor-widget-container\">\n\t\t\t\t\t\t\t<p>Bem-vindo ao Treasure Bali, seu guia e assistente definitivo para navegar com facilidade pela taxa de turismo de Bali. Como Bali encanta os visitantes com suas paisagens de tirar o f\u00f4lego e sua rica cultura, entender e pagar a taxa de turismo \u00e9 um passo que todo viajante deve dar para contribuir com a sustentabilidade da ilha. Aqui est\u00e1 tudo o que voc\u00ea precisa saber sobre a taxa de turismo de Bali e como o Treasure Bali torna o processo de pagamento simples e conveniente.<\/p>\t\t\t\t\t\t<\/div>\n\t\t\t\t<\/div>\n\t\t\t\t<div class=\"elementor-element elementor-element-e973d65 elementor-widget elementor-widget-heading\" data-id=\"e973d65\" data-element_type=\"widget\" data-widget_type=\"heading.default\">\n\t\t\t\t<div class=\"elementor-widget-container\">\n\t\t\t<h3 class=\"elementor-heading-title elementor-size-default\">O que \u00e9 a taxa de turismo de Bali?<\/h3>\t\t<\/div>\n\t\t\t\t<\/div>\n\t\t\t\t<div class=\"elementor-element elementor-element-ad3ec25 elementor-widget elementor-widget-text-editor\" data-id=\"ad3ec25\" data-element_type=\"widget\" data-widget_type=\"text-editor.default\">\n\t\t\t\t<div class=\"elementor-widget-container\">\n\t\t\t\t\t\t\t<p>O imposto tur\u00edstico de Bali \u00e9 uma taxa imposta pelo governo da prov\u00edncia de Bali aos visitantes internacionais. Essa iniciativa faz parte do compromisso de Bali com a preserva\u00e7\u00e3o de sua beleza natural e de seu patrim\u00f4nio cultural. O imposto arrecadado \u00e9 destinado \u00e0 preserva\u00e7\u00e3o ambiental e a projetos culturais que garantem que Bali continue sendo um para\u00edso para as gera\u00e7\u00f5es futuras.<\/p>\t\t\t\t\t\t<\/div>\n\t\t\t\t<\/div>\n\t\t\t\t<div class=\"elementor-element elementor-element-e858427 elementor-widget elementor-widget-heading\" data-id=\"e858427\" data-element_type=\"widget\" data-widget_type=\"heading.default\">\n\t\t\t\t<div class=\"elementor-widget-container\">\n\t\t\t<h3 class=\"elementor-heading-title elementor-size-default\">Quem precisa pagar?<\/h3>\t\t<\/div>\n\t\t\t\t<\/div>\n\t\t\t\t<div class=\"elementor-element elementor-element-c48f2c1 elementor-widget elementor-widget-text-editor\" data-id=\"c48f2c1\" data-element_type=\"widget\" data-widget_type=\"text-editor.default\">\n\t\t\t\t<div class=\"elementor-widget-container\">\n\t\t\t\t\t\t\t<p>Todos os turistas internacionais que visitam Bali s\u00e3o obrigados a pagar o imposto de turismo, com isen\u00e7\u00f5es para crian\u00e7as com menos de 2 anos de idade, residentes de longo prazo e pessoas que viajam para fins espec\u00edficos relacionados ao governo.<\/p>\t\t\t\t\t\t<\/div>\n\t\t\t\t<\/div>\n\t\t\t\t<div class=\"elementor-element elementor-element-6bd3741 elementor-widget elementor-widget-heading\" data-id=\"6bd3741\" data-element_type=\"widget\" data-widget_type=\"heading.default\">\n\t\t\t\t<div class=\"elementor-widget-container\">\n\t\t\t<h3 class=\"elementor-heading-title elementor-size-default\">Qual \u00e9 o valor do imposto?<\/h3>\t\t<\/div>\n\t\t\t\t<\/div>\n\t\t\t\t<div class=\"elementor-element elementor-element-1453ba7 elementor-widget elementor-widget-text-editor\" data-id=\"1453ba7\" data-element_type=\"widget\" data-widget_type=\"text-editor.default\">\n\t\t\t\t<div class=\"elementor-widget-container\">\n\t\t\t\t\t\t\t<p>A taxa total para o imposto tur\u00edstico de Bali, incluindo taxas de processamento e encargos de servi\u00e7o, est\u00e1 fixada em 350.000 IDR. Isso equivale a aproximadamente 20 euros ou 22 d\u00f3lares americanos, o que torna essa contribui\u00e7\u00e3o acess\u00edvel e impactante para os esfor\u00e7os de conserva\u00e7\u00e3o e preserva\u00e7\u00e3o cultural da ilha. Com o Treasure Bali, o processo de pagamento n\u00e3o \u00e9 apenas transparente, mas tamb\u00e9m direto, garantindo que sua contribui\u00e7\u00e3o apoie diretamente as iniciativas de sustentabilidade de Bali.<\/p>\t\t\t\t\t\t<\/div>\n\t\t\t\t<\/div>\n\t\t\t\t<div class=\"elementor-element elementor-element-f572c60 elementor-widget elementor-widget-heading\" data-id=\"f572c60\" data-element_type=\"widget\" data-widget_type=\"heading.default\">\n\t\t\t\t<div class=\"elementor-widget-container\">\n\t\t\t<h3 class=\"elementor-heading-title elementor-size-default\">Pagamento f\u00e1cil com o Treasure Bali<\/h3>\t\t<\/div>\n\t\t\t\t<\/div>\n\t\t\t\t<div class=\"elementor-element elementor-element-2733b7a elementor-widget elementor-widget-text-editor\" data-id=\"2733b7a\" data-element_type=\"widget\" data-widget_type=\"text-editor.default\">\n\t\t\t\t<div class=\"elementor-widget-container\">\n\t\t\t\t\t\t\t<p>Com o Treasure Bali, pagar sua taxa de turismo \u00e9 mais f\u00e1cil do que nunca. Veja por que voc\u00ea deve nos escolher para ter uma experi\u00eancia sem complica\u00e7\u00f5es:<\/p><ul><li><strong>Integra\u00e7\u00e3o direta<\/strong>: Nossa plataforma est\u00e1 diretamente integrada aos gateways de pagamento oficiais, garantindo que seu pagamento v\u00e1 diretamente para os projetos de conserva\u00e7\u00e3o pretendidos.<\/li><li><strong>Confirma\u00e7\u00e3o instant\u00e2nea<\/strong>: Receba a confirma\u00e7\u00e3o imediata do seu pagamento juntamente com um recibo digital que pode ser salvo em seu dispositivo ou impresso.<\/li><li><strong>Suporte e assist\u00eancia<\/strong>: Encontrou um problema? Nossa equipe de suporte dedicada est\u00e1 aqui para ajud\u00e1-lo em cada etapa do processo, garantindo uma experi\u00eancia tranquila.<\/li><\/ul>\t\t\t\t\t\t<\/div>\n\t\t\t\t<\/div>\n\t\t\t\t<div class=\"elementor-element elementor-element-097903b elementor-widget elementor-widget-heading\" data-id=\"097903b\" data-element_type=\"widget\" data-widget_type=\"heading.default\">\n\t\t\t\t<div class=\"elementor-widget-container\">\n\t\t\t<h3 class=\"elementor-heading-title elementor-size-default\">Como pagar seu imposto de turismo em Bali com o Treasure Bali<\/h3>\t\t<\/div>\n\t\t\t\t<\/div>\n\t\t\t\t<div class=\"elementor-element elementor-element-d18c1a8 elementor-widget elementor-widget-text-editor\" data-id=\"d18c1a8\" data-element_type=\"widget\" data-widget_type=\"text-editor.default\">\n\t\t\t\t<div class=\"elementor-widget-container\">\n\t\t\t\t\t\t\t<ul><li>Visite nossa p\u00e1gina dedicada a impostos sobre turismo.<\/li><li>Digite os detalhes de sua viagem.<\/li><li>Conclua o pagamento usando nosso gateway seguro.<\/li><li>Receba sua confirma\u00e7\u00e3o instant\u00e2nea e recibo digital.<\/li><\/ul>\t\t\t\t\t\t<\/div>\n\t\t\t\t<\/div>\n\t\t\t\t<div class=\"elementor-element elementor-element-c5f1b97 elementor-widget elementor-widget-heading\" data-id=\"c5f1b97\" data-element_type=\"widget\" data-widget_type=\"heading.default\">\n\t\t\t\t<div class=\"elementor-widget-container\">\n\t\t\t<h3 class=\"elementor-heading-title elementor-size-default\">PERGUNTAS FREQUENTES<\/h3>\t\t<\/div>\n\t\t\t\t<\/div>\n\t\t\t\t<div class=\"elementor-element elementor-element-c3b90c9 elementor-widget elementor-widget-accordion\" data-id=\"c3b90c9\" data-element_type=\"widget\" data-widget_type=\"accordion.default\">\n\t\t\t\t<div class=\"elementor-widget-container\">\n\t\t\t\t\t<div class=\"elementor-accordion\">\n\t\t\t\t\t\t\t<div class=\"elementor-accordion-item\">\n\t\t\t\t\t<div id=\"elementor-tab-title-2051\" class=\"elementor-tab-title\" data-tab=\"1\" role=\"button\" aria-controls=\"elementor-tab-content-2051\" aria-expanded=\"false\">\n\t\t\t\t\t\t\t\t\t\t\t\t\t<span class=\"elementor-accordion-icon elementor-accordion-icon-left\" aria-hidden=\"true\">\n\t\t\t\t\t\t\t\t\t\t\t\t\t\t\t<span class=\"elementor-accordion-icon-closed\"><svg class=\"e-font-icon-svg e-fas-plus\" viewbox=\"0 0 448 512\" xmlns=\"http:\/\/www.w3.org\/2000\/svg\"><path d=\"M416 208H272V64c0-17.67-14.33-32-32-32h-32c-17.67 0-32 14.33-32 32v144H32c-17.67 0-32 14.33-32 32v32c0 17.67 14.33 32 32 32h144v144c0 17.67 14.33 32 32 32h32c17.67 0 32-14.33 32-32V304h144c17.67 0 32-14.33 32-32v-32c0-17.67-14.33-32-32-32z\"><\/path><\/svg><\/span>\n\t\t\t\t\t\t\t\t<span class=\"elementor-accordion-icon-opened\"><svg class=\"e-font-icon-svg e-fas-minus\" viewbox=\"0 0 448 512\" xmlns=\"http:\/\/www.w3.org\/2000\/svg\"><path d=\"M416 208H32c-17.67 0-32 14.33-32 32v32c0 17.67 14.33 32 32 32h384c17.67 0 32-14.33 32-32v-32c0-17.67-14.33-32-32-32z\"><\/path><\/svg><\/span>\n\t\t\t\t\t\t\t\t\t\t\t\t\t\t<\/span>\n\t\t\t\t\t\t\t\t\t\t\t\t<a class=\"elementor-accordion-title\" tabindex=\"0\">Posso pagar o imposto na chegada a Bali?<\/a>\n\t\t\t\t\t<\/div>\n\t\t\t\t\t<div id=\"elementor-tab-content-2051\" class=\"elementor-tab-content elementor-clearfix\" data-tab=\"1\" role=\"region\" aria-labelledby=\"elementor-tab-title-2051\"><p>Embora o pagamento na chegada seja poss\u00edvel, recomendamos o uso do Treasure Bali para um pagamento r\u00e1pido, seguro e sem complica\u00e7\u00f5es antes de sua viagem.<\/p><\/div>\n\t\t\t\t<\/div>\n\t\t\t\t\t\t\t<div class=\"elementor-accordion-item\">\n\t\t\t\t\t<div id=\"elementor-tab-title-2052\" class=\"elementor-tab-title\" data-tab=\"2\" role=\"button\" aria-controls=\"elementor-tab-content-2052\" aria-expanded=\"false\">\n\t\t\t\t\t\t\t\t\t\t\t\t\t<span class=\"elementor-accordion-icon elementor-accordion-icon-left\" aria-hidden=\"true\">\n\t\t\t\t\t\t\t\t\t\t\t\t\t\t\t<span class=\"elementor-accordion-icon-closed\"><svg class=\"e-font-icon-svg e-fas-plus\" viewbox=\"0 0 448 512\" xmlns=\"http:\/\/www.w3.org\/2000\/svg\"><path d=\"M416 208H272V64c0-17.67-14.33-32-32-32h-32c-17.67 0-32 14.33-32 32v144H32c-17.67 0-32 14.33-32 32v32c0 17.67 14.33 32 32 32h144v144c0 17.67 14.33 32 32 32h32c17.67 0 32-14.33 32-32V304h144c17.67 0 32-14.33 32-32v-32c0-17.67-14.33-32-32-32z\"><\/path><\/svg><\/span>\n\t\t\t\t\t\t\t\t<span class=\"elementor-accordion-icon-opened\"><svg class=\"e-font-icon-svg e-fas-minus\" viewbox=\"0 0 448 512\" xmlns=\"http:\/\/www.w3.org\/2000\/svg\"><path d=\"M416 208H32c-17.67 0-32 14.33-32 32v32c0 17.67 14.33 32 32 32h384c17.67 0 32-14.33 32-32v-32c0-17.67-14.33-32-32-32z\"><\/path><\/svg><\/span>\n\t\t\t\t\t\t\t\t\t\t\t\t\t\t<\/span>\n\t\t\t\t\t\t\t\t\t\t\t\t<a class=\"elementor-accordion-title\" tabindex=\"0\">O que acontece se eu n\u00e3o pagar a taxa de turismo?<\/a>\n\t\t\t\t\t<\/div>\n\t\t\t\t\t<div id=\"elementor-tab-content-2052\" class=\"elementor-tab-content elementor-clearfix\" data-tab=\"2\" role=\"region\" aria-labelledby=\"elementor-tab-title-2052\"><p>O pagamento da taxa de turismo \u00e9 obrigat\u00f3rio para todos os turistas. O n\u00e3o cumprimento dessa obriga\u00e7\u00e3o pode resultar em atrasos ou complica\u00e7\u00f5es durante sua estadia.<\/p><\/div>\n\t\t\t\t<\/div>\n\t\t\t\t\t\t\t<div class=\"elementor-accordion-item\">\n\t\t\t\t\t<div id=\"elementor-tab-title-2053\" class=\"elementor-tab-title\" data-tab=\"3\" role=\"button\" aria-controls=\"elementor-tab-content-2053\" aria-expanded=\"false\">\n\t\t\t\t\t\t\t\t\t\t\t\t\t<span class=\"elementor-accordion-icon elementor-accordion-icon-left\" aria-hidden=\"true\">\n\t\t\t\t\t\t\t\t\t\t\t\t\t\t\t<span class=\"elementor-accordion-icon-closed\"><svg class=\"e-font-icon-svg e-fas-plus\" viewbox=\"0 0 448 512\" xmlns=\"http:\/\/www.w3.org\/2000\/svg\"><path d=\"M416 208H272V64c0-17.67-14.33-32-32-32h-32c-17.67 0-32 14.33-32 32v144H32c-17.67 0-32 14.33-32 32v32c0 17.67 14.33 32 32 32h144v144c0 17.67 14.33 32 32 32h32c17.67 0 32-14.33 32-32V304h144c17.67 0 32-14.33 32-32v-32c0-17.67-14.33-32-32-32z\"><\/path><\/svg><\/span>\n\t\t\t\t\t\t\t\t<span class=\"elementor-accordion-icon-opened\"><svg class=\"e-font-icon-svg e-fas-minus\" viewbox=\"0 0 448 512\" xmlns=\"http:\/\/www.w3.org\/2000\/svg\"><path d=\"M416 208H32c-17.67 0-32 14.33-32 32v32c0 17.67 14.33 32 32 32h384c17.67 0 32-14.33 32-32v-32c0-17.67-14.33-32-32-32z\"><\/path><\/svg><\/span>\n\t\t\t\t\t\t\t\t\t\t\t\t\t\t<\/span>\n\t\t\t\t\t\t\t\t\t\t\t\t<a class=\"elementor-accordion-title\" tabindex=\"0\">A taxa de turismo \u00e9 reembols\u00e1vel?<\/a>\n\t\t\t\t\t<\/div>\n\t\t\t\t\t<div id=\"elementor-tab-content-2053\" class=\"elementor-tab-content elementor-clearfix\" data-tab=\"3\" role=\"region\" aria-labelledby=\"elementor-tab-title-2053\"><p>A taxa de turismo n\u00e3o \u00e9 reembols\u00e1vel, pois contribui diretamente para os esfor\u00e7os de conserva\u00e7\u00e3o e para o aprimoramento das instala\u00e7\u00f5es tur\u00edsticas em Bali.<\/p><\/div>\n\t\t\t\t<\/div>\n\t\t\t\t\t\t\t\t<\/div>\n\t\t\t\t<\/div>\n\t\t\t\t<\/div>\n\t\t\t\t<div class=\"elementor-element elementor-element-d1d64b3 elementor-widget elementor-widget-heading\" data-id=\"d1d64b3\" data-element_type=\"widget\" data-widget_type=\"heading.default\">\n\t\t\t\t<div class=\"elementor-widget-container\">\n\t\t\t<h3 class=\"elementor-heading-title elementor-size-default\">Treasure Bali: Seu parceiro em viagens respons\u00e1veis<\/h3>\t\t<\/div>\n\t\t\t\t<\/div>\n\t\t\t\t<div class=\"elementor-element elementor-element-596c48b elementor-widget elementor-widget-text-editor\" data-id=\"596c48b\" data-element_type=\"widget\" data-widget_type=\"text-editor.default\">\n\t\t\t\t<div class=\"elementor-widget-container\">\n\t\t\t\t\t\t\t<p>No Treasure Bali, temos o compromisso de tornar sua visita a Bali n\u00e3o apenas memor\u00e1vel, mas tamb\u00e9m respons\u00e1vel. Ao facilitar o pagamento da taxa de turismo de Bali, ajudamos a garantir que sua visita contribua para a sustentabilidade e a beleza da ilha. Explore Bali com tranquilidade, sabendo que voc\u00ea est\u00e1 apoiando uma Bali mais verde e vibrante para as pr\u00f3ximas gera\u00e7\u00f5es.<\/p>\t\t\t\t\t\t<\/div>\n\t\t\t\t<\/div>\n\t\t\t\t<div class=\"elementor-element elementor-element-fd68862 elementor-widget elementor-widget-text-editor\" data-id=\"fd68862\" data-element_type=\"widget\" data-widget_type=\"text-editor.default\">\n\t\t\t\t<div class=\"elementor-widget-container\">\n\t\t\t\t\t\t\t<p>Treasure Bali Aplica\u00e7\u00e3o como implementa\u00e7\u00e3o do Regulamento Regional N\u00famero 6 de 2023 sobre o Imposto Tur\u00edstico Internacional para a Prote\u00e7\u00e3o da Cultura e do Ambiente Natural de Bali <br \/><a href=\"https:\/\/drive.google.com\/file\/d\/1ILR3pDXAD-rjmEf3XAb2V3hRb5Fjzswq\/view?usp=sharing\" target=\"_blank\" rel=\"noopener\">Fa\u00e7a o download do documento de regulamenta\u00e7\u00e3o aqui.<\/a><\/p>\t\t\t\t\t\t<\/div>\n\t\t\t\t<\/div>\n\t\t\t\t\t<\/div>\n\t\t\t\t<\/div>\n\t\t\t\t<\/div>","protected":false},"excerpt":{"rendered":"<p>Learn about Bali&#8217;s Tourist Tax and pay easily with Treasure Bali. Get all set for your trip with our quick guide and contribute to Bali\u2019s preservation.<\/p>","protected":false},"author":1,"featured_media":0,"parent":0,"menu_order":0,"comment_status":"closed","ping_status":"closed","template":"","meta":{"footnotes":""},"class_list":["post-39","page","type-page","status-publish","hentry"],"_links":{"self":[{"href":"https:\/\/treasurebali.com\/pt\/wp-json\/wp\/v2\/pages\/39","targetHints":{"allow":["GET"]}}],"collection":[{"href":"https:\/\/treasurebali.com\/pt\/wp-json\/wp\/v2\/pages"}],"about":[{"href":"https:\/\/treasurebali.com\/pt\/wp-json\/wp\/v2\/types\/page"}],"author":[{"embeddable":true,"href":"https:\/\/treasurebali.com\/pt\/wp-json\/wp\/v2\/users\/1"}],"replies":[{"embeddable":true,"href":"https:\/\/treasurebali.com\/pt\/wp-json\/wp\/v2\/comments?post=39"}],"version-history":[{"count":10,"href":"https:\/\/treasurebali.com\/pt\/wp-json\/wp\/v2\/pages\/39\/revisions"}],"predecessor-version":[{"id":52,"href":"https:\/\/treasurebali.com\/pt\/wp-json\/wp\/v2\/pages\/39\/revisions\/52"}],"wp:attachment":[{"href":"https:\/\/treasurebali.com\/pt\/wp-json\/wp\/v2\/media?parent=39"}],"curies":[{"name":"wp","href":"https:\/\/api.w.org\/{rel}","templated":true}]}}